{"id":3981,"date":"2023-08-28T13:27:03","date_gmt":"2023-08-28T11:27:03","guid":{"rendered":"https:\/\/maisonvindt.com\/dodavka\/"},"modified":"2024-05-15T12:42:32","modified_gmt":"2024-05-15T10:42:32","slug":"dodavka","status":"publish","type":"page","link":"https:\/\/maisonvindt.com\/cs\/dodavka\/","title":{"rendered":"Dod\u00e1vka"},"content":{"rendered":"\t\t<div data-elementor-type=\"wp-page\" data-elementor-id=\"3981\" class=\"elementor elementor-3981 elementor-3466\" data-elementor-post-type=\"page\">\n\t\t\t\t<div class=\"elementor-element elementor-element-dfd9644 e-flex e-con-boxed e-con e-parent\" data-id=\"dfd9644\" data-element_type=\"container\">\n\t\t\t\t\t<div class=\"e-con-inner\">\n\t\t\t\t<div class=\"elementor-element elementor-element-00beba8 elementor-widget elementor-widget-heading\" data-id=\"00beba8\" data-element_type=\"widget\" data-widget_type=\"heading.default\">\n\t\t\t\t<div class=\"elementor-widget-container\">\n\t\t\t<h2 class=\"elementor-heading-title elementor-size-default\">Dod\u00e1vka<\/h2>\t\t<\/div>\n\t\t\t\t<\/div>\n\t\t\t\t\t<\/div>\n\t\t\t\t<\/div>\n\t\t<div class=\"elementor-element elementor-element-d2bba39 e-flex e-con-boxed e-con e-parent\" data-id=\"d2bba39\" data-element_type=\"container\">\n\t\t\t\t\t<div class=\"e-con-inner\">\n\t\t\t\t<div class=\"elementor-element elementor-element-f31c6ad elementor-widget elementor-widget-text-editor\" data-id=\"f31c6ad\" data-element_type=\"widget\" data-widget_type=\"text-editor.default\">\n\t\t\t\t<div class=\"elementor-widget-container\">\n\t\t\t\t\t\t\t<p>V sou\u010dasn\u00e9 dob\u011b m\u016f\u017eeme va\u0161i z\u00e1silku odeslat do v\u0161ech zem\u00ed Evropsk\u00e9 unie. V p\u0159\u00edpad\u011b vr\u00e1cen\u00ed nebo reklamace hrad\u00ed p\u0159epravu na <strong>vlastn\u00ed n\u00e1klady z\u00e1kazn\u00edk.<\/strong><\/p>\n<\/p>\n<\/p><\/p>\n\t\t\t\t\t\t<\/div>\n\t\t\t\t<\/div>\n\t\t\t\t\t<\/div>\n\t\t\t\t<\/div>\n\t\t\t\t<\/div>\n\t\t","protected":false},"excerpt":{"rendered":"<p>Dod\u00e1vka V sou\u010dasn\u00e9 dob\u011b m\u016f\u017eeme va\u0161i z\u00e1silku odeslat do v\u0161ech zem\u00ed Evropsk\u00e9 unie. V p\u0159\u00edpad\u011b vr\u00e1cen\u00ed nebo reklamace hrad\u00ed p\u0159epravu na vlastn\u00ed n\u00e1klady z\u00e1kazn\u00edk.<\/p>\n","protected":false},"author":78,"featured_media":0,"parent":0,"menu_order":0,"comment_status":"closed","ping_status":"closed","template":"","meta":{"_acf_changed":false,"footnotes":""},"class_list":["post-3981","page","type-page","status-publish","hentry"],"acf":[],"_links":{"self":[{"href":"https:\/\/maisonvindt.com\/cs\/wp-json\/wp\/v2\/pages\/3981"}],"collection":[{"href":"https:\/\/maisonvindt.com\/cs\/wp-json\/wp\/v2\/pages"}],"about":[{"href":"https:\/\/maisonvindt.com\/cs\/wp-json\/wp\/v2\/types\/page"}],"author":[{"embeddable":true,"href":"https:\/\/maisonvindt.com\/cs\/wp-json\/wp\/v2\/users\/78"}],"replies":[{"embeddable":true,"href":"https:\/\/maisonvindt.com\/cs\/wp-json\/wp\/v2\/comments?post=3981"}],"version-history":[{"count":4,"href":"https:\/\/maisonvindt.com\/cs\/wp-json\/wp\/v2\/pages\/3981\/revisions"}],"predecessor-version":[{"id":4040,"href":"https:\/\/maisonvindt.com\/cs\/wp-json\/wp\/v2\/pages\/3981\/revisions\/4040"}],"wp:attachment":[{"href":"https:\/\/maisonvindt.com\/cs\/wp-json\/wp\/v2\/media?parent=3981"}],"curies":[{"name":"wp","href":"https:\/\/api.w.org\/{rel}","templated":true}]}}