{"id":4039,"date":"2023-08-18T20:20:58","date_gmt":"2023-08-18T18:20:58","guid":{"rendered":"https:\/\/maisonvindt.com\/denik\/"},"modified":"2024-05-15T12:42:33","modified_gmt":"2024-05-15T10:42:33","slug":"denik","status":"publish","type":"page","link":"https:\/\/maisonvindt.com\/cs\/denik\/","title":{"rendered":"Den\u00edk"},"content":{"rendered":"\t\t<div data-elementor-type=\"wp-page\" data-elementor-id=\"4039\" class=\"elementor elementor-4039 elementor-3326\" data-elementor-post-type=\"page\">\n\t\t\t\t<div class=\"elementor-element elementor-element-d4fda21 e-flex e-con-boxed e-con e-parent\" data-id=\"d4fda21\" data-element_type=\"container\" data-settings=\"{&quot;background_background&quot;:&quot;classic&quot;}\">\n\t\t\t\t\t<div class=\"e-con-inner\">\n\t\t<div class=\"elementor-element elementor-element-0af41c3 e-con-full e-flex e-con e-parent\" data-id=\"0af41c3\" data-element_type=\"container\">\n\t\t\t\t<div class=\"elementor-element elementor-element-c10e2a3 elementor-widget elementor-widget-heading\" data-id=\"c10e2a3\" data-element_type=\"widget\" data-widget_type=\"heading.default\">\n\t\t\t\t<div class=\"elementor-widget-container\">\n\t\t\t<h1 class=\"elementor-heading-title elementor-size-default\">Kde se o n\u00e1s psalo<\/h1>\t\t<\/div>\n\t\t\t\t<\/div>\n\t\t<a class=\"elementor-element elementor-element-615a875 e-flex e-con-boxed e-con e-parent\" data-id=\"615a875\" data-element_type=\"container\" href=\"https:\/\/www.forbes.sk\/ako-matka-sa-prestala-citit-zensky-preto-zacala-navrhovat-elegantnu-modu-pre-mamy\/\" target=\"_blank\">\n\t\t\t\t\t<div class=\"e-con-inner\">\n\t\t\t\t<div class=\"elementor-element elementor-element-f73ab92 elementor-widget elementor-widget-image\" data-id=\"f73ab92\" data-element_type=\"widget\" data-widget_type=\"image.default\">\n\t\t\t\t<div class=\"elementor-widget-container\">\n\t\t\t\t\t\t\t\t\t\t\t\t\t<img decoding=\"async\" width=\"100\" height=\"25\" src=\"https:\/\/maisonvindt.com\/wp-content\/uploads\/2023\/08\/logo-dark-1.svg\" class=\"attachment-large size-large wp-image-4071\" alt=\"\" \/>\t\t\t\t\t\t\t\t\t\t\t\t\t<\/div>\n\t\t\t\t<\/div>\n\t\t\t\t<div class=\"elementor-element elementor-element-faf2bad elementor-widget elementor-widget-text-editor\" data-id=\"faf2bad\" data-element_type=\"widget\" data-widget_type=\"text-editor.default\">\n\t\t\t\t<div class=\"elementor-widget-container\">\n\t\t\t\t\t\t\t<p>Jako matka se p\u0159estala c\u00edtit \u017eensky. Proto za\u010dala navrhovat elegantn\u00ed m\u00f3du pro maminky.<\/p>\n\t\t\t\t\t\t<\/div>\n\t\t\t\t<\/div>\n\t\t\t\t\t<\/div>\n\t\t\t\t<\/a>\n\t\t<a class=\"elementor-element elementor-element-72e8c5b e-flex e-con-boxed e-con e-parent\" data-id=\"72e8c5b\" data-element_type=\"container\" href=\"https:\/\/www.barborayurkovic.sk\/oblecenie-vhodne-na-dojcenie\/\" target=\"_blank\">\n\t\t\t\t\t<div class=\"e-con-inner\">\n\t\t\t\t<div class=\"elementor-element elementor-element-509d045 elementor-widget elementor-widget-image\" data-id=\"509d045\" data-element_type=\"widget\" data-widget_type=\"image.default\">\n\t\t\t\t<div class=\"elementor-widget-container\">\n\t\t\t\t\t\t\t\t\t\t\t\t\t<img decoding=\"async\" width=\"337\" height=\"40\" src=\"https:\/\/maisonvindt.com\/wp-content\/uploads\/2023\/08\/barbora-logo.png\" class=\"attachment-large size-large wp-image-4072\" alt=\"\" \/>\t\t\t\t\t\t\t\t\t\t\t\t\t<\/div>\n\t\t\t\t<\/div>\n\t\t\t\t<div class=\"elementor-element elementor-element-45c752c elementor-widget elementor-widget-text-editor\" data-id=\"45c752c\" data-element_type=\"widget\" data-widget_type=\"text-editor.default\">\n\t\t\t\t<div class=\"elementor-widget-container\">\n\t\t\t\t\t\t\t<p>Oble\u010den\u00ed vhodn\u00e9 pro kojen\u00ed<\/p>\n\t\t\t\t\t\t<\/div>\n\t\t\t\t<\/div>\n\t\t\t\t\t<\/div>\n\t\t\t\t<\/a>\n\t\t<a class=\"elementor-element elementor-element-d5e4054 e-flex e-con-boxed e-con e-parent\" data-id=\"d5e4054\" data-element_type=\"container\" href=\"https:\/\/www.donnaiveh.com\/2021\/07\/slovak-design-nepretrhni-puto-s-vindt\/\" target=\"_blank\">\n\t\t\t\t\t<div class=\"e-con-inner\">\n\t\t\t\t<div class=\"elementor-element elementor-element-c27e472 elementor-widget elementor-widget-image\" data-id=\"c27e472\" data-element_type=\"widget\" data-widget_type=\"image.default\">\n\t\t\t\t<div class=\"elementor-widget-container\">\n\t\t\t\t\t\t\t\t\t\t\t\t\t<img decoding=\"async\" width=\"516\" height=\"74\" src=\"https:\/\/maisonvindt.com\/wp-content\/uploads\/2023\/08\/donna-iveh-fashion-blog-logo.png\" class=\"attachment-large size-large wp-image-4073\" alt=\"\" \/>\t\t\t\t\t\t\t\t\t\t\t\t\t<\/div>\n\t\t\t\t<\/div>\n\t\t\t\t<div class=\"elementor-element elementor-element-18c5f01 elementor-widget elementor-widget-text-editor\" data-id=\"18c5f01\" data-element_type=\"widget\" data-widget_type=\"text-editor.default\">\n\t\t\t\t<div class=\"elementor-widget-container\">\n\t\t\t\t\t\t\t<p>Slovensk\u00fd design: neporu\u0161ujte pouto s Vindtem<\/p>\n\t\t\t\t\t\t<\/div>\n\t\t\t\t<\/div>\n\t\t\t\t\t<\/div>\n\t\t\t\t<\/a>\n\t\t<a class=\"elementor-element elementor-element-e975d9e e-flex e-con-boxed e-con e-parent\" data-id=\"e975d9e\" data-element_type=\"container\" href=\"https:\/\/www.top-fashion.sk\/vindt-znacka-pre-matky-s-citom-pre-modu\" target=\"_blank\">\n\t\t\t\t\t<div class=\"e-con-inner\">\n\t\t\t\t<div class=\"elementor-element elementor-element-478e825 elementor-widget elementor-widget-image\" data-id=\"478e825\" data-element_type=\"widget\" data-widget_type=\"image.default\">\n\t\t\t\t<div class=\"elementor-widget-container\">\n\t\t\t\t\t\t\t\t\t\t\t\t\t<img loading=\"lazy\" decoding=\"async\" width=\"239\" height=\"20\" src=\"https:\/\/maisonvindt.com\/wp-content\/uploads\/2023\/08\/top-fashion.svg\" class=\"attachment-large size-large wp-image-4074\" alt=\"\" \/>\t\t\t\t\t\t\t\t\t\t\t\t\t<\/div>\n\t\t\t\t<\/div>\n\t\t\t\t<div class=\"elementor-element elementor-element-b31cb03 elementor-widget elementor-widget-text-editor\" data-id=\"b31cb03\" data-element_type=\"widget\" data-widget_type=\"text-editor.default\">\n\t\t\t\t<div class=\"elementor-widget-container\">\n\t\t\t\t\t\t\t<p>Vindt: Zna\u010dka pro matky s citem pro m\u00f3du<\/p>\n\t\t\t\t\t\t<\/div>\n\t\t\t\t<\/div>\n\t\t\t\t\t<\/div>\n\t\t\t\t<\/a>\n\t\t<a class=\"elementor-element elementor-element-9670b06 e-flex e-con-boxed e-con e-parent\" data-id=\"9670b06\" data-element_type=\"container\">\n\t\t\t\t\t<div class=\"e-con-inner\">\n\t\t\t\t<div class=\"elementor-element elementor-element-5ead18d elementor-widget elementor-widget-image\" data-id=\"5ead18d\" data-element_type=\"widget\" data-widget_type=\"image.default\">\n\t\t\t\t<div class=\"elementor-widget-container\">\n\t\t\t\t\t\t\t\t\t\t\t\t\t<img loading=\"lazy\" decoding=\"async\" width=\"653\" height=\"173\" src=\"https:\/\/maisonvindt.com\/wp-content\/uploads\/2023\/08\/madamevalogo.png\" class=\"attachment-large size-large wp-image-4075\" alt=\"\" srcset=\"https:\/\/maisonvindt.com\/wp-content\/uploads\/2023\/08\/madamevalogo.png 653w, https:\/\/maisonvindt.com\/wp-content\/uploads\/2023\/08\/madamevalogo-600x159.png 600w\" sizes=\"(max-width: 653px) 100vw, 653px\" \/>\t\t\t\t\t\t\t\t\t\t\t\t\t<\/div>\n\t\t\t\t<\/div>\n\t\t\t\t\t<\/div>\n\t\t\t\t<\/a>\n\t\t\t\t<\/div>\n\t\t\t\t\t<\/div>\n\t\t\t\t<\/div>\n\t\t\t\t<\/div>\n\t\t","protected":false},"excerpt":{"rendered":"<p>Kde se o n\u00e1s psalo Jako matka se p\u0159estala c\u00edtit \u017eensky. Proto za\u010dala navrhovat elegantn\u00ed m\u00f3du pro maminky. Oble\u010den\u00ed vhodn\u00e9 pro kojen\u00ed Slovensk\u00fd design: neporu\u0161ujte pouto s Vindtem Vindt: Zna\u010dka pro matky s citem pro m\u00f3du<\/p>\n","protected":false},"author":2,"featured_media":0,"parent":0,"menu_order":0,"comment_status":"closed","ping_status":"closed","template":"","meta":{"_acf_changed":false,"footnotes":""},"class_list":["post-4039","page","type-page","status-publish","hentry"],"acf":[],"_links":{"self":[{"href":"https:\/\/maisonvindt.com\/cs\/wp-json\/wp\/v2\/pages\/4039"}],"collection":[{"href":"https:\/\/maisonvindt.com\/cs\/wp-json\/wp\/v2\/pages"}],"about":[{"href":"https:\/\/maisonvindt.com\/cs\/wp-json\/wp\/v2\/types\/page"}],"author":[{"embeddable":true,"href":"https:\/\/maisonvindt.com\/cs\/wp-json\/wp\/v2\/users\/2"}],"replies":[{"embeddable":true,"href":"https:\/\/maisonvindt.com\/cs\/wp-json\/wp\/v2\/comments?post=4039"}],"version-history":[{"count":4,"href":"https:\/\/maisonvindt.com\/cs\/wp-json\/wp\/v2\/pages\/4039\/revisions"}],"predecessor-version":[{"id":4091,"href":"https:\/\/maisonvindt.com\/cs\/wp-json\/wp\/v2\/pages\/4039\/revisions\/4091"}],"wp:attachment":[{"href":"https:\/\/maisonvindt.com\/cs\/wp-json\/wp\/v2\/media?parent=4039"}],"curies":[{"name":"wp","href":"https:\/\/api.w.org\/{rel}","templated":true}]}}