{"id":4113,"date":"2023-04-13T19:41:30","date_gmt":"2023-04-13T17:41:30","guid":{"rendered":"https:\/\/maisonvindt.com\/pribeh\/"},"modified":"2025-12-02T11:22:52","modified_gmt":"2025-12-02T10:22:52","slug":"pribeh","status":"publish","type":"page","link":"https:\/\/maisonvindt.com\/cs\/pribeh\/","title":{"rendered":"P\u0159\u00edb\u011bh"},"content":{"rendered":"\t\t<div data-elementor-type=\"wp-page\" data-elementor-id=\"4113\" class=\"elementor elementor-4113 elementor-2431\" data-elementor-post-type=\"page\">\n\t\t\t\t<div class=\"elementor-element elementor-element-0bf6d92 e-con-full e-flex e-con e-parent\" data-id=\"0bf6d92\" data-element_type=\"container\">\n\t\t<div class=\"elementor-element elementor-element-5eb871c e-con-full e-flex e-con e-child\" data-id=\"5eb871c\" data-element_type=\"container\">\n\t\t\t\t<div class=\"elementor-element elementor-element-ff948b5 elementor-widget elementor-widget-heading\" data-id=\"ff948b5\" data-element_type=\"widget\" data-widget_type=\"heading.default\">\n\t\t\t\t<div class=\"elementor-widget-container\">\n\t\t\t<h3 class=\"elementor-heading-title elementor-size-default\">Vindt znamen\u00e1 \"naj\u00edt\"<\/h3>\t\t<\/div>\n\t\t\t\t<\/div>\n\t\t\t\t<div class=\"elementor-element elementor-element-75cb87a elementor-widget__width-initial elementor-widget elementor-widget-text-editor\" data-id=\"75cb87a\" data-element_type=\"widget\" data-widget_type=\"text-editor.default\">\n\t\t\t\t<div class=\"elementor-widget-container\">\n\t\t\t\t\t\t\t<p><em>naj\u00edt svobodu<\/em><br \/><em>naj\u00edt svobodu v kojen\u00ed <\/em><br \/><em>naj\u00edt svobodu vyj\u00e1d\u0159it sv\u00e9 \u201cja\u201d<\/em><br \/><em>naj\u00edt svobodu b\u00fdt \u017eenou bez kompromiso\u016f<\/em><br \/><em>b\u00fdt matkou bez omezen\u00ed<\/em><\/p>\n<p>Jmenuji se Andrea Vindt, m\u00e1m dv\u011b kr\u00e1sn\u00e9 d\u011bti a pr\u00e1v\u011b mate\u0159stv\u00ed a l\u00e1ska k nim m\u011b inspirovaly k vytvo\u0159en\u00ed zna\u010dky Maison Vindt, kter\u00e1 umo\u017e\u0148uje \u017een\u00e1m c\u00edtit se kr\u00e1sn\u011b, svobodn\u011b a \u017eensky a z\u00e1rove\u0148 m\u00edt mo\u017enost kojit kdykoli a kdekoli. N\u00e1pad vytvo\u0159it takov\u00e9 \u0161aty mi poprv\u00e9 bleskl hlavou, kdy\u017e jsem kojila sv\u00e9 prvn\u00ed d\u00edt\u011b &#8211; dceru Jasm\u00ednu. Na vlastn\u00ed k\u016f\u017ei jsem si vyzkou\u0161ela, co sou\u010dasn\u00fd trh nab\u00edz\u00ed koj\u00edc\u00edm matk\u00e1m. V\u0161echno vypadalo p\u0159\u00edli\u0161 sportovn\u011b, jako tepl\u00e1kov\u00e1 souprava a s viditeln\u00fdm otvorem na prsou. To byl p\u0159esn\u011b ten probl\u00e9m, kter\u00fd jsem se rozhodla vy\u0159e\u0161it.<\/p>\n<p>V roce 2021 jsem uvedla na trh \u0161aty Maison Vintd, kter\u00e9 jsou navr\u017eeny tak, aby umo\u017e\u0148ovaly snadn\u00fd p\u0159\u00edstup k kojen\u00ed, ani\u017e by to m\u011blo vliv na styl. Ka\u017ed\u00fd vol\u00e1nek na na\u0161ich \u0161atech symbolizuje svobodu pohybu a kojen\u00ed, stejn\u011b jako oslavu \u017eenskosti a mate\u0159stv\u00ed. Podporuje my\u0161lenku, \u017ee matky nemus\u00ed p\u0159i kojen\u00ed nebo ods\u00e1v\u00e1n\u00ed ml\u00e9ka sed\u011bt v koutku pro koj\u00edc\u00ed matky nebo se schov\u00e1vat na zap\u00e1chaj\u00edc\u00ed toalet\u011b, ale mohou svobodn\u011b projevovat svou l\u00e1sku a p\u00e9\u010di o sv\u00e9 d\u00edt\u011b, kdekoli a kdykoli cht\u011bj\u00ed.<\/p>\n<p>Na\u0161\u00ed DNA je zip \u2013 symbol spojen\u00ed, symbol na\u0161eho nekompromisn\u00edho z\u00e1vazku k bezpe\u010dn\u00e9mu a pohodln\u00e9mu kojen\u00ed pro matku i d\u00edt\u011b. Cht\u011bla jsem, aby ka\u017ed\u00e1 matka mohla sv\u00e9 d\u00edt\u011b kojit stylov\u011b, bez nutnosti se schov\u00e1vat, bez vyta\u017een\u00fdch tri\u010dek, ale p\u0159edev\u0161\u00edm bez pocitu omezen\u00ed. Proto jsem se rozhodla vytvo\u0159it oble\u010den\u00ed, kter\u00e9 podporuje svobodu kojen\u00ed bez obav a kompromis\u016f.<\/p>\n<p>Toto je p\u0159\u00edb\u011bh Maison Vindt \u2013 zna\u010dky, kter\u00e1 vznikla z l\u00e1sky k d\u011btem. Proto\u017ee l\u00e1ska je emocion\u00e1ln\u00ed, nikoli racion\u00e1ln\u00ed. P\u0159\u00edb\u011bh o svobod\u011b p\u0159i kojen\u00ed a oslav\u011b s\u00edly a kr\u00e1sy \u017eenstv\u00ed. Jsem hrd\u00e1 na to, \u017ee mohu podporovat matky na jejich cest\u011b k tomu, aby sv\u00e9 d\u011bti krmily sebev\u011bdom\u011b, s l\u00e1skou a stylov\u011b.<\/p>\n<p>A pod vol\u00e1nkem se odhaluje pouto \u2013 to je podstata, m\u016fj d\u016fkaz s\u00edly, kr\u00e1sy a odolnosti matek po cel\u00e9m sv\u011bt\u011b.<\/p>\n\t\t\t\t\t\t<\/div>\n\t\t\t\t<\/div>\n\t\t<div class=\"elementor-element elementor-element-8b6dae0 e-flex e-con-boxed e-con e-child\" data-id=\"8b6dae0\" data-element_type=\"container\">\n\t\t\t\t\t<div class=\"e-con-inner\">\n\t\t\t\t<div class=\"elementor-element elementor-element-16da1fd elementor-widget elementor-widget-text-editor\" data-id=\"16da1fd\" data-element_type=\"widget\" data-widget_type=\"text-editor.default\">\n\t\t\t\t<div class=\"elementor-widget-container\">\n\t\t\t\t\t\t\t<p>S l\u00e1skou,<\/p>\n<p>Andrea<\/p>\n\t\t\t\t\t\t<\/div>\n\t\t\t\t<\/div>\n\t\t\t\t<div class=\"elementor-element elementor-element-ef171d4 elementor-widget__width-initial elementor-widget elementor-widget-image\" data-id=\"ef171d4\" data-element_type=\"widget\" data-widget_type=\"image.default\">\n\t\t\t\t<div class=\"elementor-widget-container\">\n\t\t\t\t\t\t\t\t\t\t\t\t\t<img fetchpriority=\"high\" decoding=\"async\" width=\"752\" height=\"343\" src=\"https:\/\/maisonvindt.com\/wp-content\/uploads\/2023\/01\/Identity_element_-3.png\" class=\"attachment-large size-large wp-image-684\" alt=\"\" srcset=\"https:\/\/maisonvindt.com\/wp-content\/uploads\/2023\/01\/Identity_element_-3.png 752w, https:\/\/maisonvindt.com\/wp-content\/uploads\/2023\/01\/Identity_element_-3-600x274.png 600w\" sizes=\"(max-width: 752px) 100vw, 752px\" \/>\t\t\t\t\t\t\t\t\t\t\t\t\t<\/div>\n\t\t\t\t<\/div>\n\t\t\t\t\t<\/div>\n\t\t\t\t<\/div>\n\t\t\t\t<\/div>\n\t\t<div data-dce-background-image-url=\"https:\/\/maisonvindt.com\/wp-content\/uploads\/2024\/04\/IMG_1290-1323x1536.jpg\" class=\"elementor-element elementor-element-1f6c910 e-con-full e-flex e-con e-child\" data-id=\"1f6c910\" data-element_type=\"container\" data-settings=\"{&quot;background_background&quot;:&quot;classic&quot;}\">\n\t\t\t\t<\/div>\n\t\t\t\t<\/div>\n\t\t<div class=\"elementor-element elementor-element-3c78349 e-flex e-con-boxed e-con e-parent\" data-id=\"3c78349\" data-element_type=\"container\" data-settings=\"{&quot;background_background&quot;:&quot;video&quot;}\">\n\t\t\t\t\t<div class=\"e-con-inner\">\n\t\t<div class=\"elementor-element elementor-element-7a8b176 e-flex e-con-boxed e-con e-child\" data-id=\"7a8b176\" data-element_type=\"container\" data-settings=\"{&quot;background_background&quot;:&quot;video&quot;,&quot;background_video_link&quot;:&quot;IMG_4069.mov&quot;}\">\n\t\t\t\t\t<div class=\"e-con-inner\">\n\t\t<div class=\"elementor-background-video-container elementor-hidden-mobile\">\n\t\t\t\t\t\t\t<video class=\"elementor-background-video-hosted elementor-html5-video\" autoplay muted playsinline loop><\/video>\n\t\t\t\t\t<\/div>\t\t<div class=\"elementor-element elementor-element-f6ecf9c elementor-widget elementor-widget-video\" data-id=\"f6ecf9c\" data-element_type=\"widget\" data-settings=\"{&quot;video_type&quot;:&quot;hosted&quot;,&quot;mute&quot;:&quot;yes&quot;,&quot;show_image_overlay&quot;:&quot;yes&quot;,&quot;image_overlay&quot;:{&quot;url&quot;:&quot;https:\\\/\\\/maisonvindt.com\\\/wp-content\\\/uploads\\\/2024\\\/04\\\/IMG_5542.jpg&quot;,&quot;id&quot;:3768,&quot;size&quot;:&quot;&quot;,&quot;alt&quot;:&quot;&quot;,&quot;source&quot;:&quot;library&quot;},&quot;controls&quot;:&quot;yes&quot;}\" data-widget_type=\"video.default\">\n\t\t\t\t<div class=\"elementor-widget-container\">\n\t\t\t\t\t<div class=\"e-hosted-video elementor-wrapper elementor-open-inline\">\n\t\t\t\t\t<video class=\"elementor-video\" src=\"https:\/\/maisonvindt.com\/wp-content\/uploads\/2024\/05\/IMG_4069.mov\" controls=\"\" preload=\"metadata\" muted=\"muted\" controlsList=\"nodownload\"><\/video>\n\t\t\t\t\t\t<div class=\"elementor-custom-embed-image-overlay\" style=\"background-image: url(https:\/\/maisonvindt.com\/wp-content\/uploads\/2024\/04\/IMG_5542.jpg);\">\n\t\t\t\t\t\t\t\t\t\t\t\t\t\t\t\t<div class=\"elementor-custom-embed-play\" role=\"button\" aria-label=\"P\u0159ehr\u00e1t video\" tabindex=\"0\">\n\t\t\t\t\t\t\t<svg aria-hidden=\"true\" class=\"e-font-icon-svg e-fas-play\" viewBox=\"0 0 448 512\" xmlns=\"http:\/\/www.w3.org\/2000\/svg\"><path d=\"M424.4 214.7L72.4 6.6C43.8-10.3 0 6.1 0 47.9V464c0 37.5 40.7 60.1 72.4 41.3l352-208c31.4-18.5 31.5-64.1 0-82.6z\"><\/path><\/svg>\t\t\t\t\t\t\t<span class=\"elementor-screen-only\">P\u0159ehr\u00e1t video<\/span>\n\t\t\t\t\t\t<\/div>\n\t\t\t\t\t\t\t\t\t<\/div>\n\t\t\t\t\t<\/div>\n\t\t\t\t<\/div>\n\t\t\t\t<\/div>\n\t\t\t\t\t<\/div>\n\t\t\t\t<\/div>\n\t\t\t\t<div class=\"elementor-element elementor-element-cef8d23 elementor-widget elementor-widget-video\" data-id=\"cef8d23\" data-element_type=\"widget\" data-settings=\"{&quot;video_type&quot;:&quot;hosted&quot;,&quot;autoplay&quot;:&quot;yes&quot;,&quot;mute&quot;:&quot;yes&quot;,&quot;controls&quot;:&quot;yes&quot;}\" data-widget_type=\"video.default\">\n\t\t\t\t<div class=\"elementor-widget-container\">\n\t\t\t\t\t<div class=\"e-hosted-video elementor-wrapper elementor-open-inline\">\n\t\t\t\t\t<video class=\"elementor-video\" src=\"https:\/\/maisonvindt.com\/wp-content\/uploads\/2024\/05\/video-samo-c.2.mp4\" autoplay=\"\" controls=\"\" muted=\"muted\" controlsList=\"nodownload\"><\/video>\n\t\t\t\t<\/div>\n\t\t\t\t<\/div>\n\t\t\t\t<\/div>\n\t\t\t\t\t<\/div>\n\t\t\t\t<\/div>\n\t\t<div class=\"elementor-element elementor-element-db1a049 e-flex e-con-boxed e-con e-parent\" data-id=\"db1a049\" data-element_type=\"container\">\n\t\t\t\t\t<div class=\"e-con-inner\">\n\t\t\t\t<div class=\"elementor-element elementor-element-279efc4 elementor-widget elementor-widget-video\" data-id=\"279efc4\" data-element_type=\"widget\" data-settings=\"{&quot;video_type&quot;:&quot;hosted&quot;,&quot;autoplay&quot;:&quot;yes&quot;,&quot;mute&quot;:&quot;yes&quot;,&quot;loop&quot;:&quot;yes&quot;,&quot;show_image_overlay&quot;:&quot;yes&quot;,&quot;image_overlay&quot;:{&quot;url&quot;:&quot;https:\\\/\\\/maisonvindt.com\\\/wp-content\\\/uploads\\\/2024\\\/04\\\/vindt.jpg&quot;,&quot;id&quot;:3804,&quot;size&quot;:&quot;&quot;,&quot;alt&quot;:&quot;&quot;,&quot;source&quot;:&quot;library&quot;}}\" data-widget_type=\"video.default\">\n\t\t\t\t<div class=\"elementor-widget-container\">\n\t\t\t\t\t<div class=\"e-hosted-video elementor-wrapper elementor-open-inline\">\n\t\t\t\t\t<video class=\"elementor-video\" src=\"https:\/\/maisonvindt.com\/wp-content\/uploads\/2024\/04\/IMG_7848.mov\" autoplay=\"\" loop=\"\" muted=\"muted\" controlsList=\"nodownload\"><\/video>\n\t\t\t\t\t\t<div class=\"elementor-custom-embed-image-overlay\" style=\"background-image: url(https:\/\/maisonvindt.com\/wp-content\/uploads\/2024\/04\/vindt.jpg);\">\n\t\t\t\t\t\t\t\t\t\t\t\t\t\t\t\t<div class=\"elementor-custom-embed-play\" role=\"button\" aria-label=\"P\u0159ehr\u00e1t video\" tabindex=\"0\">\n\t\t\t\t\t\t\t<svg aria-hidden=\"true\" class=\"e-font-icon-svg e-fas-play\" viewBox=\"0 0 448 512\" xmlns=\"http:\/\/www.w3.org\/2000\/svg\"><path d=\"M424.4 214.7L72.4 6.6C43.8-10.3 0 6.1 0 47.9V464c0 37.5 40.7 60.1 72.4 41.3l352-208c31.4-18.5 31.5-64.1 0-82.6z\"><\/path><\/svg>\t\t\t\t\t\t\t<span class=\"elementor-screen-only\">P\u0159ehr\u00e1t video<\/span>\n\t\t\t\t\t\t<\/div>\n\t\t\t\t\t\t\t\t\t<\/div>\n\t\t\t\t\t<\/div>\n\t\t\t\t<\/div>\n\t\t\t\t<\/div>\n\t\t\t\t\t<\/div>\n\t\t\t\t<\/div>\n\t\t\t\t<\/div>\n\t\t","protected":false},"excerpt":{"rendered":"<p>Vindt znamen\u00e1 &#8220;naj\u00edt&#8221; naj\u00edt svobodunaj\u00edt svobodu v kojen\u00ed naj\u00edt svobodu vyj\u00e1d\u0159it sv\u00e9 \u201cja\u201dnaj\u00edt svobodu b\u00fdt \u017eenou bez kompromiso\u016fb\u00fdt matkou bez omezen\u00ed Jmenuji se Andrea Vindt, m\u00e1m dv\u011b kr\u00e1sn\u00e9 d\u011bti a pr\u00e1v\u011b mate\u0159stv\u00ed a l\u00e1ska k nim m\u011b inspirovaly k vytvo\u0159en\u00ed zna\u010dky Maison Vindt, kter\u00e1 umo\u017e\u0148uje \u017een\u00e1m c\u00edtit se kr\u00e1sn\u011b, svobodn\u011b a \u017eensky a z\u00e1rove\u0148 m\u00edt [&hellip;]<\/p>\n","protected":false},"author":2,"featured_media":0,"parent":0,"menu_order":0,"comment_status":"closed","ping_status":"closed","template":"","meta":{"_acf_changed":false,"footnotes":""},"class_list":["post-4113","page","type-page","status-publish","hentry"],"acf":[],"_links":{"self":[{"href":"https:\/\/maisonvindt.com\/cs\/wp-json\/wp\/v2\/pages\/4113"}],"collection":[{"href":"https:\/\/maisonvindt.com\/cs\/wp-json\/wp\/v2\/pages"}],"about":[{"href":"https:\/\/maisonvindt.com\/cs\/wp-json\/wp\/v2\/types\/page"}],"author":[{"embeddable":true,"href":"https:\/\/maisonvindt.com\/cs\/wp-json\/wp\/v2\/users\/2"}],"replies":[{"embeddable":true,"href":"https:\/\/maisonvindt.com\/cs\/wp-json\/wp\/v2\/comments?post=4113"}],"version-history":[{"count":4,"href":"https:\/\/maisonvindt.com\/cs\/wp-json\/wp\/v2\/pages\/4113\/revisions"}],"predecessor-version":[{"id":6185,"href":"https:\/\/maisonvindt.com\/cs\/wp-json\/wp\/v2\/pages\/4113\/revisions\/6185"}],"wp:attachment":[{"href":"https:\/\/maisonvindt.com\/cs\/wp-json\/wp\/v2\/media?parent=4113"}],"curies":[{"name":"wp","href":"https:\/\/api.w.org\/{rel}","templated":true}]}}