{"id":4584,"date":"2023-01-27T16:05:25","date_gmt":"2023-01-27T15:05:25","guid":{"rendered":"https:\/\/maisonvindt.com\/home\/"},"modified":"2025-12-02T11:32:29","modified_gmt":"2025-12-02T10:32:29","slug":"home","status":"publish","type":"page","link":"https:\/\/maisonvindt.com\/cs\/home\/","title":{"rendered":"\u00davod"},"content":{"rendered":"\t\t<div data-elementor-type=\"wp-page\" data-elementor-id=\"4584\" class=\"elementor elementor-4584 elementor-14\" data-elementor-post-type=\"page\">\n\t\t\t\t<div data-dce-background-image-url=\"https:\/\/maisonvindt.com\/wp-content\/uploads\/2023\/03\/vindt_sep24-136.jpg\" class=\"elementor-element elementor-element-d2da2c5 e-con-full e-flex e-con e-parent\" data-id=\"d2da2c5\" data-element_type=\"container\" data-settings=\"{&quot;background_background&quot;:&quot;classic&quot;}\">\n\t\t<div class=\"elementor-element elementor-element-6daec30 e-con-full e-flex e-con e-child\" data-id=\"6daec30\" data-element_type=\"container\">\n\t\t\t\t<div class=\"elementor-element elementor-element-3abba74 elementor-absolute elementor-widget elementor-widget-image\" data-id=\"3abba74\" data-element_type=\"widget\" data-settings=\"{&quot;_position&quot;:&quot;absolute&quot;}\" data-widget_type=\"image.default\">\n\t\t\t\t<div class=\"elementor-widget-container\">\n\t\t\t\t\t\t\t\t\t\t\t\t\t<img fetchpriority=\"high\" decoding=\"async\" width=\"789\" height=\"926\" src=\"https:\/\/maisonvindt.com\/wp-content\/uploads\/2023\/08\/claim_sk.svg\" class=\"attachment-large size-large wp-image-3288\" alt=\"\" \/>\t\t\t\t\t\t\t\t\t\t\t\t\t<\/div>\n\t\t\t\t<\/div>\n\t\t\t\t<\/div>\n\t\t\t\t<\/div>\n\t\t<div class=\"elementor-element elementor-element-c4901a8 e-con-full e-flex e-con e-parent\" data-id=\"c4901a8\" data-element_type=\"container\">\n\t\t<div class=\"elementor-element elementor-element-e6903c3 e-con-full e-flex e-con e-child\" data-id=\"e6903c3\" data-element_type=\"container\">\n\t\t<div class=\"elementor-element elementor-element-ff2085d e-con-full e-flex e-con e-child\" data-id=\"ff2085d\" data-element_type=\"container\">\n\t\t\t\t<div class=\"elementor-element elementor-element-7db7b8e elementor-widget elementor-widget-heading\" data-id=\"7db7b8e\" data-element_type=\"widget\" data-widget_type=\"heading.default\">\n\t\t\t\t<div class=\"elementor-widget-container\">\n\t\t\t<h4 class=\"elementor-heading-title elementor-size-default\">Vindt znamen\u00e1 \u201enaj\u00edt\u201c.<\/h4>\t\t<\/div>\n\t\t\t\t<\/div>\n\t\t\t\t<div class=\"elementor-element elementor-element-7cab9e8 elementor-widget elementor-widget-heading\" data-id=\"7cab9e8\" data-element_type=\"widget\" data-widget_type=\"heading.default\">\n\t\t\t\t<div class=\"elementor-widget-container\">\n\t\t\t<div class=\"elementor-heading-title elementor-size-default\">Najd\u011bte svobodu kojen\u00ed. Najd\u011bte svobodu vyj\u00e1d\u0159it sv\u00e9 prav\u00e9 J\u00c1. Najd\u011bte svobodu b\u00fdt \u017eenou, matkou bez omezen\u00ed a kompromis\u016f.<\/div>\t\t<\/div>\n\t\t\t\t<\/div>\n\t\t\t\t<div class=\"elementor-element elementor-element-52a8db1 elementor-align-center elementor-widget elementor-widget-button\" data-id=\"52a8db1\" data-element_type=\"widget\" data-widget_type=\"button.default\">\n\t\t\t\t<div class=\"elementor-widget-container\">\n\t\t\t\t\t\t\t<div class=\"elementor-button-wrapper\">\n\t\t\t\t\t<a class=\"elementor-button elementor-button-link elementor-size-xs\" href=\"https:\/\/maisonvindt.com\/boutique\/\">\n\t\t\t\t\t\t<span class=\"elementor-button-content-wrapper\">\n\t\t\t\t\t\t\t\t\t<span class=\"elementor-button-text\">N\u00e1\u0161 p\u0159\u00edb\u011bh<\/span>\n\t\t\t\t\t<\/span>\n\t\t\t\t\t<\/a>\n\t\t\t\t<\/div>\n\t\t\t\t\t\t<\/div>\n\t\t\t\t<\/div>\n\t\t\t\t<\/div>\n\t\t<div class=\"elementor-element elementor-element-9749edd e-con-full e-flex e-con e-child\" data-id=\"9749edd\" data-element_type=\"container\" data-settings=\"{&quot;background_background&quot;:&quot;video&quot;,&quot;background_play_on_mobile&quot;:&quot;yes&quot;,&quot;background_privacy_mode&quot;:&quot;yes&quot;}\">\n\t\t\t\t<div class=\"elementor-element elementor-element-60bab16 elementor-widget elementor-widget-spacer\" data-id=\"60bab16\" data-element_type=\"widget\" data-widget_type=\"spacer.default\">\n\t\t\t\t<div class=\"elementor-widget-container\">\n\t\t\t\t\t<div class=\"elementor-spacer\">\n\t\t\t<div class=\"elementor-spacer-inner\"><\/div>\n\t\t<\/div>\n\t\t\t\t<\/div>\n\t\t\t\t<\/div>\n\t\t\t\t<\/div>\n\t\t\t\t<\/div>\n\t\t\t\t<\/div>\n\t\t<div class=\"elementor-element elementor-element-c3da67d e-con-full e-flex e-con e-parent\" data-id=\"c3da67d\" data-element_type=\"container\">\n\t\t<div class=\"elementor-element elementor-element-f920826 e-con-full e-flex e-con e-child\" data-id=\"f920826\" data-element_type=\"container\">\n\t\t<div data-dce-background-image-url=\"https:\/\/maisonvindt.com\/wp-content\/uploads\/2024\/04\/1A051A34-707B-4E79-BCEF-B9522ED2BE55-2.jpg\" class=\"elementor-element elementor-element-4bfbc04 e-con-full e-flex e-con e-child\" data-id=\"4bfbc04\" data-element_type=\"container\" data-settings=\"{&quot;background_background&quot;:&quot;classic&quot;}\">\n\t\t\t\t<div class=\"elementor-element elementor-element-f269f5c elementor-widget elementor-widget-spacer\" data-id=\"f269f5c\" data-element_type=\"widget\" data-widget_type=\"spacer.default\">\n\t\t\t\t<div class=\"elementor-widget-container\">\n\t\t\t\t\t<div class=\"elementor-spacer\">\n\t\t\t<div class=\"elementor-spacer-inner\"><\/div>\n\t\t<\/div>\n\t\t\t\t<\/div>\n\t\t\t\t<\/div>\n\t\t\t\t<\/div>\n\t\t<div class=\"elementor-element elementor-element-3011301 e-con-full e-flex e-con e-child\" data-id=\"3011301\" data-element_type=\"container\">\n\t\t\t\t<div class=\"elementor-element elementor-element-46ca284 elementor-widget elementor-widget-heading\" data-id=\"46ca284\" data-element_type=\"widget\" data-widget_type=\"heading.default\">\n\t\t\t\t<div class=\"elementor-widget-container\">\n\t\t\t<h4 class=\"elementor-heading-title elementor-size-default\">Svoboda kojen\u00ed<\/h4>\t\t<\/div>\n\t\t\t\t<\/div>\n\t\t\t\t<div class=\"elementor-element elementor-element-8aa12e7 elementor-widget elementor-widget-heading\" data-id=\"8aa12e7\" data-element_type=\"widget\" data-widget_type=\"heading.default\">\n\t\t\t\t<div class=\"elementor-widget-container\">\n\t\t\t<div class=\"elementor-heading-title elementor-size-default\">Zipy jsou sou\u010d\u00e1st\u00ed na\u0161\u00ed DNA \u2013 jsou diskr\u00e9tn\u00edm, ale v\u00fdznamn\u00fdm symbolem spojen\u00ed, symbolem na\u0161eho nekompromisn\u00edho z\u00e1vazku k bezpe\u010dn\u00e9mu a pohodln\u00e9mu kojen\u00ed pro matku i d\u00edt\u011b. <\/div>\t\t<\/div>\n\t\t\t\t<\/div>\n\t\t\t\t<div class=\"elementor-element elementor-element-15cf41b elementor-align-center elementor-widget elementor-widget-button\" data-id=\"15cf41b\" data-element_type=\"widget\" data-widget_type=\"button.default\">\n\t\t\t\t<div class=\"elementor-widget-container\">\n\t\t\t\t\t\t\t<div class=\"elementor-button-wrapper\">\n\t\t\t\t\t<a class=\"elementor-button elementor-button-link elementor-size-xs\" href=\"https:\/\/maisonvindt.com\/cs\/obchod\/\">\n\t\t\t\t\t\t<span class=\"elementor-button-content-wrapper\">\n\t\t\t\t\t\t\t\t\t<span class=\"elementor-button-text\">Prohl\u00e9dn\u011bte si kolekci<\/span>\n\t\t\t\t\t<\/span>\n\t\t\t\t\t<\/a>\n\t\t\t\t<\/div>\n\t\t\t\t\t\t<\/div>\n\t\t\t\t<\/div>\n\t\t\t\t<\/div>\n\t\t\t\t<\/div>\n\t\t\t\t<\/div>\n\t\t<div class=\"elementor-element elementor-element-2db3f6e e-con-full e-flex e-con e-parent\" data-id=\"2db3f6e\" data-element_type=\"container\">\n\t\t<div class=\"elementor-element elementor-element-f64526e e-con-full e-flex e-con e-child\" data-id=\"f64526e\" data-element_type=\"container\">\n\t\t<div class=\"elementor-element elementor-element-b1cc20d e-con-full e-flex e-con e-child\" data-id=\"b1cc20d\" data-element_type=\"container\">\n\t\t\t\t<div class=\"elementor-element elementor-element-a4ea793 elementor-widget elementor-widget-heading\" data-id=\"a4ea793\" data-element_type=\"widget\" data-widget_type=\"heading.default\">\n\t\t\t\t<div class=\"elementor-widget-container\">\n\t\t\t<h4 class=\"elementor-heading-title elementor-size-default\">SVOBODA POHYBU<\/h4>\t\t<\/div>\n\t\t\t\t<\/div>\n\t\t\t\t<div class=\"elementor-element elementor-element-32ca3a8 elementor-widget elementor-widget-heading\" data-id=\"32ca3a8\" data-element_type=\"widget\" data-widget_type=\"heading.default\">\n\t\t\t\t<div class=\"elementor-widget-container\">\n\t\t\t<div class=\"elementor-heading-title elementor-size-default\">Ka\u017ed\u00fd vol\u00e1nek na na\u0161ich \u0161atech symbolizuje svobodu pohybu a kojen\u00ed, stejn\u011b jako oslavu \u017eenskosti a mate\u0159stv\u00ed. Podporuje my\u0161lenku, \u017ee matky nemus\u00ed p\u0159i kojen\u00ed nebo ods\u00e1v\u00e1n\u00ed ml\u00e9ka sed\u011bt v koutku pro koj\u00edc\u00ed matky nebo se schov\u00e1vat na zap\u00e1chaj\u00edc\u00ed toalet\u011b, ale mohou svobodn\u011b projevovat svou l\u00e1sku a p\u00e9\u010di o sv\u00e9 d\u00edt\u011b, kdekoli a kdykoli cht\u011bj\u00ed.<\/div>\t\t<\/div>\n\t\t\t\t<\/div>\n\t\t\t\t<div class=\"elementor-element elementor-element-b6bea94 elementor-align-center elementor-widget elementor-widget-button\" data-id=\"b6bea94\" data-element_type=\"widget\" data-widget_type=\"button.default\">\n\t\t\t\t<div class=\"elementor-widget-container\">\n\t\t\t\t\t\t\t<div class=\"elementor-button-wrapper\">\n\t\t\t\t\t<a class=\"elementor-button elementor-button-link elementor-size-xs\" href=\"https:\/\/maisonvindt.com\/cs\/kontakt\/\">\n\t\t\t\t\t\t<span class=\"elementor-button-content-wrapper\">\n\t\t\t\t\t\t\t\t\t<span class=\"elementor-button-text\">Nav\u0161tivte n\u00e1s<\/span>\n\t\t\t\t\t<\/span>\n\t\t\t\t\t<\/a>\n\t\t\t\t<\/div>\n\t\t\t\t\t\t<\/div>\n\t\t\t\t<\/div>\n\t\t\t\t<\/div>\n\t\t<div data-dce-background-image-url=\"https:\/\/maisonvindt.com\/wp-content\/uploads\/2024\/04\/IMG_1513-scaled.jpg\" class=\"elementor-element elementor-element-c58297d e-con-full e-flex e-con e-child\" data-id=\"c58297d\" data-element_type=\"container\" data-settings=\"{&quot;background_background&quot;:&quot;classic&quot;}\">\n\t\t\t\t<div class=\"elementor-element elementor-element-80c3c49 elementor-widget elementor-widget-spacer\" data-id=\"80c3c49\" data-element_type=\"widget\" data-widget_type=\"spacer.default\">\n\t\t\t\t<div class=\"elementor-widget-container\">\n\t\t\t\t\t<div class=\"elementor-spacer\">\n\t\t\t<div class=\"elementor-spacer-inner\"><\/div>\n\t\t<\/div>\n\t\t\t\t<\/div>\n\t\t\t\t<\/div>\n\t\t\t\t<\/div>\n\t\t\t\t<\/div>\n\t\t\t\t<\/div>\n\t\t<div class=\"elementor-element elementor-element-c026f1a e-con-full e-flex e-con e-parent\" data-id=\"c026f1a\" data-element_type=\"container\">\n\t\t<div class=\"elementor-element elementor-element-b460395 e-con-full e-flex e-con e-child\" data-id=\"b460395\" data-element_type=\"container\">\n\t\t<div data-dce-background-image-url=\"https:\/\/maisonvindt.com\/wp-content\/uploads\/2023\/04\/Lottie-7.jpg\" class=\"elementor-element elementor-element-95ab5fd e-con-full e-flex e-con e-child\" data-id=\"95ab5fd\" data-element_type=\"container\" data-settings=\"{&quot;background_background&quot;:&quot;classic&quot;}\">\n\t\t\t\t<div class=\"elementor-element elementor-element-8401a0f elementor-widget elementor-widget-spacer\" data-id=\"8401a0f\" data-element_type=\"widget\" data-widget_type=\"spacer.default\">\n\t\t\t\t<div class=\"elementor-widget-container\">\n\t\t\t\t\t<div class=\"elementor-spacer\">\n\t\t\t<div class=\"elementor-spacer-inner\"><\/div>\n\t\t<\/div>\n\t\t\t\t<\/div>\n\t\t\t\t<\/div>\n\t\t\t\t<\/div>\n\t\t<div class=\"elementor-element elementor-element-1477f8c e-con-full e-flex e-con e-child\" data-id=\"1477f8c\" data-element_type=\"container\">\n\t\t\t\t<div class=\"elementor-element elementor-element-57eabcf elementor-widget elementor-widget-heading\" data-id=\"57eabcf\" data-element_type=\"widget\" data-widget_type=\"heading.default\">\n\t\t\t\t<div class=\"elementor-widget-container\">\n\t\t\t<h4 class=\"elementor-heading-title elementor-size-default\">Stylov\u00fd a funk\u010dn\u00ed <\/h4>\t\t<\/div>\n\t\t\t\t<\/div>\n\t\t\t\t<div class=\"elementor-element elementor-element-fd6cee9 elementor-widget elementor-widget-heading\" data-id=\"fd6cee9\" data-element_type=\"widget\" data-widget_type=\"heading.default\">\n\t\t\t\t<div class=\"elementor-widget-container\">\n\t\t\t<div class=\"elementor-heading-title elementor-size-default\">Nad\u010dasov\u00fd design s p\u0159izp\u016fsobiv\u00fdm a origin\u00e1ln\u00edm st\u0159ihem. Funk\u010dn\u00ed a z\u00e1rove\u0148 sofistikovan\u00e9 oble\u010den\u00ed pro \u017eeny, kter\u00e9 se cht\u011bj\u00ed c\u00edtit svobodn\u011b za v\u0161ech okolnost\u00ed.<\/div>\t\t<\/div>\n\t\t\t\t<\/div>\n\t\t\t\t<div class=\"elementor-element elementor-element-98e9fa4 elementor-align-center elementor-widget elementor-widget-button\" data-id=\"98e9fa4\" data-element_type=\"widget\" data-widget_type=\"button.default\">\n\t\t\t\t<div class=\"elementor-widget-container\">\n\t\t\t\t\t\t\t<div class=\"elementor-button-wrapper\">\n\t\t\t\t\t<a class=\"elementor-button elementor-button-link elementor-size-xs\" href=\"https:\/\/maisonvindt.com\/cs\/obchod\/\">\n\t\t\t\t\t\t<span class=\"elementor-button-content-wrapper\">\n\t\t\t\t\t\t\t\t\t<span class=\"elementor-button-text\">Prohl\u00e9dn\u011bte si kolekci<\/span>\n\t\t\t\t\t<\/span>\n\t\t\t\t\t<\/a>\n\t\t\t\t<\/div>\n\t\t\t\t\t\t<\/div>\n\t\t\t\t<\/div>\n\t\t\t\t<\/div>\n\t\t\t\t<\/div>\n\t\t\t\t<\/div>\n\t\t<div class=\"elementor-element elementor-element-208b416 e-flex e-con-boxed e-con e-parent\" data-id=\"208b416\" data-element_type=\"container\">\n\t\t\t\t\t<div class=\"e-con-inner\">\n\t\t\t\t<div class=\"elementor-element elementor-element-1dc6e77 elementor-widget elementor-widget-video\" data-id=\"1dc6e77\" data-element_type=\"widget\" data-settings=\"{&quot;video_type&quot;:&quot;hosted&quot;,&quot;autoplay&quot;:&quot;yes&quot;,&quot;mute&quot;:&quot;yes&quot;,&quot;loop&quot;:&quot;yes&quot;,&quot;show_image_overlay&quot;:&quot;yes&quot;,&quot;image_overlay&quot;:{&quot;url&quot;:&quot;https:\\\/\\\/maisonvindt.com\\\/wp-content\\\/uploads\\\/2024\\\/04\\\/IMG_3216-1-scaled.jpg&quot;,&quot;id&quot;:5070,&quot;size&quot;:&quot;&quot;,&quot;alt&quot;:&quot;&quot;,&quot;source&quot;:&quot;library&quot;},&quot;controls&quot;:&quot;yes&quot;}\" data-widget_type=\"video.default\">\n\t\t\t\t<div class=\"elementor-widget-container\">\n\t\t\t\t\t<div class=\"e-hosted-video elementor-wrapper elementor-open-inline\">\n\t\t\t\t\t<video class=\"elementor-video\" src=\"https:\/\/maisonvindt.com\/wp-content\/uploads\/2024\/05\/01_PRODUKTOVE_VIDEO_Luna-dress-neon-ruzovy.mp4\" autoplay=\"\" loop=\"\" controls=\"\" muted=\"muted\" controlsList=\"nodownload\"><\/video>\n\t\t\t\t\t\t<div class=\"elementor-custom-embed-image-overlay\" style=\"background-image: url(https:\/\/maisonvindt.com\/wp-content\/uploads\/2024\/04\/IMG_3216-1-scaled.jpg);\">\n\t\t\t\t\t\t\t\t\t\t\t\t\t\t\t\t<div class=\"elementor-custom-embed-play\" role=\"button\" aria-label=\"P\u0159ehr\u00e1t video\" tabindex=\"0\">\n\t\t\t\t\t\t\t<svg aria-hidden=\"true\" class=\"e-font-icon-svg e-fas-play\" viewBox=\"0 0 448 512\" xmlns=\"http:\/\/www.w3.org\/2000\/svg\"><path d=\"M424.4 214.7L72.4 6.6C43.8-10.3 0 6.1 0 47.9V464c0 37.5 40.7 60.1 72.4 41.3l352-208c31.4-18.5 31.5-64.1 0-82.6z\"><\/path><\/svg>\t\t\t\t\t\t\t<span class=\"elementor-screen-only\">P\u0159ehr\u00e1t video<\/span>\n\t\t\t\t\t\t<\/div>\n\t\t\t\t\t\t\t\t\t<\/div>\n\t\t\t\t\t<\/div>\n\t\t\t\t<\/div>\n\t\t\t\t<\/div>\n\t\t\t\t\t<\/div>\n\t\t\t\t<\/div>\n\t\t\t\t<\/div>\n\t\t","protected":false},"excerpt":{"rendered":"<p>Vindt znamen\u00e1 \u201enaj\u00edt\u201c. Najd\u011bte svobodu kojen\u00ed. Najd\u011bte svobodu vyj\u00e1d\u0159it sv\u00e9 prav\u00e9 J\u00c1. Najd\u011bte svobodu b\u00fdt \u017eenou, matkou bez omezen\u00ed a kompromis\u016f. N\u00e1\u0161 p\u0159\u00edb\u011bh Svoboda kojen\u00ed Zipy jsou sou\u010d\u00e1st\u00ed na\u0161\u00ed DNA \u2013 jsou diskr\u00e9tn\u00edm, ale v\u00fdznamn\u00fdm symbolem spojen\u00ed, symbolem na\u0161eho nekompromisn\u00edho z\u00e1vazku k bezpe\u010dn\u00e9mu a pohodln\u00e9mu kojen\u00ed pro matku i d\u00edt\u011b. Prohl\u00e9dn\u011bte si kolekci SVOBODA POHYBU [&hellip;]<\/p>\n","protected":false},"author":1,"featured_media":0,"parent":0,"menu_order":0,"comment_status":"closed","ping_status":"closed","template":"","meta":{"_acf_changed":false,"footnotes":""},"class_list":["post-4584","page","type-page","status-publish","hentry"],"acf":[],"_links":{"self":[{"href":"https:\/\/maisonvindt.com\/cs\/wp-json\/wp\/v2\/pages\/4584"}],"collection":[{"href":"https:\/\/maisonvindt.com\/cs\/wp-json\/wp\/v2\/pages"}],"about":[{"href":"https:\/\/maisonvindt.com\/cs\/wp-json\/wp\/v2\/types\/page"}],"author":[{"embeddable":true,"href":"https:\/\/maisonvindt.com\/cs\/wp-json\/wp\/v2\/users\/1"}],"replies":[{"embeddable":true,"href":"https:\/\/maisonvindt.com\/cs\/wp-json\/wp\/v2\/comments?post=4584"}],"version-history":[{"count":3,"href":"https:\/\/maisonvindt.com\/cs\/wp-json\/wp\/v2\/pages\/4584\/revisions"}],"predecessor-version":[{"id":6187,"href":"https:\/\/maisonvindt.com\/cs\/wp-json\/wp\/v2\/pages\/4584\/revisions\/6187"}],"wp:attachment":[{"href":"https:\/\/maisonvindt.com\/cs\/wp-json\/wp\/v2\/media?parent=4584"}],"curies":[{"name":"wp","href":"https:\/\/api.w.org\/{rel}","templated":true}]}}