{"id":4592,"date":"2023-03-03T17:16:39","date_gmt":"2023-03-03T16:16:39","guid":{"rendered":"https:\/\/maisonvindt.com\/kontakt\/"},"modified":"2024-05-15T12:47:46","modified_gmt":"2024-05-15T10:47:46","slug":"kontakt","status":"publish","type":"page","link":"https:\/\/maisonvindt.com\/cs\/kontakt\/","title":{"rendered":"Kontakt"},"content":{"rendered":"\t\t<div data-elementor-type=\"wp-page\" data-elementor-id=\"4592\" class=\"elementor elementor-4592 elementor-659\" data-elementor-post-type=\"page\">\n\t\t\t\t<div class=\"elementor-element elementor-element-af68bf9 e-con-full e-flex e-con e-parent\" data-id=\"af68bf9\" data-element_type=\"container\">\n\t\t<div class=\"elementor-element elementor-element-0ac4b6e e-con-full e-flex e-con e-child\" data-id=\"0ac4b6e\" data-element_type=\"container\">\n\t\t<div class=\"elementor-element elementor-element-eda5782 e-con-full e-flex e-con e-child\" data-id=\"eda5782\" data-element_type=\"container\">\n\t\t\t\t<div data-dce-advanced-background-color=\"#F8F8F8\" class=\"elementor-element elementor-element-38e154b elementor-widget__width-auto elementor-view-default elementor-widget elementor-widget-icon\" data-id=\"38e154b\" data-element_type=\"widget\" data-widget_type=\"icon.default\">\n\t\t\t\t<div class=\"elementor-widget-container\">\n\t\t\t\t\t<div class=\"elementor-icon-wrapper\">\n\t\t\t<div class=\"elementor-icon\">\n\t\t\t<i aria-hidden=\"true\" class=\"icon icon-map-marker\"><\/i>\t\t\t<\/div>\n\t\t<\/div>\n\t\t\t\t<\/div>\n\t\t\t\t<\/div>\n\t\t\t\t<div class=\"elementor-element elementor-element-5c904d7 elementor-widget__width-auto elementor-widget-mobile__width-inherit elementor-widget elementor-widget-icon-box\" data-id=\"5c904d7\" data-element_type=\"widget\" data-widget_type=\"icon-box.default\">\n\t\t\t\t<div class=\"elementor-widget-container\">\n\t\t\t\t\t<div class=\"elementor-icon-box-wrapper\">\n\n\t\t\t\n\t\t\t\t\t\t<div class=\"elementor-icon-box-content\">\n\n\t\t\t\t\t\t\t\t\t<h5 class=\"elementor-icon-box-title\">\n\t\t\t\t\t\t<span  >\n\t\t\t\t\t\t\tAdresa\t\t\t\t\t\t<\/span>\n\t\t\t\t\t<\/h5>\n\t\t\t\t\n\t\t\t\t\t\t\t\t\t<p class=\"elementor-icon-box-description\">\n\t\t\t\t\t\tP\u0159edv\u00e1d\u011bc\u00ed m\u00edstnost<br>Kov\u00e1\u010dska 11, Ko\u0161ice 04001, Slovensko\t\t\t\t\t<\/p>\n\t\t\t\t\n\t\t\t<\/div>\n\t\t\t\n\t\t<\/div>\n\t\t\t\t<\/div>\n\t\t\t\t<\/div>\n\t\t\t\t<\/div>\n\t\t<div class=\"elementor-element elementor-element-b3eb646 e-con-full e-flex e-con e-child\" data-id=\"b3eb646\" data-element_type=\"container\">\n\t\t\t\t<div data-dce-advanced-background-color=\"#F8F8F8\" class=\"elementor-element elementor-element-1247184 elementor-widget__width-auto elementor-view-default elementor-widget elementor-widget-icon\" data-id=\"1247184\" data-element_type=\"widget\" data-widget_type=\"icon.default\">\n\t\t\t\t<div class=\"elementor-widget-container\">\n\t\t\t\t\t<div class=\"elementor-icon-wrapper\">\n\t\t\t<div class=\"elementor-icon\">\n\t\t\t<i aria-hidden=\"true\" class=\"icon icon-envelope3\"><\/i>\t\t\t<\/div>\n\t\t<\/div>\n\t\t\t\t<\/div>\n\t\t\t\t<\/div>\n\t\t\t\t<div class=\"elementor-element elementor-element-6636d30 elementor-widget__width-auto elementor-widget-mobile__width-inherit elementor-widget elementor-widget-icon-box\" data-id=\"6636d30\" data-element_type=\"widget\" data-widget_type=\"icon-box.default\">\n\t\t\t\t<div class=\"elementor-widget-container\">\n\t\t\t\t\t<div class=\"elementor-icon-box-wrapper\">\n\n\t\t\t\n\t\t\t\t\t\t<div class=\"elementor-icon-box-content\">\n\n\t\t\t\t\t\t\t\t\t<h5 class=\"elementor-icon-box-title\">\n\t\t\t\t\t\t<a href=\"mailto:info@maisonvindt.com\" >\n\t\t\t\t\t\t\t E-mail\t\t\t\t\t\t<\/a>\n\t\t\t\t\t<\/h5>\n\t\t\t\t\n\t\t\t\t\t\t\t\t\t<p class=\"elementor-icon-box-description\">\n\t\t\t\t\t\tinfo@maisonvindt.com\t\t\t\t\t<\/p>\n\t\t\t\t\n\t\t\t<\/div>\n\t\t\t\n\t\t<\/div>\n\t\t\t\t<\/div>\n\t\t\t\t<\/div>\n\t\t\t\t<\/div>\n\t\t<div class=\"elementor-element elementor-element-ab81c87 e-con-full e-flex e-con e-child\" data-id=\"ab81c87\" data-element_type=\"container\">\n\t\t\t\t<div data-dce-advanced-background-color=\"#F8F8F8\" class=\"elementor-element elementor-element-6519101 elementor-widget__width-auto elementor-view-default elementor-widget elementor-widget-icon\" data-id=\"6519101\" data-element_type=\"widget\" data-widget_type=\"icon.default\">\n\t\t\t\t<div class=\"elementor-widget-container\">\n\t\t\t\t\t<div class=\"elementor-icon-wrapper\">\n\t\t\t<div class=\"elementor-icon\">\n\t\t\t<i aria-hidden=\"true\" class=\"icon icon-phone-call2\"><\/i>\t\t\t<\/div>\n\t\t<\/div>\n\t\t\t\t<\/div>\n\t\t\t\t<\/div>\n\t\t\t\t<div class=\"elementor-element elementor-element-6e17540 elementor-widget__width-auto elementor-widget-mobile__width-inherit elementor-widget elementor-widget-icon-box\" data-id=\"6e17540\" data-element_type=\"widget\" data-widget_type=\"icon-box.default\">\n\t\t\t\t<div class=\"elementor-widget-container\">\n\t\t\t\t\t<div class=\"elementor-icon-box-wrapper\">\n\n\t\t\t\n\t\t\t\t\t\t<div class=\"elementor-icon-box-content\">\n\n\t\t\t\t\t\t\t\t\t<h5 class=\"elementor-icon-box-title\">\n\t\t\t\t\t\t<a href=\"tel:+421905195919\" >\n\t\t\t\t\t\t\tTelefon\t\t\t\t\t\t<\/a>\n\t\t\t\t\t<\/h5>\n\t\t\t\t\n\t\t\t\t\t\t\t\t\t<p class=\"elementor-icon-box-description\">\n\t\t\t\t\t\t+421 905 195 919\t\t\t\t\t<\/p>\n\t\t\t\t\n\t\t\t<\/div>\n\t\t\t\n\t\t<\/div>\n\t\t\t\t<\/div>\n\t\t\t\t<\/div>\n\t\t\t\t<\/div>\n\t\t\t\t<\/div>\n\t\t<div class=\"elementor-element elementor-element-ebe5211 e-con-full e-flex e-con e-child\" data-id=\"ebe5211\" data-element_type=\"container\">\n\t\t\t\t<div class=\"elementor-element elementor-element-bd5f416 elementor-widget elementor-widget-image\" data-id=\"bd5f416\" data-element_type=\"widget\" data-widget_type=\"image.default\">\n\t\t\t\t<div class=\"elementor-widget-container\">\n\t\t\t\t\t\t\t\t\t\t\t\t\t<img fetchpriority=\"high\" decoding=\"async\" width=\"1829\" height=\"2560\" src=\"https:\/\/maisonvindt.com\/wp-content\/uploads\/2023\/07\/IMG_9661-Edit-copy-2-scaled.jpg\" class=\"attachment-full size-full wp-image-3213\" alt=\"\" \/>\t\t\t\t\t\t\t\t\t\t\t\t\t<\/div>\n\t\t\t\t<\/div>\n\t\t\t\t<\/div>\n\t\t\t\t<\/div>\n\t\t<div class=\"elementor-element elementor-element-3acf4d8 e-con-full e-flex e-con e-parent\" data-id=\"3acf4d8\" data-element_type=\"container\">\n\t\t<div class=\"elementor-element elementor-element-959d808 e-con-full e-flex e-con e-child\" data-id=\"959d808\" data-element_type=\"container\">\n\t\t\t\t<div class=\"elementor-element elementor-element-7a375b2 elementor-widget elementor-widget-image\" data-id=\"7a375b2\" data-element_type=\"widget\" data-widget_type=\"image.default\">\n\t\t\t\t<div class=\"elementor-widget-container\">\n\t\t\t\t\t\t\t\t\t\t\t\t\t<img decoding=\"async\" src=\"https:\/\/maisonvindt.com\/wp-content\/uploads\/elementor\/thumbs\/H0A9977-kopie-scaled-e1688427470878-qwqwe61l3atlaclpiwaeuazy85qgez0b3s8h89774w.jpg\" title=\"_H0A9977 kopie\" alt=\"_H0A9977 kopie\" loading=\"lazy\" \/>\t\t\t\t\t\t\t\t\t\t\t\t\t<\/div>\n\t\t\t\t<\/div>\n\t\t\t\t<\/div>\n\t\t<div class=\"elementor-element elementor-element-2dec83e e-con-full e-flex e-con e-child\" data-id=\"2dec83e\" data-element_type=\"container\">\n\t\t\t\t<div class=\"elementor-element elementor-element-cdcd1f3 elementor-widget__width-initial elementor-button-align-stretch elementor-widget elementor-widget-form\" data-id=\"cdcd1f3\" data-element_type=\"widget\" data-settings=\"{&quot;step_next_label&quot;:&quot;Dal\\u0161\\u00ed&quot;,&quot;step_previous_label&quot;:&quot;P\\u0159edchoz\\u00ed&quot;,&quot;button_width&quot;:&quot;100&quot;,&quot;step_type&quot;:&quot;number_text&quot;,&quot;step_icon_shape&quot;:&quot;circle&quot;}\" data-widget_type=\"form.default\">\n\t\t\t\t<div class=\"elementor-widget-container\">\n\t\t\t    <script>\r\n    jQuery(document).ready(function() {\r\n      jQuery(\".elementor-form\").on('submit', function() {\r\n        var submittedForm = jQuery(this);\r\n        setTimeout(function() {\r\n          var turnstileElement = submittedForm.find('.cf-turnstile');\r\n          if (turnstileElement.length > 0) {\r\n            var uniqueId = 'cf-turnstile-elementor-' + new Date().getTime();\r\n            turnstileElement.attr('id', uniqueId);\r\n            turnstile.reset('#' + uniqueId);\r\n          }\r\n        }, 2500);\r\n      });\r\n    });\r\n    <\/script>\r\n      \t<style>.elementor-form[name=\"Kontaktn\u00ed formul\u00e1\u0159\"] button[type=submit] { pointer-events: none; opacity: 0.5; }<\/style>\r\n        \t\t<form class=\"elementor-form\" method=\"post\" name=\"Kontaktn\u00ed formul\u00e1\u0159\">\n\t\t\t<input type=\"hidden\" name=\"post_id\" value=\"4592\"\/>\n\t\t\t<input type=\"hidden\" name=\"form_id\" value=\"cdcd1f3\"\/>\n\t\t\t<input type=\"hidden\" name=\"referer_title\" value=\"\" \/>\n\n\t\t\t\n\t\t\t<div class=\"elementor-form-fields-wrapper elementor-labels-\">\n\t\t\t\t\t\t\t\t<div class=\"elementor-field-type-text elementor-field-group elementor-column elementor-field-group-name elementor-col-100 elementor-field-required\">\n\t\t\t\t\t\t\t\t\t\t\t\t<label for=\"form-field-name\" class=\"elementor-field-label elementor-screen-only\">\n\t\t\t\t\t\t\t\tN\u00e1zev\t\t\t\t\t\t\t<\/label>\n\t\t\t\t\t\t\t\t\t\t\t\t\t\t<input size=\"1\" type=\"text\" name=\"form_fields[name]\" id=\"form-field-name\" class=\"elementor-field elementor-size-sm  elementor-field-textual\" placeholder=\"Jm\u00e9no a p\u0159\u00edjmen\u00ed\" required=\"required\" aria-required=\"true\">\n\t\t\t\t\t\t\t\t\t\t\t<\/div>\n\t\t\t\t\t\t\t\t<div class=\"elementor-field-type-email elementor-field-group elementor-column elementor-field-group-email elementor-col-100 elementor-field-required\">\n\t\t\t\t\t\t\t\t\t\t\t\t<label for=\"form-field-email\" class=\"elementor-field-label elementor-screen-only\">\n\t\t\t\t\t\t\t\tE-mail\t\t\t\t\t\t\t<\/label>\n\t\t\t\t\t\t\t\t\t\t\t\t\t\t<input size=\"1\" type=\"email\" name=\"form_fields[email]\" id=\"form-field-email\" class=\"elementor-field elementor-size-sm  elementor-field-textual\" placeholder=\"E-mail\" required=\"required\" aria-required=\"true\">\n\t\t\t\t\t\t\t\t\t\t\t<\/div>\n\t\t\t\t\t\t\t\t<div class=\"elementor-field-type-textarea elementor-field-group elementor-column elementor-field-group-message elementor-col-100 elementor-field-required\">\n\t\t\t\t\t\t\t\t\t\t\t\t<label for=\"form-field-message\" class=\"elementor-field-label elementor-screen-only\">\n\t\t\t\t\t\t\t\tNahl\u00e1sit\t\t\t\t\t\t\t<\/label>\n\t\t\t\t\t\t<textarea class=\"elementor-field-textual elementor-field  elementor-size-sm\" name=\"form_fields[message]\" id=\"form-field-message\" rows=\"4\" placeholder=\"Nahl\u00e1sit\" required=\"required\" aria-required=\"true\"><\/textarea>\t\t\t\t<\/div>\n\t\t\t\t\t\t\t\t<div class=\"elementor-field-group elementor-column elementor-field-type-submit elementor-col-100 e-form__buttons\">\n\t\t\t\t\t<div class='elementor-turnstile-field' style='display: block;margin-top: 10px;width: 100%;'>\t\t<div id=\"cf-turnstile-elementor-1557154401\"\r\n\t\tclass=\"cf-turnstile\" data-callback=\"turnstileElementorCallback\"\t\tdata-sitekey=\"0x4AAAAAAAUpVU6mge4oaxaU\"\r\n\t\tdata-theme=\"light\"\r\n\t\tdata-language=\"auto\"\r\n\t\tdata-retry=\"auto\" data-retry-interval=\"1000\"\r\n\t\tdata-action=\"elementor-1557154401\"\r\n\t\t\t\tdata-appearance=\"always\"><\/div>\r\n\t\t\t\t<style>-elementor-1557154401 { pointer-events: none; opacity: 0.5; }<\/style>\r\n\t\t\t<script>document.addEventListener(\"DOMContentLoaded\",(function(){var e=document.getElementById(\"cf-turnstile-elementor-1557154401\");e&&!e.innerHTML.trim()&&(turnstile.remove(\"#cf-turnstile-elementor-1557154401\"),turnstile.render(\"#cf-turnstile-elementor-1557154401\",{sitekey:\"0x4AAAAAAAUpVU6mge4oaxaU\"}))}));<\/script>\r\n\t\t\t<br class=\"cf-turnstile-br cf-turnstile-br-elementor-1557154401\">\r\n\t\t\t\t<style>#cf-turnstile-elementor-1557154401 { margin-left: -15px; }<\/style>\r\n\t\t<\/div><br\/><button class=\"elementor-button elementor-size-sm\" type=\"submit\">\n\t\t\t\t\t\t<span class=\"elementor-button-content-wrapper\">\n\t\t\t\t\t\t\t\t\t\t\t\t\t\t\t\t\t\t\t\t\t\t<span class=\"elementor-button-text\">Odeslat zpr\u00e1vu<\/span>\n\t\t\t\t\t\t\t\t\t\t\t\t\t<\/span>\n\t\t\t\t\t<\/button>\n\t\t\t\t<\/div>\n\t\t\t<\/div>\n\t\t<\/form>\n\t\t\t\t<\/div>\n\t\t\t\t<\/div>\n\t\t\t\t<\/div>\n\t\t\t\t<\/div>\n\t\t<div class=\"elementor-element elementor-element-adbf34d e-con-full e-flex e-con e-parent\" data-id=\"adbf34d\" data-element_type=\"container\">\n\t\t<div class=\"elementor-element elementor-element-20d374b e-con-full e-flex e-con e-child\" data-id=\"20d374b\" data-element_type=\"container\">\n\t\t<div class=\"elementor-element elementor-element-a931864 e-con-full e-flex e-con e-child\" data-id=\"a931864\" data-element_type=\"container\">\n\t\t<div class=\"elementor-element elementor-element-6aee5c0 e-con-full e-flex e-con e-child\" data-id=\"6aee5c0\" data-element_type=\"container\">\n\t\t<div class=\"elementor-element elementor-element-4d8677e e-con-full e-flex e-con e-child\" data-id=\"4d8677e\" data-element_type=\"container\">\n\t\t\t\t<div class=\"elementor-element elementor-element-55d0d0e elementor-widget-divider--view-line elementor-widget elementor-widget-divider\" data-id=\"55d0d0e\" data-element_type=\"widget\" data-widget_type=\"divider.default\">\n\t\t\t\t<div class=\"elementor-widget-container\">\n\t\t\t\t\t<div class=\"elementor-divider\">\n\t\t\t<span class=\"elementor-divider-separator\">\n\t\t\t\t\t\t<\/span>\n\t\t<\/div>\n\t\t\t\t<\/div>\n\t\t\t\t<\/div>\n\t\t\t\t<\/div>\n\t\t<div class=\"elementor-element elementor-element-1ad7ce0 e-con-full e-flex e-con e-child\" data-id=\"1ad7ce0\" data-element_type=\"container\">\n\t\t\t\t<\/div>\n\t\t<div class=\"elementor-element elementor-element-90be87e e-con-full e-flex e-con e-child\" data-id=\"90be87e\" data-element_type=\"container\">\n\t\t\t\t<div class=\"elementor-element elementor-element-5e935b6 elementor-widget-divider--view-line elementor-widget elementor-widget-divider\" data-id=\"5e935b6\" data-element_type=\"widget\" data-widget_type=\"divider.default\">\n\t\t\t\t<div class=\"elementor-widget-container\">\n\t\t\t\t\t<div class=\"elementor-divider\">\n\t\t\t<span class=\"elementor-divider-separator\">\n\t\t\t\t\t\t<\/span>\n\t\t<\/div>\n\t\t\t\t<\/div>\n\t\t\t\t<\/div>\n\t\t\t\t<\/div>\n\t\t\t\t<\/div>\n\t\t\t\t<div class=\"elementor-element elementor-element-7d40ca7 elementor-widget elementor-widget-google_maps\" data-id=\"7d40ca7\" data-element_type=\"widget\" data-widget_type=\"google_maps.default\">\n\t\t\t\t<div class=\"elementor-widget-container\">\n\t\t\t\t\t<div class=\"elementor-custom-embed\">\n\t\t\t<iframe loading=\"lazy\"\n\t\t\t\t\tsrc=\"https:\/\/maps.google.com\/maps?q=Kov%C3%A1%C4%8Dska%2011%2C%20Ko%C5%A1ice&#038;t=m&#038;z=15&#038;output=embed&#038;iwloc=near\"\n\t\t\t\t\ttitle=\"Kov\u00e1\u010dska 11, Ko\u0161ice\"\n\t\t\t\t\taria-label=\"Kov\u00e1\u010dska 11, Ko\u0161ice\"\n\t\t\t><\/iframe>\n\t\t<\/div>\n\t\t\t\t<\/div>\n\t\t\t\t<\/div>\n\t\t\t\t<\/div>\n\t\t\t\t<\/div>\n\t\t\t\t<\/div>\n\t\t\t\t<\/div>\n\t\t","protected":false},"excerpt":{"rendered":"<p>Adresa P\u0159edv\u00e1d\u011bc\u00ed m\u00edstnostKov\u00e1\u010dska 11, Ko\u0161ice 04001, Slovensko E-mail info@maisonvindt.com Telefon +421 905 195 919<\/p>\n","protected":false},"author":1,"featured_media":0,"parent":0,"menu_order":0,"comment_status":"closed","ping_status":"closed","template":"","meta":{"_acf_changed":false,"footnotes":""},"class_list":["post-4592","page","type-page","status-publish","hentry"],"acf":[],"_links":{"self":[{"href":"https:\/\/maisonvindt.com\/cs\/wp-json\/wp\/v2\/pages\/4592"}],"collection":[{"href":"https:\/\/maisonvindt.com\/cs\/wp-json\/wp\/v2\/pages"}],"about":[{"href":"https:\/\/maisonvindt.com\/cs\/wp-json\/wp\/v2\/types\/page"}],"author":[{"embeddable":true,"href":"https:\/\/maisonvindt.com\/cs\/wp-json\/wp\/v2\/users\/1"}],"replies":[{"embeddable":true,"href":"https:\/\/maisonvindt.com\/cs\/wp-json\/wp\/v2\/comments?post=4592"}],"version-history":[{"count":2,"href":"https:\/\/maisonvindt.com\/cs\/wp-json\/wp\/v2\/pages\/4592\/revisions"}],"predecessor-version":[{"id":4601,"href":"https:\/\/maisonvindt.com\/cs\/wp-json\/wp\/v2\/pages\/4592\/revisions\/4601"}],"wp:attachment":[{"href":"https:\/\/maisonvindt.com\/cs\/wp-json\/wp\/v2\/media?parent=4592"}],"curies":[{"name":"wp","href":"https:\/\/api.w.org\/{rel}","templated":true}]}}