{"id":4593,"date":"2023-01-27T17:22:04","date_gmt":"2023-01-27T16:22:04","guid":{"rendered":"https:\/\/maisonvindt.com\/muj-ucet\/"},"modified":"2024-05-15T12:47:44","modified_gmt":"2024-05-15T10:47:44","slug":"muj-ucet","status":"publish","type":"page","link":"https:\/\/maisonvindt.com\/cs\/muj-ucet\/","title":{"rendered":"M\u016fj \u00fa\u010det"},"content":{"rendered":"<div class=\"woocommerce\"><\/div>","protected":false},"excerpt":{"rendered":"","protected":false},"author":1,"featured_media":0,"parent":0,"menu_order":0,"comment_status":"closed","ping_status":"closed","template":"","meta":{"_acf_changed":false,"footnotes":""},"class_list":["post-4593","page","type-page","status-publish","hentry"],"acf":[],"_links":{"self":[{"href":"https:\/\/maisonvindt.com\/cs\/wp-json\/wp\/v2\/pages\/4593"}],"collection":[{"href":"https:\/\/maisonvindt.com\/cs\/wp-json\/wp\/v2\/pages"}],"about":[{"href":"https:\/\/maisonvindt.com\/cs\/wp-json\/wp\/v2\/types\/page"}],"author":[{"embeddable":true,"href":"https:\/\/maisonvindt.com\/cs\/wp-json\/wp\/v2\/users\/1"}],"replies":[{"embeddable":true,"href":"https:\/\/maisonvindt.com\/cs\/wp-json\/wp\/v2\/comments?post=4593"}],"version-history":[{"count":1,"href":"https:\/\/maisonvindt.com\/cs\/wp-json\/wp\/v2\/pages\/4593\/revisions"}],"predecessor-version":[{"id":4594,"href":"https:\/\/maisonvindt.com\/cs\/wp-json\/wp\/v2\/pages\/4593\/revisions\/4594"}],"wp:attachment":[{"href":"https:\/\/maisonvindt.com\/cs\/wp-json\/wp\/v2\/media?parent=4593"}],"curies":[{"name":"wp","href":"https:\/\/api.w.org\/{rel}","templated":true}]}}