{"id":4635,"date":"2023-03-07T12:25:46","date_gmt":"2023-03-07T11:25:46","guid":{"rendered":"https:\/\/maisonvindt.com\/zasady-ochrany-osobnich-udaju\/"},"modified":"2024-05-15T12:48:06","modified_gmt":"2024-05-15T10:48:06","slug":"zasady-ochrany-osobnich-udaju","status":"publish","type":"page","link":"https:\/\/maisonvindt.com\/cs\/zasady-ochrany-osobnich-udaju\/","title":{"rendered":"Z\u00e1sady ochrany osobn\u00edch \u00fadaj\u016f"},"content":{"rendered":"\t\t<div data-elementor-type=\"wp-page\" data-elementor-id=\"4635\" class=\"elementor elementor-4635 elementor-919\" data-elementor-post-type=\"page\">\n\t\t\t\t<div class=\"elementor-element elementor-element-d74fb75 e-flex e-con-boxed e-con e-parent\" data-id=\"d74fb75\" data-element_type=\"container\" data-settings=\"{&quot;background_background&quot;:&quot;classic&quot;}\">\n\t\t\t\t\t<div class=\"e-con-inner\">\n\t\t\t\t<div class=\"elementor-element elementor-element-a86c60b elementor-widget elementor-widget-heading\" data-id=\"a86c60b\" data-element_type=\"widget\" data-widget_type=\"heading.default\">\n\t\t\t\t<div class=\"elementor-widget-container\">\n\t\t\t<h2 class=\"elementor-heading-title elementor-size-default\">PODM\u00cdNKY ZPRACOV\u00c1N\u00cd OSOBN\u00cdCH \u00daDAJ\u016e<\/h2>\t\t<\/div>\n\t\t\t\t<\/div>\n\t\t\t\t<div class=\"elementor-element elementor-element-07ffd0f elementor-widget elementor-widget-heading\" data-id=\"07ffd0f\" data-element_type=\"widget\" data-widget_type=\"heading.default\">\n\t\t\t\t<div class=\"elementor-widget-container\">\n\t\t\t<h4 class=\"elementor-heading-title elementor-size-default\">\u010cl\u00e1nek I.\n<\/h4>\t\t<\/div>\n\t\t\t\t<\/div>\n\t\t\t\t<div class=\"elementor-element elementor-element-e2484ee elementor-widget elementor-widget-heading\" data-id=\"e2484ee\" data-element_type=\"widget\" data-widget_type=\"heading.default\">\n\t\t\t\t<div class=\"elementor-widget-container\">\n\t\t\t<h5 class=\"elementor-heading-title elementor-size-default\">\u00davodn\u00ed ustanoven\u00ed\n<\/h5>\t\t<\/div>\n\t\t\t\t<\/div>\n\t\t\t\t<div class=\"elementor-element elementor-element-7da1bba elementor-widget elementor-widget-text-editor\" data-id=\"7da1bba\" data-element_type=\"widget\" data-widget_type=\"text-editor.default\">\n\t\t\t\t<div class=\"elementor-widget-container\">\n\t\t\t\t\t\t\t<ol>\n<li>\n<p>Spr\u00e1vcem t\u011bchto webov\u00fdch str\u00e1nek a spr\u00e1vcem zpracov\u00e1n\u00ed osobn\u00edch \u00fadaj\u016f na t\u011bchto webov\u00fdch str\u00e1nk\u00e1ch je :<\/p>\n<p><strong>Bridge-World s.r.o.<\/strong><br \/>se s\u00eddlem Prakovce 15, 055 62 Prakovce<br \/>Obchodn\u00ed spole\u010dnost zapsan\u00e1 v obchodn\u00edm rejst\u0159\u00edku Okresn\u00edho soudu Ko\u0161ice I,<br \/>Odd\u00edl Sro vlo\u017eit \u010d. 24556\/V,<br \/>IDENTIFIKA\u010cN\u00cd \u010c\u00cdSLO 45 256 837<br \/>\u010c\u00cdSLO DI\u010c: 2022916335<br \/>\u010c\u00cdSLO DPH: SK2022916335<\/p>\n<p>Kontaktn\u00ed \u00fadaje:<br \/><a href=\"mailto:info@maisonvindt.com\">info@maisonvindt.com<\/a><\/p>\n<p>Osoba odpov\u011bdn\u00e1 za zpracov\u00e1n\u00ed osobn\u00edch \u00fadaj\u016f:<br \/><strong>Andrea Vindt<\/strong><\/p>\n<p>Tyto podm\u00ednky zpracov\u00e1n\u00ed osobn\u00edch \u00fadaj\u016f slou\u017e\u00ed k informov\u00e1n\u00ed subjekt\u016f \u00fadaj\u016f (kter\u00fdmi jsou na\u0161i z\u00e1kazn\u00edci nebo n\u00e1v\u0161t\u011bvn\u00edci webov\u00fdch str\u00e1nek) o zpracov\u00e1n\u00ed osobn\u00edch \u00fadaj\u016f p\u0159i zpracov\u00e1n\u00ed v e-shopu na webov\u00fdch str\u00e1nk\u00e1ch maisonvindt.com.<\/p>\n<p>Spr\u00e1vce je odpov\u011bdn\u00fd za zpracov\u00e1n\u00ed osobn\u00edch \u00fadaj\u016f v souladu s na\u0159\u00edzen\u00edm Evropsk\u00e9ho parlamentu a Rady (EU) 2016\/679 ze dne 27. \u010dervence 2016. dubna 2016 o ochran\u011b fyzick\u00fdch osob v souvislosti se zpracov\u00e1n\u00edm osobn\u00edch \u00fadaj\u016f a o voln\u00e9m pohybu t\u011bchto \u00fadaj\u016f, ve\u0159ejnosti zn\u00e1m\u011bj\u0161\u00ed jako GDPR.<\/p>\n<p>Spr\u00e1vce p\u0159ijal ve\u0161ker\u00e1 vhodn\u00e1 technick\u00e1 a organiza\u010dn\u00ed opat\u0159en\u00ed k zaji\u0161t\u011bn\u00ed ochrany osobn\u00edch \u00fadaj\u016f.<\/p>\n<p>Spr\u00e1vce neur\u010duje konkr\u00e9tn\u00ed odpov\u011bdnou osobu ve smyslu GDPR. P\u0159\u00edpadn\u00e9 dotazy t\u00fdkaj\u00edc\u00ed se zpracov\u00e1n\u00ed osobn\u00edch \u00fadaj\u016f v na\u0161\u00ed spole\u010dnosti sm\u011b\u0159ujte na statut\u00e1rn\u00ed org\u00e1n.<\/p>\n<\/li>\n<\/ol>\n\t\t\t\t\t\t<\/div>\n\t\t\t\t<\/div>\n\t\t\t\t<div class=\"elementor-element elementor-element-f1da159 elementor-widget elementor-widget-heading\" data-id=\"f1da159\" data-element_type=\"widget\" data-widget_type=\"heading.default\">\n\t\t\t\t<div class=\"elementor-widget-container\">\n\t\t\t<h5 class=\"elementor-heading-title elementor-size-default\">Co jsou osobn\u00ed \u00fadaje?\n<\/h5>\t\t<\/div>\n\t\t\t\t<\/div>\n\t\t\t\t<div class=\"elementor-element elementor-element-f974fd0 elementor-widget elementor-widget-text-editor\" data-id=\"f974fd0\" data-element_type=\"widget\" data-widget_type=\"text-editor.default\">\n\t\t\t\t<div class=\"elementor-widget-container\">\n\t\t\t\t\t\t\t<ol>\n<li>&#8220;Osobn\u00edmi \u00fadaji&#8221; se rozum\u00ed ve\u0161ker\u00e9 informace t\u00fdkaj\u00edc\u00ed se identifikovan\u00e9 nebo identifikovateln\u00e9 fyzick\u00e9 osoby (d\u00e1le jen &#8220;subjekt \u00fadaj\u016f&#8221;); identifikovateln\u00e1 fyzick\u00e1 osoba je osoba, kterou lze p\u0159\u00edmo \u010di nep\u0159\u00edmo identifikovat, zejm\u00e9na odkazem na ur\u010dit\u00fd identifik\u00e1tor, nap\u0159\u00edklad jm\u00e9no, identifika\u010dn\u00ed \u010d\u00edslo, loka\u010dn\u00ed \u00fadaje, online identifik\u00e1tor, nebo odkazem na jeden \u010di v\u00edce zvl\u00e1\u0161tn\u00edch prvk\u016f fyzick\u00e9, fyziologick\u00e9, genetick\u00e9, psychick\u00e9, ekonomick\u00e9, kulturn\u00ed nebo spole\u010densk\u00e9 identity t\u00e9to fyzick\u00e9 osoby.<\/li>\n<li> <\/li>\n<\/ol>\n\t\t\t\t\t\t<\/div>\n\t\t\t\t<\/div>\n\t\t\t\t<div class=\"elementor-element elementor-element-02cc5cf elementor-widget elementor-widget-heading\" data-id=\"02cc5cf\" data-element_type=\"widget\" data-widget_type=\"heading.default\">\n\t\t\t\t<div class=\"elementor-widget-container\">\n\t\t\t<h4 class=\"elementor-heading-title elementor-size-default\">\u010cl\u00e1nek II.\n<\/h4>\t\t<\/div>\n\t\t\t\t<\/div>\n\t\t\t\t<div class=\"elementor-element elementor-element-2380cee elementor-widget elementor-widget-heading\" data-id=\"2380cee\" data-element_type=\"widget\" data-widget_type=\"heading.default\">\n\t\t\t\t<div class=\"elementor-widget-container\">\n\t\t\t<h5 class=\"elementor-heading-title elementor-size-default\">\u00da\u010dely zpracov\u00e1n\u00ed, pr\u00e1vn\u00ed z\u00e1klady zpracov\u00e1n\u00ed, kategorie subjekt\u016f \u00fadaj\u016f, doba uchov\u00e1v\u00e1n\u00ed osobn\u00edch \u00fadaj\u016f, p\u0159\u00edjemci osobn\u00edch \u00fadaj\u016f\n<\/h5>\t\t<\/div>\n\t\t\t\t<\/div>\n\t\t\t\t<div class=\"elementor-element elementor-element-6b4d42c elementor-widget elementor-widget-text-editor\" data-id=\"6b4d42c\" data-element_type=\"widget\" data-widget_type=\"text-editor.default\">\n\t\t\t\t<div class=\"elementor-widget-container\">\n\t\t\t\t\t\t\t<table>\n<tbody>\n<tr>\n<th>\u00da\u010del zpracov\u00e1n\u00ed OA<\/th>\n<th>Pr\u00e1vn\u00ed z\u00e1klad pro zpracov\u00e1n\u00ed<\/th>\n<th>Kategorie subjekt\u016f \u00fadaj\u016f<\/th>\n<th>Kategorie OU<\/th>\n<th>Doba uchov\u00e1v\u00e1n\u00ed OU<\/th>\n<th>Kategorie p\u0159\u00edjemc\u016f OU<\/th>\n<\/tr>\n<tr>\n<td>za \u00fa\u010delem uzav\u0159en\u00ed smlouvy se z\u00e1kazn\u00edkem.<\/td>\n<td>\u010cl. 6 odst. 1 1 p\u00edsm. b) GDPR<br \/>Zpracov\u00e1n\u00ed nezbytn\u00e9 pro pln\u011bn\u00ed smluvn\u00edch z\u00e1vazk\u016f<\/td>\n<td>Z\u00e1kazn\u00edci<\/td>\n<td>B\u011b\u017en\u00e9 osobn\u00ed \u00fadaje, zejm\u00e9na:<br \/>N\u00e1zev firmy, jm\u00e9no a p\u0159\u00edjmen\u00ed, tel. \u010d\u00edslo, e-mail, \u00fadaje o smluvn\u00edm vztahu<\/td>\n<td>do spln\u011bn\u00ed \u00fa\u010delu, pro kter\u00fd byly z\u00edsk\u00e1ny, a 5 let od data posledn\u00edho poskytnut\u00ed slu\u017eby nebo n\u00e1kupu zbo\u017e\u00ed.<\/td>\n<td>\n<p>Va\u0161e osobn\u00ed \u00fadaje m\u016f\u017eeme sd\u00edlet s t\u0159et\u00edmi stranami, kter\u00e9 n\u00e1m poskytuj\u00ed slu\u017eby jako subdodavatel\u00e9. Nap\u0159\u00edklad. \u00da\u010detn\u00ed spole\u010dnost, po\u0161ta, kur\u00fdrn\u00ed slu\u017eba, webhostingov\u00e1 spole\u010dnost.<\/p>\n<p>Tyto osoby zpracov\u00e1vaj\u00ed osobn\u00ed \u00fadaje pouze na\u0161\u00edm jm\u00e9nem za \u00fa\u010delem pln\u011bn\u00ed smlouvy, a to v z\u00e1vislosti na rozsahu uzav\u0159en\u00e9 smlouvy.<\/p>\n<\/td>\n<\/tr>\n<tr>\n<td>vystaven\u00ed da\u0148ov\u00e9ho dokladu<\/td>\n<td>\u010cl. 6 odst. 1 1 p\u00edsm. c) GDPR<br \/>Z\u00e1kon \u010d. 222\/2004 Sb. o dani z p\u0159idan\u00e9 hodnoty<\/td>\n<td>Z\u00e1kazn\u00edci<\/td>\n<td>b\u011b\u017en\u00e9 osobn\u00ed \u00fadaje<\/td>\n<td>podle z\u00e1kona uveden\u00e9ho v pr\u00e1vn\u00edm z\u00e1kladu<\/td>\n<td>\n<p>\u00fa\u010detn\u00ed spole\u010dnost, po\u0161ta, kur\u00fdrn\u00ed slu\u017eba, webhosting.<\/p>\n<p>Tyto osoby zpracov\u00e1vaj\u00ed osobn\u00ed \u00fadaje pouze na\u0161\u00edm jm\u00e9nem za \u00fa\u010delem pln\u011bn\u00ed smlouvy, a to v z\u00e1vislosti na rozsahu uzav\u0159en\u00e9 smlouvy.<\/p>\n<\/td>\n<\/tr>\n<tr>\n<td>st\u00ed\u017enosti<\/td>\n<td>\u010cl\u00e1nek 6 odst. 1 p\u00edsm. c) GDPR<br \/>Z\u00e1kon \u010d. 250\/2007 Sb. o ochran\u011b spot\u0159ebitele, z\u00e1kon \u010d. 40\/1964 Sb. Ob\u010dansk\u00fd z\u00e1kon\u00edk<\/td>\n<td>Z\u00e1kazn\u00edci<\/td>\n<td>b\u011b\u017en\u00e9 osobn\u00ed \u00fadaje<\/td>\n<td>podle z\u00e1kona uveden\u00e9ho v pr\u00e1vn\u00edm z\u00e1kladu<\/td>\n<td>\n<p>\u00fa\u010detn\u00ed spole\u010dnost, po\u0161ta, kur\u00fdrn\u00ed slu\u017eba, znalci a advok\u00e1tn\u00ed kancel\u00e1\u0159e.<\/p>\n<p>Tyto osoby zpracov\u00e1vaj\u00ed osobn\u00ed \u00fadaje pouze na\u0161\u00edm jm\u00e9nem za \u00fa\u010delem pln\u011bn\u00ed smlouvy, a to v z\u00e1vislosti na rozsahu uzav\u0159en\u00e9 smlouvy.<\/p>\n<\/td>\n<\/tr>\n<tr>\n<td>Dodr\u017eov\u00e1n\u00ed povinnost\u00ed vypl\u00fdvaj\u00edc\u00edch z jin\u00fdch pr\u00e1vn\u00edch p\u0159edpis\u016f<\/td>\n<td>Dodr\u017eov\u00e1n\u00ed z\u00e1konn\u00e9 povinnosti podle \u010dl. 6 odst. 1 lit. (c) GDPR, ve\u0159ejn\u00fd z\u00e1jem podle \u010dl. 6 odst. 1 lit. e) GDPR<\/td>\n<td>z\u00e1kazn\u00edci, n\u00e1v\u0161t\u011bvn\u00edci str\u00e1nek<\/td>\n<td>Osobn\u00ed \u00fadaje, jejich\u017e rozsah je stanoven zvl\u00e1\u0161tn\u00edm p\u0159edpisem.<\/td>\n<td>do spln\u011bn\u00ed \u00fa\u010delu, pro kter\u00fd byly shrom\u00e1\u017ed\u011bny, a po dobu 5 let pot\u00e9.<\/td>\n<td>Org\u00e1ny ve\u0159ejn\u00e9 moci, kter\u00fdm povinnost poskytovat osobn\u00ed \u00fadaje vypl\u00fdv\u00e1 ze z\u00e1kona (policie, soudy atd.)<\/td>\n<\/tr>\n<tr>\n<td>Zpracov\u00e1n\u00ed je nezbytn\u00e9 pro \u00fa\u010dely opr\u00e1vn\u011bn\u00fdch z\u00e1jm\u016f, kter\u00e9 m\u00e1me jako firma.<\/td>\n<td>\u010cl\u00e1nek 6 odst. 1 p\u00edsm. f) GDPR<\/td>\n<td>z\u00e1kazn\u00edci, n\u00e1v\u0161t\u011bvn\u00edci str\u00e1nek<\/td>\n<td>Jm\u00e9no a p\u0159\u00edjmen\u00ed, e-mail, tel. kontaktn\u00ed \u00fadaje, podrobnosti o rozsahu poskytovan\u00fdch slu\u017eeb.<\/td>\n<td>do doby spln\u011bn\u00ed \u00fa\u010delu, pro kter\u00fd byly po\u0159\u00edzeny, a po dobu 5 let pot\u00e9.<\/td>\n<td>\n<p>Va\u0161e osobn\u00ed \u00fadaje m\u016f\u017eeme sd\u00edlet s t\u0159et\u00edmi stranami, kter\u00e9 n\u00e1m poskytuj\u00ed slu\u017eby, nap\u0159.. advok\u00e1tn\u00ed kancel\u00e1\u0159e, \u00fa\u010detn\u00ed atd.<\/p>\n<p>Tyto osoby zpracov\u00e1vaj\u00ed osobn\u00ed \u00fadaje pouze na\u0161\u00edm jm\u00e9nem a za \u00fa\u010delem, pro kter\u00fd jsme je z\u00edskali.<\/p>\n<\/td>\n<\/tr>\n<tr>\n<td>Pou\u017e\u00edv\u00e1n\u00ed webov\u00fdch str\u00e1nek<br \/>maisonvindt.com<\/td>\n<td>\u010cl. 6 odst. 1 1 p\u00edsm. a) GDPR<br \/>Zpracov\u00e1n\u00ed na z\u00e1klad\u011b souhlasu.<\/td>\n<td>n\u00e1v\u0161t\u011bvn\u00edci maisonvindt.com<\/td>\n<td>B\u011b\u017en\u00e9 osobn\u00ed \u00fadaje a online identifik\u00e1tory (ip adresa) a \u00fadaje obsa\u017een\u00e9 v souborech cookie.<\/td>\n<td>Doby uchov\u00e1v\u00e1n\u00ed a dal\u0161\u00ed informace o pou\u017e\u00edv\u00e1n\u00ed soubor\u016f cookie naleznete <a href=\"http:\/\/maisonvindt.com\/cookies\" target=\"_blank\" rel=\"noopener\">zde<\/a><\/td>\n<td>\n<p>Va\u0161e osobn\u00ed \u00fadaje m\u016f\u017eeme sd\u00edlet s t\u0159et\u00edmi stranami, kter\u00e9 n\u00e1m poskytuj\u00ed slu\u017eby, nap\u0159.. poskytovatel\u00e9 webhostingu, agentury pro spr\u00e1vu obsahu atd.<\/p>\n<p>Tyto osoby zpracov\u00e1vaj\u00ed osobn\u00ed \u00fadaje pouze na\u0161\u00edm jm\u00e9nem a za \u00fa\u010delem, pro kter\u00fd jsme je z\u00edskali.<\/p>\n<\/td>\n<\/tr>\n<tr>\n<td rowspan=\"2\">Reklamn\u00ed \u00fa\u010dely<\/td>\n<td>\u010cl. 6 odst. 1 1 p\u00edsm. a) GDPR<br \/>Zpracov\u00e1n\u00ed na z\u00e1klad\u011b souhlasu<\/td>\n<td>Osoby, kter\u00e9 souhlasily se zas\u00edl\u00e1n\u00edm newsletteru, Osoby, jejich\u017e kontaktn\u00ed \u00fadaje jsou uvedeny na ve\u0159ejn\u00fdch seznamech.<\/td>\n<td>V rozsahu \u00fadaj\u016f obsa\u017een\u00fdch v na\u0161em online formul\u00e1\u0159i, v rozsahu \u00fadaj\u016f obsa\u017een\u00fdch ve ve\u0159ejn\u00fdch seznamech.<\/td>\n<td>do odvol\u00e1n\u00ed souhlasu<\/td>\n<td>\n<p>P\u0159i zas\u00edl\u00e1n\u00ed reklamn\u00edch newsletter\u016f nebo jin\u00fdch reklamn\u00edch sd\u011blen\u00ed od jin\u00fdch poskytovatel\u016f slu\u017eeb vyu\u017e\u00edv\u00e1me slu\u017eeb spole\u010dnosti mailerlite.com.<\/p>\n<p>Tyto osoby zpracov\u00e1vaj\u00ed osobn\u00ed \u00fadaje pouze na\u0161\u00edm jm\u00e9nem za \u00fa\u010delem pln\u011bn\u00ed smlouvy, a to v z\u00e1vislosti na rozsahu uzav\u0159en\u00e9 smlouvy.<\/p>\n<\/td>\n<\/tr>\n<tr>\n<td>\u010cl. 6 odst. 1 1 p\u00edsm. f) GDPR<br \/>Zpracov\u00e1n\u00ed na z\u00e1klad\u011b opr\u00e1vn\u011bn\u00e9ho z\u00e1jmu.<\/td>\n<td>Osoby, kter\u00e9 si u n\u00e1s ji\u017e zakoupily zbo\u017e\u00ed (st\u00e1vaj\u00edc\u00ed z\u00e1kazn\u00edci),<\/td>\n<td>b\u011b\u017en\u00e9 osobn\u00ed \u00fadaje v rozsahu jm\u00e9no, p\u0159\u00edjmen\u00ed a e-mailov\u00e1 adresa.<\/td>\n<td>Pova\u017eujeme za sv\u016fj opr\u00e1vn\u011bn\u00fd z\u00e1jem zas\u00edlat na\u0161im st\u00e1vaj\u00edc\u00edm z\u00e1kazn\u00edk\u016fm \u010das od \u010dasu propaga\u010dn\u00ed e-mail s na\u0161imi novinkami. Tento n\u00e1\u0161 opr\u00e1vn\u011bn\u00fd z\u00e1jem m\u016f\u017ee z\u00e1kazn\u00edk kdykoli napadnout.<\/td>\n<td>\n<p>P\u0159i zas\u00edl\u00e1n\u00ed reklamn\u00edch newsletter\u016f nebo jin\u00fdch reklamn\u00edch sd\u011blen\u00ed od jin\u00fdch poskytovatel\u016f slu\u017eeb vyu\u017e\u00edv\u00e1me slu\u017eeb spole\u010dnosti mailerlite.com.<\/p>\n<p>Tyto osoby zpracov\u00e1vaj\u00ed osobn\u00ed \u00fadaje pouze na\u0161\u00edm jm\u00e9nem za \u00fa\u010delem pln\u011bn\u00ed smlouvy, a to v z\u00e1vislosti na rozsahu uzav\u0159en\u00e9 smlouvy.<\/p>\n<\/td>\n<\/tr>\n<\/tbody>\n<\/table>\n\t\t\t\t\t\t<\/div>\n\t\t\t\t<\/div>\n\t\t\t\t<div class=\"elementor-element elementor-element-236efea elementor-widget elementor-widget-text-editor\" data-id=\"236efea\" data-element_type=\"widget\" data-widget_type=\"text-editor.default\">\n\t\t\t\t<div class=\"elementor-widget-container\">\n\t\t\t\t\t\t\t<p>P\u0159i poskytov\u00e1n\u00ed osobn\u00edch \u00fadaj\u016f, kter\u00e9 jsou z\u00e1konn\u00fdm nebo smluvn\u00edm po\u017eadavkem, je subjekt \u00fadaj\u016f povinen tyto osobn\u00ed \u00fadaje poskytnout. Bez poskytnut\u00ed osobn\u00edch \u00fadaj\u016f nen\u00ed poskytov\u00e1n\u00ed na\u0161ich slu\u017eeb mo\u017en\u00e9.<\/p>\n<p>Na\u0161\u00edm opr\u00e1vn\u011bn\u00fdm z\u00e1jmem p\u0159i zpracov\u00e1n\u00ed va\u0161ich osobn\u00edch \u00fadaj\u016f je ochrana na\u0161ich smluvn\u00edch a pr\u00e1vn\u00edch n\u00e1rok\u016f, jako jsou. vznik dluh\u016f, pohled\u00e1vek, \u0161kod atd. Na\u0161\u00edm opr\u00e1vn\u011bn\u00fdm z\u00e1jmem je tak\u00e9 p\u0159\u00edle\u017eitostn\u00fd kontakt se st\u00e1vaj\u00edc\u00edmi z\u00e1kazn\u00edky.<\/p>\n<p>R\u00e1di bychom <strong>v\u00e1m p\u0159ipomn\u011bli,<\/strong> \u017ee jako subjekt \u00fadaj\u016f jste povinni poskytnout pravdiv\u00e9 a aktu\u00e1ln\u00ed osobn\u00ed \u00fadaje. V p\u0159\u00edpad\u011b zm\u011bny osobn\u00edch \u00fadaj\u016f je subjekt \u00fadaj\u016f povinen tuto zm\u011bnu neprodlen\u011b ozn\u00e1mit spr\u00e1vci.<\/p>\n<p><strong>V\u00e1\u0161 souhlas se zpracov\u00e1n\u00edm osobn\u00edch \u00fadaj\u016f slou\u017e\u00ed jako z\u00e1klad pro zpracov\u00e1n\u00ed osobn\u00edch \u00fadaj\u016f pro \u00fa\u010dely soubor\u016f cookie, kter\u00e9<\/strong> se nach\u00e1zej\u00ed na na\u0161ich webov\u00fdch str\u00e1nk\u00e1ch. Sv\u016fj souhlas s pou\u017e\u00edv\u00e1n\u00edm soubor\u016f cookie, kter\u00e9 nejsou nezbytn\u00e9 pro provoz na\u0161ich webov\u00fdch str\u00e1nek, m\u016f\u017eete odvolat <a href=\"http:\/\/maisonvindt.com\/cookies\" target=\"_blank\" rel=\"noopener\">zde<\/a>.<\/p>\n<p><strong>Va\u0161e osobn\u00ed \u00fadaje nep\u0159ed\u00e1v\u00e1me do t\u0159et\u00edch zem\u00ed, s v\u00fdjimkou soubor\u016f cookie<\/strong> p\u0159ipraven\u00fdch t\u0159et\u00edmi stranami. Ty se v\u0161ak p\u0159ed\u00e1vaj\u00ed pouze do zem\u00ed, kter\u00e9 poskytuj\u00ed odpov\u00eddaj\u00edc\u00ed \u00farove\u0148 ochrany, jakou m\u00e1me v Evropsk\u00e9 unii. V\u00edce informac\u00ed o pou\u017e\u00edv\u00e1n\u00ed a nastaven\u00ed soubor\u016f cookie najdete <a href=\"http:\/\/maisonvindt.com\/cookies\" target=\"_blank\" rel=\"noopener\">zde<\/a>.<\/p>\n\t\t\t\t\t\t<\/div>\n\t\t\t\t<\/div>\n\t\t\t\t<div class=\"elementor-element elementor-element-8c13116 elementor-widget elementor-widget-heading\" data-id=\"8c13116\" data-element_type=\"widget\" data-widget_type=\"heading.default\">\n\t\t\t\t<div class=\"elementor-widget-container\">\n\t\t\t<h5 class=\"elementor-heading-title elementor-size-default\">\u010cl\u00e1nek III<\/h5>\t\t<\/div>\n\t\t\t\t<\/div>\n\t\t\t\t<div class=\"elementor-element elementor-element-e282e5b elementor-widget elementor-widget-heading\" data-id=\"e282e5b\" data-element_type=\"widget\" data-widget_type=\"heading.default\">\n\t\t\t\t<div class=\"elementor-widget-container\">\n\t\t\t<h5 class=\"elementor-heading-title elementor-size-default\">Va\u0161e pr\u00e1va jako subjektu \u00fadaj\u016f<\/h5>\t\t<\/div>\n\t\t\t\t<\/div>\n\t\t\t\t<div class=\"elementor-element elementor-element-2488791 elementor-widget elementor-widget-text-editor\" data-id=\"2488791\" data-element_type=\"widget\" data-widget_type=\"text-editor.default\">\n\t\t\t\t<div class=\"elementor-widget-container\">\n\t\t\t\t\t\t\t<p>Pr\u00e1va subjektu \u00fadaj\u016f jsou definov\u00e1na v kapitole 3 GDPR. Jak\u00e1 m\u00e1te pr\u00e1va?<\/p>\n<p><strong>Odvol\u00e1n\u00ed souhlasu<\/strong> &#8211; pokud zpracov\u00e1v\u00e1me va\u0161e osobn\u00ed \u00fadaje na z\u00e1klad\u011b va\u0161eho souhlasu, m\u00e1te pr\u00e1vo tento souhlas kdykoli odvolat. Souhlas m\u016f\u017eete odvolat elektronicky, na adrese kontaktn\u00ed osoby, p\u00edsemn\u011b, ozn\u00e1men\u00edm o odvol\u00e1n\u00ed souhlasu nebo osobn\u011b v kancel\u00e1\u0159i. Odvol\u00e1n\u00ed souhlasu nem\u00e1 vliv na z\u00e1konnost zpracov\u00e1n\u00ed osobn\u00edch \u00fadaj\u016f, kter\u00e9 jsme o v\u00e1s v minulosti zpracov\u00e1vali na z\u00e1klad\u011b tohoto souhlasu.<\/p>\n<p><strong>Pr\u00e1vo na p\u0159\u00edstup<\/strong> &#8211; m\u00e1te pr\u00e1vo na kopii osobn\u00edch \u00fadaj\u016f, kter\u00e9 o v\u00e1s uchov\u00e1v\u00e1me, a na informace o tom, jak va\u0161e osobn\u00ed \u00fadaje pou\u017e\u00edv\u00e1me. Ve v\u011bt\u0161in\u011b p\u0159\u00edpad\u016f v\u00e1m budou va\u0161e osobn\u00ed \u00fadaje poskytnuty v p\u00edsemn\u00e9 pap\u00edrov\u00e9 podob\u011b, pokud nepo\u017e\u00e1d\u00e1te o jin\u00fd technicky provediteln\u00fd zp\u016fsob jejich poskytnut\u00ed. Pokud jste o tyto informace po\u017e\u00e1dali elektronickou cestou (nap\u0159. e-mailem), budou v\u00e1m \u00fadaje poskytnuty elektronicky, pokud to bude technicky mo\u017en\u00e9.<\/p>\n<p><strong>Pr\u00e1vo na opravu<\/strong> &#8211; podnik\u00e1me p\u0159im\u011b\u0159en\u00e9 kroky, abychom zajistili, \u017ee informace, kter\u00e9 o v\u00e1s uchov\u00e1v\u00e1me, jsou p\u0159esn\u00e9, \u00fapln\u00e9 a aktu\u00e1ln\u00ed. Pokud se domn\u00edv\u00e1te, \u017ee n\u00e1mi uchov\u00e1van\u00e9 informace jsou nep\u0159esn\u00e9, ne\u00fapln\u00e9 nebo zastaral\u00e9, nev\u00e1hejte n\u00e1s po\u017e\u00e1dat o jejich zm\u011bnu, aktualizaci nebo dopln\u011bn\u00ed.<\/p>\n<p><strong>Pr\u00e1vo na v\u00fdmaz (b\u00fdt zapomenut)<\/strong> &#8211; m\u00e1te pr\u00e1vo n\u00e1s po\u017e\u00e1dat o v\u00fdmaz va\u0161ich osobn\u00edch \u00fadaj\u016f, nap\u0159\u00edklad pokud osobn\u00ed \u00fadaje, kter\u00e9 jsme o v\u00e1s shrom\u00e1\u017edili, ji\u017e nejsou nezbytn\u00e9 pro spln\u011bn\u00ed p\u016fvodn\u00edho \u00fa\u010delu zpracov\u00e1n\u00ed. Va\u0161e pr\u00e1vo je v\u0161ak t\u0159eba posuzovat s ohledem na v\u0161echny okolnosti. M\u016f\u017eeme m\u00edt nap\u0159\u00edklad ur\u010dit\u00e9 z\u00e1konn\u00e9 povinnosti (nap\u0159. archivace atd.), co\u017e znamen\u00e1, \u017ee nebudeme moci vyhov\u011bt va\u0161\u00ed \u017e\u00e1dosti.<\/p>\n<p><strong>Pr\u00e1vo na omezen\u00ed zpracov\u00e1n\u00ed<\/strong> &#8211; za ur\u010dit\u00fdch okolnost\u00ed jste opr\u00e1vn\u011bni n\u00e1s po\u017e\u00e1dat, abychom va\u0161e osobn\u00ed \u00fadaje p\u0159estali pou\u017e\u00edvat. Nap\u0159\u00edklad pokud se domn\u00edv\u00e1te, \u017ee osobn\u00ed \u00fadaje, kter\u00e9 o v\u00e1s uchov\u00e1v\u00e1me, mohou b\u00fdt nep\u0159esn\u00e9, nebo pokud se domn\u00edv\u00e1te, \u017ee va\u0161e osobn\u00ed \u00fadaje ji\u017e nepot\u0159ebujeme pou\u017e\u00edvat.<\/p>\n<p><strong>Pr\u00e1vo na p\u0159enositelnost \u00fadaj\u016f<\/strong> &#8211; za ur\u010dit\u00fdch okolnost\u00ed m\u00e1te pr\u00e1vo n\u00e1s po\u017e\u00e1dat o p\u0159enos osobn\u00edch \u00fadaj\u016f, kter\u00e9 jste n\u00e1m poskytli, na jinou t\u0159et\u00ed stranu podle va\u0161eho v\u00fdb\u011bru. Pr\u00e1vo na p\u0159enositelnost se v\u0161ak vztahuje pouze na osobn\u00ed \u00fadaje, kter\u00e9 jsme od v\u00e1s z\u00edskali na z\u00e1klad\u011b souhlasu nebo na z\u00e1klad\u011b smlouvy, jej\u00ed\u017e jste smluvn\u00ed stranou.<\/p>\n<p><strong>Pr\u00e1vo vzn\u00e9st n\u00e1mitku<\/strong> &#8211; m\u00e1te pr\u00e1vo vzn\u00e9st n\u00e1mitku proti zpracov\u00e1n\u00ed na z\u00e1klad\u011b na\u0161ich opr\u00e1vn\u011bn\u00fdch z\u00e1jm\u016f. Pokud nem\u00e1me z\u00e1va\u017en\u00fd z\u00e1konn\u00fd d\u016fvod pro zpracov\u00e1n\u00ed a vy vznesete n\u00e1mitku, nebudeme va\u0161e osobn\u00ed \u00fadaje d\u00e1le zpracov\u00e1vat.<\/p>\n<p>M\u00e1te tak\u00e9 <strong>pr\u00e1vo podat st\u00ed\u017enost u dozorov\u00e9ho \u00fa\u0159adu<\/strong> (\u00da\u0159ad pro ochranu osobn\u00edch \u00fadaj\u016f Slovensk\u00e9 republiky, Hrani\u010dn\u00e1 12, 820 07 Bratislava 27, tel.: <a href=\"tel:+421232313214\">02\/ 32 31 3214<\/a>, e-mail: <a href=\"mailto:statny.dozor@pdp.gov.sk\">statny.dozor@pdp.gov.sk<\/a>).<\/p>\n<p>Pokud jsou osobn\u00ed \u00fadaje zpracov\u00e1v\u00e1ny na z\u00e1klad\u011b p\u00edsemn\u00e9ho souhlasu, m\u00e1 subjekt \u00fadaj\u016f pr\u00e1vo sv\u016fj souhlas kdykoli odvolat. Odvol\u00e1n\u00ed souhlasu nem\u00e1 vliv na z\u00e1konnost zpracov\u00e1n\u00ed zalo\u017een\u00e9ho na souhlasu p\u0159ed jeho odvol\u00e1n\u00edm.<\/p>\n<p>Chcete-li z\u00edskat informace o ochran\u011b \u00fadaj\u016f a uplatnit sv\u00e1 pr\u00e1va jako subjekt \u00fadaj\u016f, kontaktujte n\u00e1s:<\/p>\n<p>Kontaktn\u00ed \u00fadaje:<br \/><strong>Mail:<\/strong> Bridge-World s.r.o. se s\u00eddlem v Prakovc\u00edch 15,<br \/><strong>E-mail: <a href=\"mailto:info@maisonvindt.com\">info@maisonvindt.com<\/a><\/strong><\/p>\n<p>Osoba odpov\u011bdn\u00e1 za zpracov\u00e1n\u00ed osobn\u00edch \u00fadaj\u016f:<br \/>Andrea Vindt<\/p>\n\t\t\t\t\t\t<\/div>\n\t\t\t\t<\/div>\n\t\t\t\t<div class=\"elementor-element elementor-element-1f49f54 elementor-widget elementor-widget-text-editor\" data-id=\"1f49f54\" data-element_type=\"widget\" data-widget_type=\"text-editor.default\">\n\t\t\t\t<div class=\"elementor-widget-container\">\n\t\t\t\t\t\t\t<div class=\"simple-page\">\n<div class=\"container-fluid\">\n<div class=\"content\">\n<p>V Prakovc\u00edch plat\u00ed od 10.06.2021<\/p>\n<\/div>\n<\/div>\n<\/div>\n\t\t\t\t\t\t<\/div>\n\t\t\t\t<\/div>\n\t\t\t\t\t<\/div>\n\t\t\t\t<\/div>\n\t\t\t\t<\/div>\n\t\t","protected":false},"excerpt":{"rendered":"<p>PODM\u00cdNKY ZPRACOV\u00c1N\u00cd OSOBN\u00cdCH \u00daDAJ\u016e \u010cl\u00e1nek I. \u00davodn\u00ed ustanoven\u00ed Spr\u00e1vcem t\u011bchto webov\u00fdch str\u00e1nek a spr\u00e1vcem zpracov\u00e1n\u00ed osobn\u00edch \u00fadaj\u016f na t\u011bchto webov\u00fdch str\u00e1nk\u00e1ch je : Bridge-World s.r.o.se s\u00eddlem Prakovce 15, 055 62 PrakovceObchodn\u00ed spole\u010dnost zapsan\u00e1 v obchodn\u00edm rejst\u0159\u00edku Okresn\u00edho soudu Ko\u0161ice I,Odd\u00edl Sro vlo\u017eit \u010d. 24556\/V,IDENTIFIKA\u010cN\u00cd \u010c\u00cdSLO 45 256 837\u010c\u00cdSLO DI\u010c: 2022916335\u010c\u00cdSLO DPH: SK2022916335 Kontaktn\u00ed \u00fadaje:info@maisonvindt.com Osoba [&hellip;]<\/p>\n","protected":false},"author":1,"featured_media":0,"parent":0,"menu_order":0,"comment_status":"closed","ping_status":"closed","template":"","meta":{"_acf_changed":false,"footnotes":""},"class_list":["post-4635","page","type-page","status-publish","hentry"],"acf":[],"_links":{"self":[{"href":"https:\/\/maisonvindt.com\/cs\/wp-json\/wp\/v2\/pages\/4635"}],"collection":[{"href":"https:\/\/maisonvindt.com\/cs\/wp-json\/wp\/v2\/pages"}],"about":[{"href":"https:\/\/maisonvindt.com\/cs\/wp-json\/wp\/v2\/types\/page"}],"author":[{"embeddable":true,"href":"https:\/\/maisonvindt.com\/cs\/wp-json\/wp\/v2\/users\/1"}],"replies":[{"embeddable":true,"href":"https:\/\/maisonvindt.com\/cs\/wp-json\/wp\/v2\/comments?post=4635"}],"version-history":[{"count":2,"href":"https:\/\/maisonvindt.com\/cs\/wp-json\/wp\/v2\/pages\/4635\/revisions"}],"predecessor-version":[{"id":4638,"href":"https:\/\/maisonvindt.com\/cs\/wp-json\/wp\/v2\/pages\/4635\/revisions\/4638"}],"wp:attachment":[{"href":"https:\/\/maisonvindt.com\/cs\/wp-json\/wp\/v2\/media?parent=4635"}],"curies":[{"name":"wp","href":"https:\/\/api.w.org\/{rel}","templated":true}]}}