{"id":4637,"date":"2023-03-07T12:20:22","date_gmt":"2023-03-07T11:20:22","guid":{"rendered":"https:\/\/maisonvindt.com\/postup-pro-podavani-stiznosti\/"},"modified":"2024-05-15T12:48:06","modified_gmt":"2024-05-15T10:48:06","slug":"postup-pro-podavani-stiznosti","status":"publish","type":"page","link":"https:\/\/maisonvindt.com\/cs\/postup-pro-podavani-stiznosti\/","title":{"rendered":"Postup pro pod\u00e1v\u00e1n\u00ed st\u00ed\u017enost\u00ed"},"content":{"rendered":"\t\t<div data-elementor-type=\"wp-page\" data-elementor-id=\"4637\" class=\"elementor elementor-4637 elementor-899\" data-elementor-post-type=\"page\">\n\t\t\t\t<div class=\"elementor-element elementor-element-8146408 e-flex e-con-boxed e-con e-parent\" data-id=\"8146408\" data-element_type=\"container\">\n\t\t\t\t\t<div class=\"e-con-inner\">\n\t\t\t\t<div class=\"elementor-element elementor-element-cc36f08 elementor-widget elementor-widget-heading\" data-id=\"cc36f08\" data-element_type=\"widget\" data-widget_type=\"heading.default\">\n\t\t\t\t<div class=\"elementor-widget-container\">\n\t\t\t<h2 class=\"elementor-heading-title elementor-size-default\">Postup pro pod\u00e1v\u00e1n\u00ed st\u00ed\u017enost\u00ed<\/h2>\t\t<\/div>\n\t\t\t\t<\/div>\n\t\t\t\t<div class=\"elementor-element elementor-element-e30b095 elementor-widget elementor-widget-heading\" data-id=\"e30b095\" data-element_type=\"widget\" data-widget_type=\"heading.default\">\n\t\t\t\t<div class=\"elementor-widget-container\">\n\t\t\t<h4 class=\"elementor-heading-title elementor-size-default\">Odpov\u011bdnost za vady, z\u00e1ruka<\/h4>\t\t<\/div>\n\t\t\t\t<\/div>\n\t\t\t\t<div class=\"elementor-element elementor-element-ae93570 elementor-widget elementor-widget-text-editor\" data-id=\"ae93570\" data-element_type=\"widget\" data-widget_type=\"text-editor.default\">\n\t\t\t\t<div class=\"elementor-widget-container\">\n\t\t\t\t\t\t\t<ol>\n<li>Prod\u00e1vaj\u00edc\u00ed odpov\u00edd\u00e1 kupuj\u00edc\u00edmu za vady zbo\u017e\u00ed, pokud se vyskytnou na zbo\u017e\u00ed p\u0159i p\u0159evzet\u00ed zbo\u017e\u00ed nebo v z\u00e1ru\u010dn\u00ed dob\u011b podle p\u0159\u00edslu\u0161n\u00fdch ustanoven\u00ed ob\u010dansk\u00e9ho z\u00e1kon\u00edku \u010d. 89\/2012 Sb., ve zn\u011bn\u00ed pozd\u011bj\u0161\u00edch p\u0159edpis\u016f. 40\/1964 Sb. ve zn\u011bn\u00ed pozd\u011bj\u0161\u00edch p\u0159edpis\u016f (d\u00e1le jen<strong>&#8220;ob\u010dansk\u00fd z\u00e1kon\u00edk<\/strong>&#8220;) a z\u00e1kona \u010d. 250\/2007 Sb. o ochran\u011b spot\u0159ebitele a o zm\u011bn\u011b z\u00e1kona Slovensk\u00e9 n\u00e1rodn\u00ed rady \u010d. 372\/1990 Sb. o p\u0159estupc\u00edch, ve zn\u011bn\u00ed pozd\u011bj\u0161\u00edch p\u0159edpis\u016f, pokud je Kupuj\u00edc\u00ed spot\u0159ebitelem, a podle p\u0159\u00edslu\u0161n\u00fdch ustanoven\u00ed obchodn\u00edho z\u00e1kon\u00edku \u010d. 513\/1991 Sb. 513\/1991 Sb. ve zn\u011bn\u00ed pozd\u011bj\u0161\u00edch p\u0159edpis\u016f (d\u00e1le jen<strong>&#8220;obchodn\u00ed z\u00e1kon\u00edk&#8221;<\/strong>), je-li kupuj\u00edc\u00ed podnikatelem, a za podm\u00ednek stanoven\u00fdch v kupn\u00ed smlouv\u011b.<\/li>\n<li>Kupuj\u00edc\u00ed je povinen prohl\u00e9dnout zbo\u017e\u00ed p\u0159i p\u0159evzet\u00ed zbo\u017e\u00ed, a pokud to nen\u00ed mo\u017en\u00e9, bez zbyte\u010dn\u00e9ho odkladu po p\u0159evzet\u00ed zbo\u017e\u00ed.<\/li>\n<\/ol>\n\t\t\t\t\t\t<\/div>\n\t\t\t\t<\/div>\n\t\t\t\t<div class=\"elementor-element elementor-element-34b1daf elementor-widget elementor-widget-heading\" data-id=\"34b1daf\" data-element_type=\"widget\" data-widget_type=\"heading.default\">\n\t\t\t\t<div class=\"elementor-widget-container\">\n\t\t\t<h4 class=\"elementor-heading-title elementor-size-default\">Odpov\u011bdnost za vady ve vztahu ke kupuj\u00edc\u00edmu, kter\u00fd je spot\u0159ebitelem<\/h4>\t\t<\/div>\n\t\t\t\t<\/div>\n\t\t\t\t<div class=\"elementor-element elementor-element-712e1bd elementor-widget elementor-widget-text-editor\" data-id=\"712e1bd\" data-element_type=\"widget\" data-widget_type=\"text-editor.default\">\n\t\t\t\t<div class=\"elementor-widget-container\">\n\t\t\t\t\t\t\t<ol>\n<li>Prod\u00e1vaj\u00edc\u00ed odpov\u00edd\u00e1 za vady prodan\u00e9ho zbo\u017e\u00ed p\u0159i jeho p\u0159evzet\u00ed kupuj\u00edc\u00edm.<\/li>\n<li>Z\u00e1ru\u010dn\u00ed doba je 24 m\u011bs\u00edc\u016f, pokud nen\u00ed prod\u00e1vaj\u00edc\u00edm na zbo\u017e\u00ed nebo v z\u00e1ru\u010dn\u00edm list\u011b uvedena del\u0161\u00ed z\u00e1ru\u010dn\u00ed doba. Z\u00e1ru\u010dn\u00ed doba za\u010d\u00edn\u00e1 b\u011b\u017eet od p\u0159evzet\u00ed zbo\u017e\u00ed kupuj\u00edc\u00edm. Pr\u00e1va z odpov\u011bdnosti za vady zbo\u017e\u00ed, na kter\u00e9 se vztahuje z\u00e1ru\u010dn\u00ed doba, zanikaj\u00ed, pokud nebyla uplatn\u011bna v z\u00e1ru\u010dn\u00ed dob\u011b.<\/li>\n<li>Do z\u00e1ru\u010dn\u00ed doby se nezapo\u010d\u00edt\u00e1v\u00e1 doba od uplatn\u011bn\u00ed pr\u00e1va z odpov\u011bdnosti za vady do doby, kdy byl kupuj\u00edc\u00ed povinen v\u011bc po proveden\u00ed opravy p\u0159evz\u00edt. Prod\u00e1vaj\u00edc\u00ed je povinen vydat kupuj\u00edc\u00edmu potvrzen\u00ed o tom, kdy bylo pr\u00e1vo uplatn\u011bno, a o proveden\u00ed opravy a dob\u011b jej\u00edho trv\u00e1n\u00ed.<\/li>\n<li>V p\u0159\u00edpad\u011b v\u00fdm\u011bny zbo\u017e\u00ed za\u010d\u00edn\u00e1 z\u00e1ru\u010dn\u00ed doba b\u011b\u017eet znovu od p\u0159evzet\u00ed nov\u00e9ho zbo\u017e\u00ed. Tot\u00e9\u017e plat\u00ed v p\u0159\u00edpad\u011b v\u00fdm\u011bny \u010d\u00e1sti zbo\u017e\u00ed, na kterou se vztahuje z\u00e1ruka.<\/li>\n<li>Prod\u00e1vaj\u00edc\u00ed odpov\u00edd\u00e1 kupuj\u00edc\u00edmu za vady zbo\u017e\u00ed v souladu s ustanoven\u00edmi \u00a7 623 a 623 ob\u010dansk\u00e9ho z\u00e1kon\u00edku. Kupuj\u00edc\u00ed m\u00e1 pr\u00e1vo uplatnit u prod\u00e1vaj\u00edc\u00edho n\u00e1roky vypl\u00fdvaj\u00edc\u00ed z odpov\u011bdnosti prod\u00e1vaj\u00edc\u00edho za vady zbo\u017e\u00ed (d\u00e1le jen<strong>&#8220;reklamace&#8221;<\/strong>), m\u00e1-li zbo\u017e\u00ed vadu, kterou lze odstranit, m\u00e1 kupuj\u00edc\u00ed pr\u00e1vo na jej\u00ed bezplatn\u00e9, v\u010dasn\u00e9 a \u0159\u00e1dn\u00e9 odstran\u011bn\u00ed. Prod\u00e1vaj\u00edc\u00ed je povinen vadu odstranit bez zbyte\u010dn\u00e9ho odkladu. Kupuj\u00edc\u00ed m\u016f\u017ee nam\u00edsto odstran\u011bn\u00ed vady po\u017eadovat v\u00fdm\u011bnu zbo\u017e\u00ed, nebo pokud se vada t\u00fdk\u00e1 pouze sou\u010d\u00e1sti zbo\u017e\u00ed, v\u00fdm\u011bnu sou\u010d\u00e1sti, pokud t\u00edm prod\u00e1vaj\u00edc\u00edmu nevzniknou nep\u0159im\u011b\u0159en\u00e9 n\u00e1klady vzhledem k cen\u011b zbo\u017e\u00ed nebo z\u00e1va\u017enosti vady. Prod\u00e1vaj\u00edc\u00ed m\u016f\u017ee v\u017edy m\u00edsto odstran\u011bn\u00ed vady vym\u011bnit vadn\u00e9 zbo\u017e\u00ed za bezvadn\u00e9, pokud to kupuj\u00edc\u00edmu nezp\u016fsob\u00ed v\u00e1\u017en\u00e9 obt\u00ed\u017ee.<\/li>\n<li>Podle ustanoven\u00ed \u00a7 623 ob\u010dansk\u00e9ho z\u00e1kon\u00edku m\u00e1 kupuj\u00edc\u00ed v p\u0159\u00edpad\u011b, \u017ee se vyskytne vada, kterou nelze odstranit a kter\u00e1 br\u00e1n\u00ed tomu, aby zbo\u017e\u00ed mohlo b\u00fdt \u0159\u00e1dn\u011b u\u017e\u00edv\u00e1no jako v\u011bc bez vady, pr\u00e1vo na v\u00fdm\u011bnu zbo\u017e\u00ed nebo m\u00e1 pr\u00e1vo od smlouvy odstoupit. Stejn\u00e1 pr\u00e1va m\u00e1 kupuj\u00edc\u00ed i v p\u0159\u00edpad\u011b, \u017ee vady jsou odstraniteln\u00e9, ale kupuj\u00edc\u00ed nem\u016f\u017ee zbo\u017e\u00ed \u0159\u00e1dn\u011b u\u017e\u00edvat pro opakovan\u00fd v\u00fdskyt vady po oprav\u011b nebo pro v\u011bt\u0161\u00ed po\u010det vad. Pokud se vyskytnou jin\u00e9 neodstraniteln\u00e9 vady, m\u00e1 Kupuj\u00edc\u00ed n\u00e1rok na p\u0159im\u011b\u0159enou slevu z kupn\u00ed ceny Zbo\u017e\u00ed.<\/li>\n<li>Uplatn\u00ed-li kupuj\u00edc\u00ed reklamaci, je prod\u00e1vaj\u00edc\u00ed povinen ur\u010dit zp\u016fsob vy\u0159\u00edzen\u00ed reklamace ihned, ve slo\u017eit\u011bj\u0161\u00edch p\u0159\u00edpadech nejpozd\u011bji do 3 pracovn\u00edch dn\u016f ode dne uplatn\u011bn\u00ed reklamace, v od\u016fvodn\u011bn\u00fdch p\u0159\u00edpadech, zejm\u00e9na je-li nutn\u00e9 slo\u017eit\u00e9 technick\u00e9 posouzen\u00ed stavu zbo\u017e\u00ed, nejpozd\u011bji do 30 dn\u016f ode dne uplatn\u011bn\u00ed reklamace.<\/li>\n<li>V p\u0159\u00edpad\u011b uplatn\u011bn\u00ed pr\u00e1va na odstran\u011bn\u00ed vady opravou zbo\u017e\u00ed m\u00e1 kupuj\u00edc\u00ed pr\u00e1vo na bezplatn\u00e9, v\u010dasn\u00e9 a \u0159\u00e1dn\u00e9 odstran\u011bn\u00ed vady. Prod\u00e1vaj\u00edc\u00ed je povinen odstranit reklamovanou vadu bez zbyte\u010dn\u00e9ho odkladu, nejpozd\u011bji v\u0161ak do 30 kalend\u00e1\u0159n\u00edch dn\u016f ode dne uplatn\u011bn\u00ed reklamace. Opraviteln\u00e9 vady jsou vady, kter\u00e9 lze odstranit opravou, ani\u017e by byl ovlivn\u011bn vzhled, funkce a kvalita v\u00fdrobku.<\/li>\n<li>Nebude-li reklamace vy\u0159\u00edzena opravou zbo\u017e\u00ed do 30 kalend\u00e1\u0159n\u00edch dn\u016f, m\u00e1 kupuj\u00edc\u00ed po uplynut\u00ed t\u00e9to lh\u016fty pr\u00e1vo na v\u00fdm\u011bnu zbo\u017e\u00ed za nov\u00e9 bezvadn\u00e9 zbo\u017e\u00ed nebo m\u00e1 pr\u00e1vo od smlouvy odstoupit. Stejn\u00e9 pr\u00e1vo m\u00e1 kupuj\u00edc\u00ed, pokud nem\u016f\u017ee zbo\u017e\u00ed \u0159\u00e1dn\u011b u\u017e\u00edvat pro op\u011btovn\u00fd v\u00fdskyt odstraniteln\u00e9 vady po oprav\u011b nebo pro v\u011bt\u0161\u00ed po\u010det odstraniteln\u00fdch vad. Opakov\u00e1n\u00ed z\u00e1vady po oprav\u011b je, kdy\u017e se stejn\u00e1 z\u00e1vada, kter\u00e1 ji\u017e byla v z\u00e1ru\u010dn\u00ed dob\u011b alespo\u0148 dvakr\u00e1t opravena, vyskytne znovu. Zbo\u017e\u00ed trp\u00ed v\u011bt\u0161\u00edm po\u010dtem vad, pokud m\u00e1 v dob\u011b uplatn\u011bn\u00ed reklamace alespo\u0148 t\u0159i r\u016fzn\u00e9 (z r\u016fzn\u00fdch p\u0159\u00ed\u010din) sou\u010dasn\u011b odstraniteln\u00e9 vady.<\/li>\n<li>Prod\u00e1vaj\u00edc\u00ed je povinen vystavit p\u00edsemn\u00fd doklad o reklamaci do 30 dn\u016f ode dne uplatn\u011bn\u00ed reklamace.<\/li>\n<\/ol>\n\t\t\t\t\t\t<\/div>\n\t\t\t\t<\/div>\n\t\t\t\t<div class=\"elementor-element elementor-element-458ae40 elementor-widget elementor-widget-heading\" data-id=\"458ae40\" data-element_type=\"widget\" data-widget_type=\"heading.default\">\n\t\t\t\t<div class=\"elementor-widget-container\">\n\t\t\t<h4 class=\"elementor-heading-title elementor-size-default\">Odpov\u011bdnost za vady ve vztahu ke kupuj\u00edc\u00edmu, kter\u00fd je podnikatelem<\/h4>\t\t<\/div>\n\t\t\t\t<\/div>\n\t\t\t\t<div class=\"elementor-element elementor-element-7c0e409 elementor-widget elementor-widget-text-editor\" data-id=\"7c0e409\" data-element_type=\"widget\" data-widget_type=\"text-editor.default\">\n\t\t\t\t<div class=\"elementor-widget-container\">\n\t\t\t\t\t\t\t<ol>\n<li>Prod\u00e1vaj\u00edc\u00ed poskytuje kupuj\u00edc\u00edmu z\u00e1ruku za jakost zbo\u017e\u00ed, tj. zavazuje se, \u017ee zbo\u017e\u00ed bude po dobu z\u00e1ruky zp\u016fsobil\u00e9 k pou\u017eit\u00ed pro obvykl\u00fd \u00fa\u010del a zachov\u00e1 si obvykl\u00e9 vlastnosti. Z\u00e1ru\u010dn\u00ed doba je 24 m\u011bs\u00edc\u016f a b\u011b\u017e\u00ed od data dod\u00e1n\u00ed.<\/li>\n<li>V ostatn\u00edch ohledech se pr\u00e1va a povinnosti prod\u00e1vaj\u00edc\u00edho a kupuj\u00edc\u00edho, zejm\u00e9na n\u00e1roky kupuj\u00edc\u00edho z vad zbo\u017e\u00ed, \u0159\u00edd\u00ed ustanoven\u00edmi \u00a7 422 a n\u00e1sl. Obchodn\u00ed z\u00e1kon\u00edk. Lh\u016fta 30 kalend\u00e1\u0159n\u00edch dn\u016f pro vy\u0159\u00edzen\u00ed reklamace se pova\u017euje za p\u0159im\u011b\u0159enou dodate\u010dnou lh\u016ftu k pln\u011bn\u00ed ve smyslu \u00a7 436 a n\u00e1sl. Obchodn\u00ed z\u00e1kon\u00edk. Kupuj\u00edc\u00ed m\u016f\u017ee uplatnit n\u00e1rok na slevu z kupn\u00ed ceny nebo odstoupit od kupn\u00ed smlouvy a\u017e po uplynut\u00ed t\u00e9to lh\u016fty.<\/li>\n<\/ol>\n\t\t\t\t\t\t<\/div>\n\t\t\t\t<\/div>\n\t\t\t\t<div class=\"elementor-element elementor-element-eb49c1a elementor-widget elementor-widget-heading\" data-id=\"eb49c1a\" data-element_type=\"widget\" data-widget_type=\"heading.default\">\n\t\t\t\t<div class=\"elementor-widget-container\">\n\t\t\t<h5 class=\"elementor-heading-title elementor-size-default\">Spole\u010dn\u00e1 a z\u00e1v\u011bre\u010dn\u00e1 ustanoven\u00ed<\/h5>\t\t<\/div>\n\t\t\t\t<\/div>\n\t\t\t\t<div class=\"elementor-element elementor-element-1217850 elementor-widget elementor-widget-text-editor\" data-id=\"1217850\" data-element_type=\"widget\" data-widget_type=\"text-editor.default\">\n\t\t\t\t<div class=\"elementor-widget-container\">\n\t\t\t\t\t\t\t<ol>\n<li>Reklamace lze uplatnit po\u0161tou v s\u00eddle prod\u00e1vaj\u00edc\u00edho nebo osobn\u011b v showroomu VINDT na adrese Kov\u00e1\u010dska 11, 040 01 Ko\u0161ice. Reklamace mus\u00ed b\u00fdt uplatn\u011bna bez zbyte\u010dn\u00e9ho odkladu, jakmile byla z\u00e1vada zji\u0161t\u011bna. Jak\u00e9koli prodlen\u00ed spolu s dal\u0161\u00edm pou\u017e\u00edv\u00e1n\u00edm zbo\u017e\u00ed m\u016f\u017ee zp\u016fsobit prohlouben\u00ed vady, zhor\u0161en\u00ed kvality zbo\u017e\u00ed a m\u016f\u017ee b\u00fdt d\u016fvodem k zam\u00edtnut\u00ed reklamace.<\/li>\n<li>V reklamaci kupuj\u00edc\u00ed uvede sv\u00e9 jm\u00e9no, p\u0159\u00edjmen\u00ed, adresu, pop\u0159. telefonn\u00ed \u010d\u00edslo nebo e-mailovou adresu, ozna\u010den\u00ed zbo\u017e\u00ed, datum a m\u00edsto p\u0159evzet\u00ed zbo\u017e\u00ed a popis reklamovan\u00e9 vady. Kupuj\u00edc\u00ed je povinen p\u0159edlo\u017eit doklad o koupi nebo z\u00e1ru\u010dn\u00ed list, pokud byl vystaven, a samotn\u00e9 zbo\u017e\u00ed v kompletn\u00edm stavu, vy\u010di\u0161t\u011bn\u00e9, zbaven\u00e9 v\u0161ech ne\u010distot a hygienicky nez\u00e1vadn\u00e9. Nep\u0159edlo\u017een\u00edm dokladu o koupi zbo\u017e\u00ed se kupuj\u00edc\u00ed vystavuje riziku, \u017ee neprok\u00e1\u017ee v\u010dasnost reklamace a opr\u00e1vn\u011bnost sv\u00e9ho n\u00e1roku.<\/li>\n<li>Uplatn\u00ed-li kupuj\u00edc\u00ed pr\u00e1vo z vadn\u00e9ho pln\u011bn\u00ed, prod\u00e1vaj\u00edc\u00ed mu p\u00edsemn\u011b potvrd\u00ed, kdy pr\u00e1vo z odpov\u011bdnosti za vady uplatnil, a po vy\u0159\u00edzen\u00ed reklamace mu vyd\u00e1 rovn\u011b\u017e potvrzen\u00ed o zp\u016fsobu vy\u0159\u00edzen\u00ed reklamace, jako\u017e i o proveden\u00ed p\u0159\u00edpadn\u00fdch oprav a dob\u011b reklama\u010dn\u00edho \u0159\u00edzen\u00ed.<\/li>\n<li>Z\u00e1ruka se nevztahuje na b\u011b\u017en\u00e9 opot\u0159eben\u00ed, ztr\u00e1tu \u017eivotnosti v\u00fdrobku v d\u016fsledku nadm\u011brn\u00e9ho pou\u017e\u00edv\u00e1n\u00ed nad r\u00e1mec ur\u010den\u00e9ho pou\u017eit\u00ed nebo \u00fa\u010delu v\u00fdrobku, jako\u017e i v d\u016fsledku nespr\u00e1vn\u00e9 p\u00e9\u010de, nespr\u00e1vn\u00e9ho zach\u00e1zen\u00ed se zbo\u017e\u00edm a pou\u017e\u00edv\u00e1n\u00ed zbo\u017e\u00ed v rozporu s jeho ur\u010den\u00edm, z\u00e1vady zp\u016fsoben\u00e9 mechanick\u00fdm po\u0161kozen\u00edm nebo vn\u011bj\u0161\u00edmi vlivy. Na vady zbo\u017e\u00ed tohoto p\u016fvodu se z\u00e1ruka nevztahuje. Na vady, pro kter\u00e9 byla poskytnuta sleva z kupn\u00ed ceny zbo\u017e\u00ed, nelze uplatnit reklamaci.<\/li>\n<li>Prod\u00e1vaj\u00edc\u00ed nep\u0159eb\u00edr\u00e1 odpov\u011bdnost za \u0161kody vznikl\u00e9 v d\u016fsledku nespr\u00e1vn\u00e9ho pou\u017eit\u00ed zbo\u017e\u00ed nebo nespr\u00e1vn\u00e9 p\u00e9\u010de a manipulace se zbo\u017e\u00edm.<\/li>\n<li>Po vy\u0159\u00edzen\u00ed reklamace je prod\u00e1vaj\u00edc\u00ed povinen zaslat zbo\u017e\u00ed kupuj\u00edc\u00edmu na adresu uvedenou kupuj\u00edc\u00edm v reklamaci, pokud se kupuj\u00edc\u00ed s prod\u00e1vaj\u00edc\u00edm nedohodnou jinak. Po vy\u0159\u00edzen\u00ed reklamace je kupuj\u00edc\u00ed povinen zbo\u017e\u00ed p\u0159evz\u00edt.<\/li>\n<li>Pokud kupuj\u00edc\u00ed, kter\u00fd je v prodlen\u00ed s p\u0159evzet\u00edm zbo\u017e\u00ed, po\u017e\u00e1d\u00e1 o jeho op\u011btovn\u00e9 zasl\u00e1n\u00ed, za\u0161le prod\u00e1vaj\u00edc\u00ed zbo\u017e\u00ed kupuj\u00edc\u00edmu pouze za podm\u00ednky, \u017ee kupuj\u00edc\u00ed p\u0159edem uhrad\u00ed ve\u0161ker\u00e9 n\u00e1klady spojen\u00e9 s t\u00edmto op\u011btovn\u00fdm zasl\u00e1n\u00edm.<\/li>\n<li>Informace o postupu p\u0159i uplat\u0148ov\u00e1n\u00ed a vy\u0159izov\u00e1n\u00ed st\u00ed\u017enost\u00ed uveden\u00e9 v t\u011bchto ustanoven\u00edch se p\u0159im\u011b\u0159en\u011b vztahuj\u00ed i na st\u00ed\u017enosti a podn\u011bty spot\u0159ebitel\u016f.<\/li>\n<li>Tento reklama\u010dn\u00ed \u0159\u00e1d je ned\u00edlnou sou\u010d\u00e1st\u00ed obchodn\u00edch podm\u00ednek internetov\u00e9ho obchodu VINDT a z\u00e1rove\u0148 ned\u00edlnou sou\u010d\u00e1st\u00ed nab\u00eddky prod\u00e1vaj\u00edc\u00edho na uzav\u0159en\u00ed kupn\u00ed smlouvy. Odesl\u00e1n\u00edm objedn\u00e1vky prost\u0159ednictv\u00edm internetov\u00e9ho obchodu kupuj\u00edc\u00ed potvrzuje, \u017ee se sezn\u00e1mil s t\u011bmito reklama\u010dn\u00edmi podm\u00ednkami a \u017ee s nimi souhlas\u00ed.<\/li>\n<li>Prod\u00e1vaj\u00edc\u00ed si vyhrazuje pr\u00e1vo jednostrann\u011b zm\u011bnit tento reklama\u010dn\u00ed \u0159\u00e1d.<\/li>\n<li>Tento reklama\u010dn\u00ed \u0159\u00e1d vstupuje v platnost dne 26. 8. 2021 a vztahuje se na kupn\u00ed smlouvy uzav\u0159en\u00e9 po tomto datu.<\/li>\n<\/ol>\n\t\t\t\t\t\t<\/div>\n\t\t\t\t<\/div>\n\t\t\t\t\t<\/div>\n\t\t\t\t<\/div>\n\t\t\t\t<\/div>\n\t\t","protected":false},"excerpt":{"rendered":"<p>Postup pro pod\u00e1v\u00e1n\u00ed st\u00ed\u017enost\u00ed Odpov\u011bdnost za vady, z\u00e1ruka Prod\u00e1vaj\u00edc\u00ed odpov\u00edd\u00e1 kupuj\u00edc\u00edmu za vady zbo\u017e\u00ed, pokud se vyskytnou na zbo\u017e\u00ed p\u0159i p\u0159evzet\u00ed zbo\u017e\u00ed nebo v z\u00e1ru\u010dn\u00ed dob\u011b podle p\u0159\u00edslu\u0161n\u00fdch ustanoven\u00ed ob\u010dansk\u00e9ho z\u00e1kon\u00edku \u010d. 89\/2012 Sb., ve zn\u011bn\u00ed pozd\u011bj\u0161\u00edch p\u0159edpis\u016f. 40\/1964 Sb. ve zn\u011bn\u00ed pozd\u011bj\u0161\u00edch p\u0159edpis\u016f (d\u00e1le jen&#8220;ob\u010dansk\u00fd z\u00e1kon\u00edk&#8220;) a z\u00e1kona \u010d. 250\/2007 Sb. o ochran\u011b spot\u0159ebitele [&hellip;]<\/p>\n","protected":false},"author":1,"featured_media":0,"parent":0,"menu_order":0,"comment_status":"closed","ping_status":"closed","template":"","meta":{"_acf_changed":false,"footnotes":""},"class_list":["post-4637","page","type-page","status-publish","hentry"],"acf":[],"_links":{"self":[{"href":"https:\/\/maisonvindt.com\/cs\/wp-json\/wp\/v2\/pages\/4637"}],"collection":[{"href":"https:\/\/maisonvindt.com\/cs\/wp-json\/wp\/v2\/pages"}],"about":[{"href":"https:\/\/maisonvindt.com\/cs\/wp-json\/wp\/v2\/types\/page"}],"author":[{"embeddable":true,"href":"https:\/\/maisonvindt.com\/cs\/wp-json\/wp\/v2\/users\/1"}],"replies":[{"embeddable":true,"href":"https:\/\/maisonvindt.com\/cs\/wp-json\/wp\/v2\/comments?post=4637"}],"version-history":[{"count":1,"href":"https:\/\/maisonvindt.com\/cs\/wp-json\/wp\/v2\/pages\/4637\/revisions"}],"predecessor-version":[{"id":4639,"href":"https:\/\/maisonvindt.com\/cs\/wp-json\/wp\/v2\/pages\/4637\/revisions\/4639"}],"wp:attachment":[{"href":"https:\/\/maisonvindt.com\/cs\/wp-json\/wp\/v2\/media?parent=4637"}],"curies":[{"name":"wp","href":"https:\/\/api.w.org\/{rel}","templated":true}]}}