{"id":3977,"date":"2023-07-04T01:02:35","date_gmt":"2023-07-03T23:02:35","guid":{"rendered":"https:\/\/maisonvindt.com\/product\/cerne-kalhoty\/"},"modified":"2024-05-15T12:42:30","modified_gmt":"2024-05-15T10:42:30","slug":"cerne-kalhoty","status":"publish","type":"product","link":"https:\/\/maisonvindt.com\/cs\/produkt\/cerne-kalhoty\/","title":{"rendered":"\u010cern\u00e9 kalhoty"},"content":{"rendered":"<p>O\u017eivte sv\u016fj \u0161atn\u00edk \u010dern\u00fdmi roz\u0161\u00ed\u0159en\u00fdmi kalhotami s punt\u00edky. D\u00edky modern\u00edmu st\u0159ihu a speci\u00e1ln\u00edmu<br \/>\ndetaily vytv\u00e1\u0159ej\u00ed jedine\u010dn\u00fd a m\u00f3dn\u00ed vzhled. Jsou vyrobeny z vysoce kvalitn\u00edho materi\u00e1lu, kter\u00fd je p\u0159\u00edjemn\u00fd na dotek.<br \/>\na budete se c\u00edtit pohodln\u011b v ka\u017ed\u00e9 situaci. Jejich prodlou\u017een\u00fd \u0159ez p\u016fsobiv\u011b<br \/>\nprodlou\u017e\u00ed a zjemn\u00ed va\u0161i postavu. Knofl\u00edky na kalhot\u00e1ch dod\u00e1vaj\u00ed kalhot\u00e1m zaj\u00edmav\u00fd form\u00e1ln\u00ed akcent, d\u00edky n\u011bmu\u017e se st\u00e1vaj\u00ed zaj\u00edmav\u00fdmi.<br \/>\nv\u00fdjime\u010dn\u00e9. Tyto \u010dern\u00e9 kalhoty jsou univerz\u00e1ln\u00ed a lze je kombinovat s r\u016fzn\u00fdmi halenkami nebo<br \/>\nblejzry z na\u0161\u00ed nab\u00eddky. Jsou vhodn\u00e9 pro ka\u017edodenn\u00ed no\u0161en\u00ed, ale tak\u00e9 pro p\u0159\u00edle\u017eitosti, kdy je t\u0159eba.<br \/>\nchcete b\u00fdt st\u0159edem pozornosti. Ud\u011blejte si ve sv\u00e9m \u0161atn\u00edku m\u00edsto pro v\u00fdjime\u010dn\u00e9 kousky, kter\u00e9<br \/>\nvy\u010dn\u00edvat z davu.<\/p>\n","protected":false},"excerpt":{"rendered":"<p>O\u017eivte sv\u016fj \u0161atn\u00edk \u010dern\u00fdmi roz\u0161\u00ed\u0159en\u00fdmi kalhotami s punt\u00edky. D\u00edky modern\u00edmu st\u0159ihu a speci\u00e1ln\u00edmu detaily vytv\u00e1\u0159ej\u00ed jedine\u010dn\u00fd a m\u00f3dn\u00ed vzhled. Jsou vyrobeny z vysoce kvalitn\u00edho materi\u00e1lu, kter\u00fd je p\u0159\u00edjemn\u00fd na dotek. a budete se c\u00edtit pohodln\u011b v ka\u017ed\u00e9 situaci. Jejich prodlou\u017een\u00fd \u0159ez p\u016fsobiv\u011b prodlou\u017e\u00ed a zjemn\u00ed va\u0161i postavu. Knofl\u00edky na kalhot\u00e1ch dod\u00e1vaj\u00ed kalhot\u00e1m zaj\u00edmav\u00fd form\u00e1ln\u00ed akcent, [&hellip;]<\/p>\n","protected":false},"featured_media":3978,"comment_status":"closed","ping_status":"closed","template":"","meta":{"_acf_changed":false},"product_cat":[164],"product_tag":[],"class_list":{"0":"post-3977","1":"product","2":"type-product","3":"status-publish","4":"has-post-thumbnail","6":"product_cat-kalhoty","8":"first","9":"onbackorder","10":"taxable","11":"shipping-taxable","12":"purchasable","13":"product-type-simple"},"acf":[],"_links":{"self":[{"href":"https:\/\/maisonvindt.com\/cs\/wp-json\/wp\/v2\/product\/3977"}],"collection":[{"href":"https:\/\/maisonvindt.com\/cs\/wp-json\/wp\/v2\/product"}],"about":[{"href":"https:\/\/maisonvindt.com\/cs\/wp-json\/wp\/v2\/types\/product"}],"replies":[{"embeddable":true,"href":"https:\/\/maisonvindt.com\/cs\/wp-json\/wp\/v2\/comments?post=3977"}],"wp:featuredmedia":[{"embeddable":true,"href":"https:\/\/maisonvindt.com\/cs\/wp-json\/wp\/v2\/media\/3978"}],"wp:attachment":[{"href":"https:\/\/maisonvindt.com\/cs\/wp-json\/wp\/v2\/media?parent=3977"}],"wp:term":[{"taxonomy":"product_cat","embeddable":true,"href":"https:\/\/maisonvindt.com\/cs\/wp-json\/wp\/v2\/product_cat?post=3977"},{"taxonomy":"product_tag","embeddable":true,"href":"https:\/\/maisonvindt.com\/cs\/wp-json\/wp\/v2\/product_tag?post=3977"}],"curies":[{"name":"wp","href":"https:\/\/api.w.org\/{rel}","templated":true}]}}