{"id":3987,"date":"2023-07-04T00:26:24","date_gmt":"2023-07-03T22:26:24","guid":{"rendered":"https:\/\/maisonvindt.com\/product\/horcicove-kalhoty-nimer\/"},"modified":"2024-05-15T12:42:26","modified_gmt":"2024-05-15T10:42:26","slug":"horcicove-kalhoty-nimer","status":"publish","type":"product","link":"https:\/\/maisonvindt.com\/cs\/produkt\/horcicove-kalhoty-nimer\/","title":{"rendered":"Ho\u0159\u010dicov\u00e9 kalhoty Nimer"},"content":{"rendered":"<p>Tyto kalhoty se hod\u00ed pro r\u016fzn\u00e9 p\u0159\u00edle\u017eitosti. M\u016f\u017eete je nosit do pr\u00e1ce, na spole\u010densk\u00e9 ud\u00e1losti.<br \/>\nnebo na ve\u010dern\u00ed proch\u00e1zky. Daj\u00ed se kombinovat s topy, halenkami nebo svetry, tak\u017ee m\u016f\u017eete<br \/>\nvytvo\u0159it mnoho r\u016fzn\u00fdch outfit\u016f podle n\u00e1lady. Materi\u00e1l je p\u0159\u00edjemn\u00fd na dotek a zaru\u010duje, \u017ee v\u00e1m<br \/>\npohodln\u00e9 no\u0161en\u00ed po cel\u00fd den. Kalhoty NIMER jsou synonymem pro klasick\u00e9 a sofistikovan\u00e9 kalhoty.<br \/>\nVzhled. D\u00edky jejich univerz\u00e1lnosti a eleganci m\u016f\u017eete b\u00fdt v\u017edy vkusn\u011b oble\u010deni a c\u00edtit se skv\u011ble.<br \/>\nProjd\u011bte se bez obav m\u011bstem a zanechte nezapomenuteln\u00fd dojem.<\/p>\n","protected":false},"excerpt":{"rendered":"<p>Tyto kalhoty se hod\u00ed pro r\u016fzn\u00e9 p\u0159\u00edle\u017eitosti. M\u016f\u017eete je nosit do pr\u00e1ce, na spole\u010densk\u00e9 ud\u00e1losti. nebo na ve\u010dern\u00ed proch\u00e1zky. Daj\u00ed se kombinovat s topy, halenkami nebo svetry, tak\u017ee m\u016f\u017eete vytvo\u0159it mnoho r\u016fzn\u00fdch outfit\u016f podle n\u00e1lady. Materi\u00e1l je p\u0159\u00edjemn\u00fd na dotek a zaru\u010duje, \u017ee v\u00e1m pohodln\u00e9 no\u0161en\u00ed po cel\u00fd den. Kalhoty NIMER jsou synonymem pro klasick\u00e9 [&hellip;]<\/p>\n","protected":false},"featured_media":3991,"comment_status":"closed","ping_status":"closed","template":"","meta":{"_acf_changed":false},"product_cat":[164],"product_tag":[],"class_list":{"0":"post-3987","1":"product","2":"type-product","3":"status-publish","4":"has-post-thumbnail","6":"product_cat-kalhoty","8":"first","9":"onbackorder","10":"taxable","11":"shipping-taxable","12":"purchasable","13":"product-type-simple"},"acf":[],"_links":{"self":[{"href":"https:\/\/maisonvindt.com\/cs\/wp-json\/wp\/v2\/product\/3987"}],"collection":[{"href":"https:\/\/maisonvindt.com\/cs\/wp-json\/wp\/v2\/product"}],"about":[{"href":"https:\/\/maisonvindt.com\/cs\/wp-json\/wp\/v2\/types\/product"}],"replies":[{"embeddable":true,"href":"https:\/\/maisonvindt.com\/cs\/wp-json\/wp\/v2\/comments?post=3987"}],"wp:featuredmedia":[{"embeddable":true,"href":"https:\/\/maisonvindt.com\/cs\/wp-json\/wp\/v2\/media\/3991"}],"wp:attachment":[{"href":"https:\/\/maisonvindt.com\/cs\/wp-json\/wp\/v2\/media?parent=3987"}],"wp:term":[{"taxonomy":"product_cat","embeddable":true,"href":"https:\/\/maisonvindt.com\/cs\/wp-json\/wp\/v2\/product_cat?post=3987"},{"taxonomy":"product_tag","embeddable":true,"href":"https:\/\/maisonvindt.com\/cs\/wp-json\/wp\/v2\/product_tag?post=3987"}],"curies":[{"name":"wp","href":"https:\/\/api.w.org\/{rel}","templated":true}]}}