{"id":3989,"date":"2023-07-04T00:52:28","date_gmt":"2023-07-03T22:52:28","guid":{"rendered":"https:\/\/maisonvindt.com\/product\/cerne-sametove-sako-frill\/"},"modified":"2024-05-15T12:42:31","modified_gmt":"2024-05-15T10:42:31","slug":"cerne-sametove-sako-frill","status":"publish","type":"product","link":"https:\/\/maisonvindt.com\/cs\/produkt\/cerne-sametove-sako-frill\/","title":{"rendered":"\u010cern\u00e9 sametov\u00e9 sako FRILL"},"content":{"rendered":"<p>Luxus a elegance se snoub\u00ed v sametov\u00e9m saku FRILL. Toto \u010dern\u00e9 sametov\u00e9 sako opl\u00fdv\u00e1<br \/>\ndva v\u00fdrazn\u00e9 detaily &#8211; knofl\u00edky a l\u00edmec. Tento \u00fa\u017easn\u00fd kousek je skute\u010dn\u00fdm klenotem pro<br \/>\nv\u00e1\u0161 \u0161atn\u00edk. Jeho v\u00fdjime\u010dn\u00fd design a bohat\u00e9 detaily vytv\u00e1\u0159ej\u00ed sofistikovan\u00fd vzhled, kter\u00fd si zaslou\u017e\u00ed b\u00fdt.<br \/>\nuk\u00e1zal na obdiv. Pou\u017eit\u00fd sametov\u00fd materi\u00e1l dotv\u00e1\u0159\u00ed luxusn\u00ed pocit p\u0159i ka\u017ed\u00e9m dotyku. Jeho hladk\u00e1 struktura<br \/>\nspolu se syt\u011b \u010dernou barvou vytv\u00e1\u0159\u00ed dokonalou kombinaci. V\u00fdrazn\u00e9 detaily, jako jsou knofl\u00edky a l\u00edmec,<br \/>\ndod\u00e1vaj\u00ed blejzru stylov\u00fd a sofistikovan\u00fd vzhled. Bu\u010fte st\u0159edem pozornosti a dop\u0159ejte si luxusn\u00ed pobyt<br \/>\npocit, kter\u00fd si zaslou\u017e\u00edte.<\/p>\n","protected":false},"excerpt":{"rendered":"<p>Luxus a elegance se snoub\u00ed v sametov\u00e9m saku FRILL. Toto \u010dern\u00e9 sametov\u00e9 sako opl\u00fdv\u00e1 dva v\u00fdrazn\u00e9 detaily &#8211; knofl\u00edky a l\u00edmec. Tento \u00fa\u017easn\u00fd kousek je skute\u010dn\u00fdm klenotem pro v\u00e1\u0161 \u0161atn\u00edk. Jeho v\u00fdjime\u010dn\u00fd design a bohat\u00e9 detaily vytv\u00e1\u0159ej\u00ed sofistikovan\u00fd vzhled, kter\u00fd si zaslou\u017e\u00ed b\u00fdt. uk\u00e1zal na obdiv. Pou\u017eit\u00fd sametov\u00fd materi\u00e1l dotv\u00e1\u0159\u00ed luxusn\u00ed pocit p\u0159i ka\u017ed\u00e9m dotyku. [&hellip;]<\/p>\n","protected":false},"featured_media":5225,"comment_status":"closed","ping_status":"closed","template":"","meta":{"_acf_changed":false},"product_cat":[166],"product_tag":[],"class_list":{"0":"post-3989","1":"product","2":"type-product","3":"status-publish","4":"has-post-thumbnail","6":"product_cat-rika","8":"first","9":"onbackorder","10":"taxable","11":"shipping-taxable","12":"purchasable","13":"product-type-simple"},"acf":[],"_links":{"self":[{"href":"https:\/\/maisonvindt.com\/cs\/wp-json\/wp\/v2\/product\/3989"}],"collection":[{"href":"https:\/\/maisonvindt.com\/cs\/wp-json\/wp\/v2\/product"}],"about":[{"href":"https:\/\/maisonvindt.com\/cs\/wp-json\/wp\/v2\/types\/product"}],"replies":[{"embeddable":true,"href":"https:\/\/maisonvindt.com\/cs\/wp-json\/wp\/v2\/comments?post=3989"}],"wp:featuredmedia":[{"embeddable":true,"href":"https:\/\/maisonvindt.com\/cs\/wp-json\/wp\/v2\/media\/5225"}],"wp:attachment":[{"href":"https:\/\/maisonvindt.com\/cs\/wp-json\/wp\/v2\/media?parent=3989"}],"wp:term":[{"taxonomy":"product_cat","embeddable":true,"href":"https:\/\/maisonvindt.com\/cs\/wp-json\/wp\/v2\/product_cat?post=3989"},{"taxonomy":"product_tag","embeddable":true,"href":"https:\/\/maisonvindt.com\/cs\/wp-json\/wp\/v2\/product_tag?post=3989"}],"curies":[{"name":"wp","href":"https:\/\/api.w.org\/{rel}","templated":true}]}}