{"id":3996,"date":"2023-07-04T01:17:48","date_gmt":"2023-07-03T23:17:48","guid":{"rendered":"https:\/\/maisonvindt.com\/product\/zluta-sukne-frida\/"},"modified":"2024-05-15T12:42:27","modified_gmt":"2024-05-15T10:42:27","slug":"zluta-sukne-frida","status":"publish","type":"product","link":"https:\/\/maisonvindt.com\/cs\/produkt\/zluta-sukne-frida\/","title":{"rendered":"\u017dlut\u00e1 sukn\u011b Frida"},"content":{"rendered":"<p>\u017dlut\u00e1 minisukn\u011b Frida je samostatn\u00fd kousek, kter\u00fd je n\u00e1dhern\u00fd a univerz\u00e1ln\u00ed. Jeho sv\u011b\u017e\u00ed \u017elut\u00e1 barva<br \/>\nbarva je slune\u010dn\u00e1 a energick\u00e1 a dod\u00e1 va\u0161emu vzhledu z\u00e1\u0159iv\u00fd a vesel\u00fd n\u00e1dech. Minisukn\u011b je vyrobena z<br \/>\npohodl\u00ed a p\u0159izp\u016fsob\u00ed se \u017eensk\u00e9 postav\u011b, aby v\u00e1m dokonale padla a byla pohodln\u00e1.<br \/>\nDopl\u0148te sv\u016fj \u0161atn\u00edk o kousky z kolekce Frida a nechte se h\u00fd\u010dkat jejich eleganc\u00ed a eleganc\u00ed.<br \/>\nexcelence. D\u00edky sv\u00e9mu kr\u00e1tk\u00e9mu st\u0159ihu a modern\u00edmu designu dod\u00e1v\u00e1 hravost a eleganci.<br \/>\nEnergie. Minisukn\u011b je \u0161it\u00e1 na m\u00edru, aby lichotila va\u0161\u00ed postav\u011b a zv\u00fdraznila va\u0161e kr\u00e1sn\u00e9 nohy. Skv\u011bl\u00e9 s<br \/>\nkombinujte s botami na podpatku nebo teniskami pro m\u00e9n\u011b form\u00e1ln\u00ed vzhled. Fridina sukn\u011b je<br \/>\nide\u00e1ln\u00ed volba pro slune\u010dn\u00e9 letn\u00ed dny, ve\u010d\u00edrky a oslavy, kde chcete vypadat sv\u011b\u017ee a stylov\u011b.<\/p>\n","protected":false},"excerpt":{"rendered":"<p>\u017dlut\u00e1 minisukn\u011b Frida je samostatn\u00fd kousek, kter\u00fd je n\u00e1dhern\u00fd a univerz\u00e1ln\u00ed. Jeho sv\u011b\u017e\u00ed \u017elut\u00e1 barva barva je slune\u010dn\u00e1 a energick\u00e1 a dod\u00e1 va\u0161emu vzhledu z\u00e1\u0159iv\u00fd a vesel\u00fd n\u00e1dech. Minisukn\u011b je vyrobena z pohodl\u00ed a p\u0159izp\u016fsob\u00ed se \u017eensk\u00e9 postav\u011b, aby v\u00e1m dokonale padla a byla pohodln\u00e1. Dopl\u0148te sv\u016fj \u0161atn\u00edk o kousky z kolekce Frida a nechte [&hellip;]<\/p>\n","protected":false},"featured_media":4005,"comment_status":"closed","ping_status":"closed","template":"","meta":{"_acf_changed":false},"product_cat":[168],"product_tag":[],"class_list":{"0":"post-3996","1":"product","2":"type-product","3":"status-publish","4":"has-post-thumbnail","6":"product_cat-saty-cs","8":"first","9":"onbackorder","10":"taxable","11":"shipping-taxable","12":"purchasable","13":"product-type-simple"},"acf":[],"_links":{"self":[{"href":"https:\/\/maisonvindt.com\/cs\/wp-json\/wp\/v2\/product\/3996"}],"collection":[{"href":"https:\/\/maisonvindt.com\/cs\/wp-json\/wp\/v2\/product"}],"about":[{"href":"https:\/\/maisonvindt.com\/cs\/wp-json\/wp\/v2\/types\/product"}],"replies":[{"embeddable":true,"href":"https:\/\/maisonvindt.com\/cs\/wp-json\/wp\/v2\/comments?post=3996"}],"wp:featuredmedia":[{"embeddable":true,"href":"https:\/\/maisonvindt.com\/cs\/wp-json\/wp\/v2\/media\/4005"}],"wp:attachment":[{"href":"https:\/\/maisonvindt.com\/cs\/wp-json\/wp\/v2\/media?parent=3996"}],"wp:term":[{"taxonomy":"product_cat","embeddable":true,"href":"https:\/\/maisonvindt.com\/cs\/wp-json\/wp\/v2\/product_cat?post=3996"},{"taxonomy":"product_tag","embeddable":true,"href":"https:\/\/maisonvindt.com\/cs\/wp-json\/wp\/v2\/product_tag?post=3996"}],"curies":[{"name":"wp","href":"https:\/\/api.w.org\/{rel}","templated":true}]}}