{"id":3999,"date":"2023-12-18T16:40:06","date_gmt":"2023-12-18T15:40:06","guid":{"rendered":"https:\/\/maisonvindt.com\/product\/bile-tricko\/"},"modified":"2024-05-15T12:42:32","modified_gmt":"2024-05-15T10:42:32","slug":"bile-tricko","status":"publish","type":"product","link":"https:\/\/maisonvindt.com\/cs\/produkt\/bile-tricko\/","title":{"rendered":"B\u00edl\u00e9 tri\u010dko"},"content":{"rendered":"<p>Vytvo\u0159te si vlastn\u00ed jedine\u010dn\u00fd kousek z b\u00edl\u00e9ho tri\u010dka z organick\u00e9 bavlny. Toto tri\u010dko je pl\u00e1tnem pro va\u0161i kreativitu &#8211; nechte si namalovat prsa r\u016f\u017eov\u00fdm fixem a vyj\u00e1d\u0159ete svou osobnost. Skv\u011bl\u00fd zp\u016fsob, jak o\u017eivit sv\u016fj \u0161atn\u00edk. Vytvo\u0159te si sv\u016fj vlastn\u00ed styl!<\/p>\n<p>&nbsp;<\/p>\n","protected":false},"excerpt":{"rendered":"<p>Vytvo\u0159te si vlastn\u00ed jedine\u010dn\u00fd kousek z b\u00edl\u00e9ho tri\u010dka z organick\u00e9 bavlny. Toto tri\u010dko je pl\u00e1tnem pro va\u0161i kreativitu &#8211; nechte si namalovat prsa r\u016f\u017eov\u00fdm fixem a vyj\u00e1d\u0159ete svou osobnost. Skv\u011bl\u00fd zp\u016fsob, jak o\u017eivit sv\u016fj \u0161atn\u00edk. Vytvo\u0159te si sv\u016fj vlastn\u00ed styl! &nbsp;<\/p>\n","protected":false},"featured_media":4643,"comment_status":"closed","ping_status":"closed","template":"","meta":{"_acf_changed":false},"product_cat":[188],"product_tag":[],"class_list":{"0":"post-3999","1":"product","2":"type-product","3":"status-publish","4":"has-post-thumbnail","6":"product_cat-prislusenstvi","8":"first","9":"instock","10":"taxable","11":"shipping-taxable","12":"purchasable","13":"product-type-simple"},"acf":[],"_links":{"self":[{"href":"https:\/\/maisonvindt.com\/cs\/wp-json\/wp\/v2\/product\/3999"}],"collection":[{"href":"https:\/\/maisonvindt.com\/cs\/wp-json\/wp\/v2\/product"}],"about":[{"href":"https:\/\/maisonvindt.com\/cs\/wp-json\/wp\/v2\/types\/product"}],"replies":[{"embeddable":true,"href":"https:\/\/maisonvindt.com\/cs\/wp-json\/wp\/v2\/comments?post=3999"}],"wp:featuredmedia":[{"embeddable":true,"href":"https:\/\/maisonvindt.com\/cs\/wp-json\/wp\/v2\/media\/4643"}],"wp:attachment":[{"href":"https:\/\/maisonvindt.com\/cs\/wp-json\/wp\/v2\/media?parent=3999"}],"wp:term":[{"taxonomy":"product_cat","embeddable":true,"href":"https:\/\/maisonvindt.com\/cs\/wp-json\/wp\/v2\/product_cat?post=3999"},{"taxonomy":"product_tag","embeddable":true,"href":"https:\/\/maisonvindt.com\/cs\/wp-json\/wp\/v2\/product_tag?post=3999"}],"curies":[{"name":"wp","href":"https:\/\/api.w.org\/{rel}","templated":true}]}}