{"id":4000,"date":"2023-07-03T23:10:35","date_gmt":"2023-07-03T21:10:35","guid":{"rendered":"https:\/\/maisonvindt.com\/product\/zelena-sukne-jenna\/"},"modified":"2023-07-03T23:10:35","modified_gmt":"2023-07-03T21:10:35","slug":"zelena-sukne-jenna","status":"publish","type":"product","link":"https:\/\/maisonvindt.com\/cs\/produkt\/zelena-sukne-jenna\/","title":{"rendered":"Zelen\u00e1 sukn\u011b Jenna"},"content":{"rendered":"<p>Slovensk\u00e9 matky si zaslou\u017e\u00ed jen to nejlep\u0161\u00ed a na\u0161e zna\u010dka jim to p\u0159in\u00e1\u0161\u00ed. Bu\u010fte sebev\u011bdom\u00ed a trendy<br \/>\nmaminka, kter\u00e1 ocen\u00ed kvalitu a osobit\u00fd design. Nechte sv\u016fj styl rozkv\u00e9st se zeleno-r\u016f\u017eov\u00fdm kostkovan\u00fdm oble\u010den\u00edm.<br \/>\nJennina minisukn\u011b. Tato minisukn\u011b je navr\u017eena s d\u016frazem na detail. Zelen\u00e1 tla\u010d\u00edtka, kter\u00e1 ji zdob\u00ed<br \/>\njsou symbolem m\u00f3dy a jedine\u010dnosti. K\u00e1rovan\u00fd vzor dod\u00e1 styl a originalitu, zat\u00edmco r\u016f\u017eov\u00e1 barva<br \/>\nje symbolem jemnosti, \u017eenskosti a prost\u011b neodolatelnosti. Tato barevn\u00e1 kombinace vytv\u00e1\u0159\u00ed kontrast,<br \/>\nco\u017e v\u00e1s rozhodn\u011b zviditeln\u00ed. Minisukn\u011b je skv\u011blou volbou pro r\u016fzn\u00e9 p\u0159\u00edle\u017eitosti. Vezmete si ji na<br \/>\nneform\u00e1ln\u00ed setk\u00e1n\u00ed s p\u0159\u00e1teli, ve\u010der ve m\u011bst\u011b nebo romantick\u00e9 rande?<\/p>\n","protected":false},"excerpt":{"rendered":"<p>Slovensk\u00e9 matky si zaslou\u017e\u00ed jen to nejlep\u0161\u00ed a na\u0161e zna\u010dka jim to p\u0159in\u00e1\u0161\u00ed. Bu\u010fte sebev\u011bdom\u00ed a trendy maminka, kter\u00e1 ocen\u00ed kvalitu a osobit\u00fd design. Nechte sv\u016fj styl rozkv\u00e9st se zeleno-r\u016f\u017eov\u00fdm kostkovan\u00fdm oble\u010den\u00edm. Jennina minisukn\u011b. Tato minisukn\u011b je navr\u017eena s d\u016frazem na detail. Zelen\u00e1 tla\u010d\u00edtka, kter\u00e1 ji zdob\u00ed jsou symbolem m\u00f3dy a jedine\u010dnosti. K\u00e1rovan\u00fd vzor dod\u00e1 [&hellip;]<\/p>\n","protected":false},"featured_media":4009,"comment_status":"closed","ping_status":"closed","template":"","meta":{"_acf_changed":false},"product_cat":[168],"product_tag":[],"class_list":{"0":"post-4000","1":"product","2":"type-product","3":"status-publish","4":"has-post-thumbnail","6":"product_cat-saty-cs","8":"first","9":"instock","10":"sold-individually","11":"taxable","12":"shipping-taxable","13":"purchasable","14":"product-type-simple"},"acf":[],"_links":{"self":[{"href":"https:\/\/maisonvindt.com\/cs\/wp-json\/wp\/v2\/product\/4000"}],"collection":[{"href":"https:\/\/maisonvindt.com\/cs\/wp-json\/wp\/v2\/product"}],"about":[{"href":"https:\/\/maisonvindt.com\/cs\/wp-json\/wp\/v2\/types\/product"}],"replies":[{"embeddable":true,"href":"https:\/\/maisonvindt.com\/cs\/wp-json\/wp\/v2\/comments?post=4000"}],"wp:featuredmedia":[{"embeddable":true,"href":"https:\/\/maisonvindt.com\/cs\/wp-json\/wp\/v2\/media\/4009"}],"wp:attachment":[{"href":"https:\/\/maisonvindt.com\/cs\/wp-json\/wp\/v2\/media?parent=4000"}],"wp:term":[{"taxonomy":"product_cat","embeddable":true,"href":"https:\/\/maisonvindt.com\/cs\/wp-json\/wp\/v2\/product_cat?post=4000"},{"taxonomy":"product_tag","embeddable":true,"href":"https:\/\/maisonvindt.com\/cs\/wp-json\/wp\/v2\/product_tag?post=4000"}],"curies":[{"name":"wp","href":"https:\/\/api.w.org\/{rel}","templated":true}]}}