{"id":4001,"date":"2023-07-04T00:15:05","date_gmt":"2023-07-03T22:15:05","guid":{"rendered":"https:\/\/maisonvindt.com\/product\/horcicove-sako-nimer\/"},"modified":"2024-05-15T12:42:27","modified_gmt":"2024-05-15T10:42:27","slug":"horcicove-sako-nimer","status":"publish","type":"product","link":"https:\/\/maisonvindt.com\/cs\/produkt\/horcicove-sako-nimer\/","title":{"rendered":"Ho\u0159\u010dicov\u00e9 sako Nimer"},"content":{"rendered":"<p>Pot\u011b\u0161te sv\u00e9 smysly sportovn\u011b elegantn\u00edm pro\u0161\u00edvan\u00fdm sakem NIMER. Toto n\u00e1dhern\u00e9 hn\u011bd\u00e9 sako<br \/>\nje ur\u010dena pro sebev\u011bdom\u00e9 modern\u00ed \u017eeny, kter\u00e9 cht\u011bj\u00ed d\u00e1t vyniknout sv\u00e9mu smyslu pro m\u00f3du. Zanechat<br \/>\nokouzlit dokonal\u00fdm st\u0159ihem a precizn\u00edm pro\u0161it\u00edm. Ka\u017ed\u00fd detail je vytvo\u0159en s l\u00e1skou a<br \/>\np\u00e9\u010de. Blejzr je vyroben z p\u0159\u00edjemn\u00e9ho materi\u00e1lu, kter\u00fd zaru\u010duje pohodl\u00ed a odolnost. Jeho<br \/>\nPro\u0161\u00edvan\u00fd design dod\u00e1v\u00e1 jedine\u010dn\u00fd \u0161mrnc a skv\u011ble dopl\u0148uje ostatn\u00ed kolekce oble\u010den\u00ed v na\u0161\u00ed nab\u00eddce.<br \/>\nM\u016f\u017eete ho nosit na form\u00e1ln\u00ed p\u0159\u00edle\u017eitosti nebo ho jednodu\u0161e zkombinovat s teniskami pro neform\u00e1ln\u00ed no\u0161en\u00ed.<br \/>\nVzhled. Je to na v\u00e1s.<\/p>\n","protected":false},"excerpt":{"rendered":"<p>Pot\u011b\u0161te sv\u00e9 smysly sportovn\u011b elegantn\u00edm pro\u0161\u00edvan\u00fdm sakem NIMER. Toto n\u00e1dhern\u00e9 hn\u011bd\u00e9 sako je ur\u010dena pro sebev\u011bdom\u00e9 modern\u00ed \u017eeny, kter\u00e9 cht\u011bj\u00ed d\u00e1t vyniknout sv\u00e9mu smyslu pro m\u00f3du. Zanechat okouzlit dokonal\u00fdm st\u0159ihem a precizn\u00edm pro\u0161it\u00edm. Ka\u017ed\u00fd detail je vytvo\u0159en s l\u00e1skou a p\u00e9\u010de. Blejzr je vyroben z p\u0159\u00edjemn\u00e9ho materi\u00e1lu, kter\u00fd zaru\u010duje pohodl\u00ed a odolnost. Jeho Pro\u0161\u00edvan\u00fd design [&hellip;]<\/p>\n","protected":false},"featured_media":4018,"comment_status":"closed","ping_status":"closed","template":"","meta":{"_acf_changed":false},"product_cat":[166],"product_tag":[],"class_list":{"0":"post-4001","1":"product","2":"type-product","3":"status-publish","4":"has-post-thumbnail","6":"product_cat-rika","8":"first","9":"onbackorder","10":"taxable","11":"shipping-taxable","12":"purchasable","13":"product-type-simple"},"acf":[],"_links":{"self":[{"href":"https:\/\/maisonvindt.com\/cs\/wp-json\/wp\/v2\/product\/4001"}],"collection":[{"href":"https:\/\/maisonvindt.com\/cs\/wp-json\/wp\/v2\/product"}],"about":[{"href":"https:\/\/maisonvindt.com\/cs\/wp-json\/wp\/v2\/types\/product"}],"replies":[{"embeddable":true,"href":"https:\/\/maisonvindt.com\/cs\/wp-json\/wp\/v2\/comments?post=4001"}],"wp:featuredmedia":[{"embeddable":true,"href":"https:\/\/maisonvindt.com\/cs\/wp-json\/wp\/v2\/media\/4018"}],"wp:attachment":[{"href":"https:\/\/maisonvindt.com\/cs\/wp-json\/wp\/v2\/media?parent=4001"}],"wp:term":[{"taxonomy":"product_cat","embeddable":true,"href":"https:\/\/maisonvindt.com\/cs\/wp-json\/wp\/v2\/product_cat?post=4001"},{"taxonomy":"product_tag","embeddable":true,"href":"https:\/\/maisonvindt.com\/cs\/wp-json\/wp\/v2\/product_tag?post=4001"}],"curies":[{"name":"wp","href":"https:\/\/api.w.org\/{rel}","templated":true}]}}