{"id":4022,"date":"2023-07-03T22:56:40","date_gmt":"2023-07-03T20:56:40","guid":{"rendered":"https:\/\/maisonvindt.com\/product\/jenna-cerne-tricko-s-rolakem-a-dlouhym-rukavem\/"},"modified":"2024-05-15T12:42:39","modified_gmt":"2024-05-15T10:42:39","slug":"jenna-cerne-tricko-s-rolakem-a-dlouhym-rukavem","status":"publish","type":"product","link":"https:\/\/maisonvindt.com\/cs\/produkt\/jenna-cerne-tricko-s-rolakem-a-dlouhym-rukavem\/","title":{"rendered":"JENNA \u010dern\u00e9 tri\u010dko s rol\u00e1kem a dlouh\u00fdm ruk\u00e1vem"},"content":{"rendered":"<p>\u010cern\u00fd d\u00e1msk\u00fd rol\u00e1k s t\u0159\u00ed\u010dtvrte\u010dn\u00edmi ruk\u00e1vy je dokonal\u00fdm dopl\u0148kem va\u0161eho \u0161atn\u00edku. Role je vyrobena z<br \/>\nvysoce kvalitn\u00ed bavln\u011bn\u00fd materi\u00e1l, kter\u00fd zaji\u0161\u0165uje pohodln\u00e9 no\u0161en\u00ed. Je m\u011bkk\u00e1 a pohodln\u00e1 na no\u0161en\u00ed<br \/>\na z\u00e1rove\u0148 si zachov\u00e1v\u00e1 sv\u016fj tvar. Kostkovan\u00e1 vesta z kombinace bavlny a visk\u00f3zy dopl\u0148uje oble\u010den\u00ed a zaji\u0161\u0165uje<br \/>\nnema\u010dkan\u00fd vzhled po cel\u00fd den. Vesta v r\u016f\u017eovo-zelen\u00e9 barv\u011b n\u00e1padit\u011b o\u017eivuje rol\u00e1k. Sou\u010dasn\u011b<br \/>\nslou\u017e\u00ed jako praktick\u00fd, ale nen\u00e1padn\u00fd prvek pro koj\u00edc\u00ed matky. Rolka je skv\u011bl\u00e1 pro uchov\u00e1n\u00ed va\u0161ich<br \/>\nsoukrom\u00ed p\u0159i kojen\u00ed na ve\u0159ejnosti. Hod\u00ed se na form\u00e1ln\u00ed sch\u016fzky i na b\u011b\u017en\u00e9 no\u0161en\u00ed. Rohl\u00edk s<br \/>\nkostkovan\u00e1 vesta, dopln\u011bn\u00e1 stejnou kostkovanou minisukn\u00ed s knofl\u00edky, tvo\u0159\u00ed dohromady kr\u00e1sn\u00fd komplet, v<br \/>\nkter\u00e9 v\u00e1m dodaj\u00ed \u0161mrnc. Oba kousky lze libovoln\u011b kombinovat s dal\u0161\u00edmi od\u011bvy a vytv\u00e1\u0159et tak.<br \/>\nmnoho outfit\u016f nejen pro chladn\u011bj\u0161\u00ed podzimn\u00ed nebo zimn\u00ed dny, ale tak\u00e9 pro p\u0159iv\u00edt\u00e1n\u00ed jara.<\/p>\n","protected":false},"excerpt":{"rendered":"<p>\u010cern\u00fd d\u00e1msk\u00fd rol\u00e1k s t\u0159\u00ed\u010dtvrte\u010dn\u00edmi ruk\u00e1vy je dokonal\u00fdm dopl\u0148kem va\u0161eho \u0161atn\u00edku. Role je vyrobena z vysoce kvalitn\u00ed bavln\u011bn\u00fd materi\u00e1l, kter\u00fd zaji\u0161\u0165uje pohodln\u00e9 no\u0161en\u00ed. Je m\u011bkk\u00e1 a pohodln\u00e1 na no\u0161en\u00ed a z\u00e1rove\u0148 si zachov\u00e1v\u00e1 sv\u016fj tvar. Kostkovan\u00e1 vesta z kombinace bavlny a visk\u00f3zy dopl\u0148uje oble\u010den\u00ed a zaji\u0161\u0165uje nema\u010dkan\u00fd vzhled po cel\u00fd den. Vesta v r\u016f\u017eovo-zelen\u00e9 barv\u011b [&hellip;]<\/p>\n","protected":false},"featured_media":4025,"comment_status":"closed","ping_status":"closed","template":"","meta":{"_acf_changed":false},"product_cat":[172],"product_tag":[],"class_list":{"0":"post-4022","1":"product","2":"type-product","3":"status-publish","4":"has-post-thumbnail","6":"product_cat-vrcholy","8":"first","9":"instock","10":"sold-individually","11":"taxable","12":"shipping-taxable","13":"purchasable","14":"product-type-simple"},"acf":[],"_links":{"self":[{"href":"https:\/\/maisonvindt.com\/cs\/wp-json\/wp\/v2\/product\/4022"}],"collection":[{"href":"https:\/\/maisonvindt.com\/cs\/wp-json\/wp\/v2\/product"}],"about":[{"href":"https:\/\/maisonvindt.com\/cs\/wp-json\/wp\/v2\/types\/product"}],"replies":[{"embeddable":true,"href":"https:\/\/maisonvindt.com\/cs\/wp-json\/wp\/v2\/comments?post=4022"}],"wp:featuredmedia":[{"embeddable":true,"href":"https:\/\/maisonvindt.com\/cs\/wp-json\/wp\/v2\/media\/4025"}],"wp:attachment":[{"href":"https:\/\/maisonvindt.com\/cs\/wp-json\/wp\/v2\/media?parent=4022"}],"wp:term":[{"taxonomy":"product_cat","embeddable":true,"href":"https:\/\/maisonvindt.com\/cs\/wp-json\/wp\/v2\/product_cat?post=4022"},{"taxonomy":"product_tag","embeddable":true,"href":"https:\/\/maisonvindt.com\/cs\/wp-json\/wp\/v2\/product_tag?post=4022"}],"curies":[{"name":"wp","href":"https:\/\/api.w.org\/{rel}","templated":true}]}}