{"id":4038,"date":"2023-07-03T22:34:01","date_gmt":"2023-07-03T20:34:01","guid":{"rendered":"https:\/\/maisonvindt.com\/product\/tricko-malva-s-dlouhym-rukavem\/"},"modified":"2024-05-15T12:42:32","modified_gmt":"2024-05-15T10:42:32","slug":"tricko-malva-s-dlouhym-rukavem","status":"publish","type":"product","link":"https:\/\/maisonvindt.com\/cs\/produkt\/tricko-malva-s-dlouhym-rukavem\/","title":{"rendered":"Tri\u010dko MALVA s dlouh\u00fdm ruk\u00e1vem"},"content":{"rendered":"<p>N\u00e1\u0161 dal\u0161\u00ed designov\u00fd kousek pro maminky, kter\u00e9 kojot\u00ed. O\u0161et\u0159ovatelsk\u00e1 ko\u0161ile MALVA s kostkovanou vestou.<br \/>\nTento stylov\u00fd a praktick\u00fd kousek je navr\u017een s ohledem na pohodl\u00ed a p\u016fvab maminek. Tri\u010dko MALVA na<br \/>\no\u0161et\u0159ovatelstv\u00ed s kostkovanou vestou je dokonalou kombinac\u00ed elegance a prakti\u010dnosti. D\u00edky sv\u00e9 jedine\u010dn\u00e9<br \/>\ndesign v\u00e1m zajist\u00ed stylov\u00fd vzhled, ani\u017e byste museli ob\u011btovat pohodl\u00ed a funk\u010dnost. Tri\u010dko je<br \/>\nz m\u011bkk\u00e9ho a pru\u017en\u00e9ho materi\u00e1lu, kter\u00fd se p\u0159izp\u016fsob\u00ed va\u0161\u00ed postav\u011b. Kvalitn\u011b zpracovan\u00e9<br \/>\nKostkovan\u00e1 vesta dod\u00e1 va\u0161emu vzhledu \u0161mrnc a z\u00e1rove\u0148 soukrom\u00ed b\u011bhem nejkr\u00e1sn\u011bj\u0161\u00edch chvil s va\u0161\u00edm partnerem.<br \/>\nd\u00edt\u011b. Objednejte si o\u0161et\u0159ovatelskou ko\u0161ili MALVA s kostkovanou vestou je\u0161t\u011b dnes a objevte nev\u00eddan\u00e9 mo\u017enosti.<br \/>\nkombinace pohodl\u00ed a stylu.<\/p>\n<p>&nbsp;<\/p>\n","protected":false},"excerpt":{"rendered":"<p>N\u00e1\u0161 dal\u0161\u00ed designov\u00fd kousek pro maminky, kter\u00e9 kojot\u00ed. O\u0161et\u0159ovatelsk\u00e1 ko\u0161ile MALVA s kostkovanou vestou. Tento stylov\u00fd a praktick\u00fd kousek je navr\u017een s ohledem na pohodl\u00ed a p\u016fvab maminek. Tri\u010dko MALVA na o\u0161et\u0159ovatelstv\u00ed s kostkovanou vestou je dokonalou kombinac\u00ed elegance a prakti\u010dnosti. D\u00edky sv\u00e9 jedine\u010dn\u00e9 design v\u00e1m zajist\u00ed stylov\u00fd vzhled, ani\u017e byste museli ob\u011btovat pohodl\u00ed a [&hellip;]<\/p>\n","protected":false},"featured_media":4043,"comment_status":"closed","ping_status":"closed","template":"","meta":{"_acf_changed":false},"product_cat":[172],"product_tag":[],"class_list":{"0":"post-4038","1":"product","2":"type-product","3":"status-publish","4":"has-post-thumbnail","6":"product_cat-vrcholy","8":"first","9":"instock","10":"taxable","11":"shipping-taxable","12":"purchasable","13":"product-type-simple"},"acf":[],"_links":{"self":[{"href":"https:\/\/maisonvindt.com\/cs\/wp-json\/wp\/v2\/product\/4038"}],"collection":[{"href":"https:\/\/maisonvindt.com\/cs\/wp-json\/wp\/v2\/product"}],"about":[{"href":"https:\/\/maisonvindt.com\/cs\/wp-json\/wp\/v2\/types\/product"}],"replies":[{"embeddable":true,"href":"https:\/\/maisonvindt.com\/cs\/wp-json\/wp\/v2\/comments?post=4038"}],"wp:featuredmedia":[{"embeddable":true,"href":"https:\/\/maisonvindt.com\/cs\/wp-json\/wp\/v2\/media\/4043"}],"wp:attachment":[{"href":"https:\/\/maisonvindt.com\/cs\/wp-json\/wp\/v2\/media?parent=4038"}],"wp:term":[{"taxonomy":"product_cat","embeddable":true,"href":"https:\/\/maisonvindt.com\/cs\/wp-json\/wp\/v2\/product_cat?post=4038"},{"taxonomy":"product_tag","embeddable":true,"href":"https:\/\/maisonvindt.com\/cs\/wp-json\/wp\/v2\/product_tag?post=4038"}],"curies":[{"name":"wp","href":"https:\/\/api.w.org\/{rel}","templated":true}]}}