{"id":4042,"date":"2023-07-03T23:38:32","date_gmt":"2023-07-03T21:38:32","guid":{"rendered":"https:\/\/maisonvindt.com\/product\/oranzova-halenka-aruba\/"},"modified":"2024-05-15T12:42:31","modified_gmt":"2024-05-15T10:42:31","slug":"oranzova-halenka-aruba","status":"publish","type":"product","link":"https:\/\/maisonvindt.com\/cs\/produkt\/oranzova-halenka-aruba\/","title":{"rendered":"Oran\u017eov\u00e1 halenka Aruba"},"content":{"rendered":"<p>Oran\u017eov\u00e1 halenka s dlouh\u00fdm ruk\u00e1vem Aruba je vyrobena s p\u00e9\u010d\u00ed a l\u00e1skou k detailu a je navr\u017eena tak.<br \/>\npro modern\u00ed \u017eeny, kter\u00e9 cht\u011bj\u00ed vyniknout a c\u00edtit se jedine\u010dn\u011b. Halenka Aruba je vyrobena z materi\u00e1lu, kter\u00fd<br \/>\nzaru\u010duje pohodl\u00ed a p\u0159\u00edjemn\u00fd pocit p\u0159i no\u0161en\u00ed. Je to oversize voln\u00fd st\u0159ih s dlouh\u00fdmi ruk\u00e1vy, kter\u00e9 jsou lemovan\u00e9.<br \/>\njemn\u00e9 detaily, kter\u00e9 umo\u017e\u0148uj\u00ed elegantn\u00ed kombinace s r\u016fzn\u00fdmi styly. M\u016f\u017eete kombinovat s<br \/>\nd\u017e\u00edny nebo na\u0161i sukni FRIDA pro form\u00e1ln\u011bj\u0161\u00ed ud\u00e1losti a vytvo\u0159it v\u017edy modern\u00ed<br \/>\noble\u010den\u00ed. Velmi dob\u0159e se tak\u00e9 kombinuje s ostatn\u00edmi modely Maison Vindt. Je to ten kus oble\u010den\u00ed, kter\u00fd v\u00e1m umo\u017e\u0148uje vyj\u00e1d\u0159it svou osobnost a styl. Zkr\u00e1tka budete nep\u0159ehl\u00e9dnuteln\u00ed.<\/p>\n","protected":false},"excerpt":{"rendered":"<p>Oran\u017eov\u00e1 halenka s dlouh\u00fdm ruk\u00e1vem Aruba je vyrobena s p\u00e9\u010d\u00ed a l\u00e1skou k detailu a je navr\u017eena tak. pro modern\u00ed \u017eeny, kter\u00e9 cht\u011bj\u00ed vyniknout a c\u00edtit se jedine\u010dn\u011b. Halenka Aruba je vyrobena z materi\u00e1lu, kter\u00fd zaru\u010duje pohodl\u00ed a p\u0159\u00edjemn\u00fd pocit p\u0159i no\u0161en\u00ed. Je to oversize voln\u00fd st\u0159ih s dlouh\u00fdmi ruk\u00e1vy, kter\u00e9 jsou lemovan\u00e9. jemn\u00e9 detaily, [&hellip;]<\/p>\n","protected":false},"featured_media":4049,"comment_status":"closed","ping_status":"closed","template":"","meta":{"_acf_changed":false},"product_cat":[178],"product_tag":[],"class_list":{"0":"post-4042","1":"product","2":"type-product","3":"status-publish","4":"has-post-thumbnail","6":"product_cat-kosile","8":"first","9":"onbackorder","10":"taxable","11":"shipping-taxable","12":"purchasable","13":"product-type-simple"},"acf":[],"_links":{"self":[{"href":"https:\/\/maisonvindt.com\/cs\/wp-json\/wp\/v2\/product\/4042"}],"collection":[{"href":"https:\/\/maisonvindt.com\/cs\/wp-json\/wp\/v2\/product"}],"about":[{"href":"https:\/\/maisonvindt.com\/cs\/wp-json\/wp\/v2\/types\/product"}],"replies":[{"embeddable":true,"href":"https:\/\/maisonvindt.com\/cs\/wp-json\/wp\/v2\/comments?post=4042"}],"wp:featuredmedia":[{"embeddable":true,"href":"https:\/\/maisonvindt.com\/cs\/wp-json\/wp\/v2\/media\/4049"}],"wp:attachment":[{"href":"https:\/\/maisonvindt.com\/cs\/wp-json\/wp\/v2\/media?parent=4042"}],"wp:term":[{"taxonomy":"product_cat","embeddable":true,"href":"https:\/\/maisonvindt.com\/cs\/wp-json\/wp\/v2\/product_cat?post=4042"},{"taxonomy":"product_tag","embeddable":true,"href":"https:\/\/maisonvindt.com\/cs\/wp-json\/wp\/v2\/product_tag?post=4042"}],"curies":[{"name":"wp","href":"https:\/\/api.w.org\/{rel}","templated":true}]}}