{"id":4055,"date":"2023-07-03T23:26:40","date_gmt":"2023-07-03T21:26:40","guid":{"rendered":"https:\/\/maisonvindt.com\/product\/ruzove-sako-jenna\/"},"modified":"2024-05-15T12:42:32","modified_gmt":"2024-05-15T10:42:32","slug":"ruzove-sako-jenna","status":"publish","type":"product","link":"https:\/\/maisonvindt.com\/cs\/produkt\/ruzove-sako-jenna\/","title":{"rendered":"R\u016f\u017eov\u00e9 sako Jenna"},"content":{"rendered":"<p>Jednoduch\u00fd, ale v\u00fdrazn\u00fd kousek, kter\u00fd se d\u00e1 nosit na mnoho zp\u016fsob\u016f. P\u0159idejte si Jennin <strong>r\u016f\u017eov\u00fd kab\u00e1t<\/strong> do sv\u00e9ho<br \/>\na objevte kr\u00e1su a eleganci, kterou v\u00e1m m\u016f\u017ee nab\u00eddnout pouze Maison Vindt. Objednejte si ji ji\u017e nyn\u00ed<br \/>\na vytvo\u0159te si jedine\u010dn\u00e9 a m\u00f3dn\u00ed oble\u010den\u00ed, kter\u00e9 v\u00e1m dod\u00e1 sebev\u011bdom\u00ed a styl. R\u016f\u017eov\u00fd kab\u00e1t Jenna s<br \/>\nje ur\u010den pro \u017eeny, kter\u00e9 si r\u00e1dy dop\u0159ej\u00ed v\u00fdjime\u010dn\u00fd kousek, kter\u00fd vynikne ve v\u0161ech ohledech.<br \/>\nsituace. Elegantn\u00ed a \u017eensk\u00e1 r\u016f\u017eov\u00e1 barva v\u00e1m dod\u00e1 originalitu a sebev\u011bdom\u00ed. Knofl\u00edky na kab\u00e1t\u011b<br \/>\ndod\u00e1vaj\u00ed odv\u00e1\u017en\u00fd a z\u00e1rove\u0148 stylov\u00fd detail, kter\u00fd je prost\u011b ohromuj\u00edc\u00ed. Kab\u00e1t je vyroben z materi\u00e1l\u016f,<br \/>\nkter\u00e9 zaru\u010duj\u00ed pocit pohodl\u00ed a bezpe\u010d\u00ed p\u0159i no\u0161en\u00ed. Jej\u00ed st\u0159ih vypad\u00e1 elegantn\u011b a lichot\u00ed \u017eensk\u00e9mu t\u011blu.<br \/>\npostavu. Kab\u00e1t je ide\u00e1ln\u00edm dopl\u0148kem pro r\u016fzn\u00e9 p\u0159\u00edle\u017eitosti &#8211; a\u0165 u\u017e pro form\u00e1ln\u00ed ud\u00e1losti, nebo pro<br \/>\nb\u011b\u017en\u00e9 ka\u017edodenn\u00ed \u010dinnosti ve m\u011bst\u011b.<\/p>\n","protected":false},"excerpt":{"rendered":"<p>Jednoduch\u00fd, ale v\u00fdrazn\u00fd kousek, kter\u00fd se d\u00e1 nosit na mnoho zp\u016fsob\u016f. P\u0159idejte si Jennin r\u016f\u017eov\u00fd kab\u00e1t do sv\u00e9ho a objevte kr\u00e1su a eleganci, kterou v\u00e1m m\u016f\u017ee nab\u00eddnout pouze Maison Vindt. Objednejte si ji ji\u017e nyn\u00ed a vytvo\u0159te si jedine\u010dn\u00e9 a m\u00f3dn\u00ed oble\u010den\u00ed, kter\u00e9 v\u00e1m dod\u00e1 sebev\u011bdom\u00ed a styl. R\u016f\u017eov\u00fd kab\u00e1t Jenna s je ur\u010den pro [&hellip;]<\/p>\n","protected":false},"featured_media":4064,"comment_status":"closed","ping_status":"closed","template":"","meta":{"_acf_changed":false},"product_cat":[166,182],"product_tag":[],"class_list":{"0":"post-4055","1":"product","2":"type-product","3":"status-publish","4":"has-post-thumbnail","6":"product_cat-rika","7":"product_cat-kabaty-cs","9":"first","10":"instock","11":"taxable","12":"shipping-taxable","13":"purchasable","14":"product-type-simple"},"acf":[],"_links":{"self":[{"href":"https:\/\/maisonvindt.com\/cs\/wp-json\/wp\/v2\/product\/4055"}],"collection":[{"href":"https:\/\/maisonvindt.com\/cs\/wp-json\/wp\/v2\/product"}],"about":[{"href":"https:\/\/maisonvindt.com\/cs\/wp-json\/wp\/v2\/types\/product"}],"replies":[{"embeddable":true,"href":"https:\/\/maisonvindt.com\/cs\/wp-json\/wp\/v2\/comments?post=4055"}],"wp:featuredmedia":[{"embeddable":true,"href":"https:\/\/maisonvindt.com\/cs\/wp-json\/wp\/v2\/media\/4064"}],"wp:attachment":[{"href":"https:\/\/maisonvindt.com\/cs\/wp-json\/wp\/v2\/media?parent=4055"}],"wp:term":[{"taxonomy":"product_cat","embeddable":true,"href":"https:\/\/maisonvindt.com\/cs\/wp-json\/wp\/v2\/product_cat?post=4055"},{"taxonomy":"product_tag","embeddable":true,"href":"https:\/\/maisonvindt.com\/cs\/wp-json\/wp\/v2\/product_tag?post=4055"}],"curies":[{"name":"wp","href":"https:\/\/api.w.org\/{rel}","templated":true}]}}