{"id":4069,"date":"2023-07-04T00:41:54","date_gmt":"2023-07-03T22:41:54","guid":{"rendered":"https:\/\/maisonvindt.com\/product\/corduroy-hnedy-blazer\/"},"modified":"2024-05-15T12:42:39","modified_gmt":"2024-05-15T10:42:39","slug":"corduroy-hnedy-blazer","status":"publish","type":"product","link":"https:\/\/maisonvindt.com\/cs\/produkt\/corduroy-hnedy-blazer\/","title":{"rendered":"CORDUROY hn\u011bd\u00fd BLAZER"},"content":{"rendered":"<p>Za\u017eijte stylov\u00fd z\u00e1\u017eitek s blejzrem CORDUROY &#8211; tmav\u011b hn\u011bd\u00fdm blejzrem se zap\u00edn\u00e1n\u00edm na knofl\u00edky. Jeho<br \/>\nKvalitn\u00ed materi\u00e1l a propracovan\u00fd st\u0159ih vytv\u00e1\u0159ej\u00ed dokonalou kombinaci sportovn\u00ed elegance a elegance.<br \/>\nnad\u010dasov\u00fd design. Je vyrobena z man\u0161estru, materi\u00e1lu, kter\u00fd v sob\u011b spojuje m\u011bkkost a pevnost. Jeho<br \/>\nTypick\u00e1 povrchov\u00e1 \u00faprava dod\u00e1v\u00e1 saku sofistikovan\u00fd vzhled, kter\u00fd se hod\u00ed k r\u016fzn\u00fdm p\u0159\u00edle\u017eitostem. Bez ohledu na<br \/>\nA\u0165 u\u017e si ho vezmete do pr\u00e1ce nebo na ve\u010de\u0159i, toto sako v\u00e1m dod\u00e1 eleganci, kterou si zaslou\u017e\u00edte. Je to<br \/>\nnavr\u017een\u00e9 tak, aby dokonale sed\u011bly na va\u0161\u00ed postav\u011b a zv\u00fdraznily va\u0161e k\u0159ivky. S klasick\u00fdm l\u00edmcem a<br \/>\nD\u00edky zap\u00edn\u00e1n\u00ed na knofl\u00edky budete vypadat stylov\u011b a profesion\u00e1ln\u011b. M\u016f\u017eete ho nosit ke kalhot\u00e1m, sukni<br \/>\nnebo i s d\u017e\u00ednami pro le\u017e\u00e9rn\u011bj\u0161\u00ed vzhled.<\/p>\n","protected":false},"excerpt":{"rendered":"<p>Za\u017eijte stylov\u00fd z\u00e1\u017eitek s blejzrem CORDUROY &#8211; tmav\u011b hn\u011bd\u00fdm blejzrem se zap\u00edn\u00e1n\u00edm na knofl\u00edky. Jeho Kvalitn\u00ed materi\u00e1l a propracovan\u00fd st\u0159ih vytv\u00e1\u0159ej\u00ed dokonalou kombinaci sportovn\u00ed elegance a elegance. nad\u010dasov\u00fd design. Je vyrobena z man\u0161estru, materi\u00e1lu, kter\u00fd v sob\u011b spojuje m\u011bkkost a pevnost. Jeho Typick\u00e1 povrchov\u00e1 \u00faprava dod\u00e1v\u00e1 saku sofistikovan\u00fd vzhled, kter\u00fd se hod\u00ed k r\u016fzn\u00fdm p\u0159\u00edle\u017eitostem. [&hellip;]<\/p>\n","protected":false},"featured_media":4078,"comment_status":"closed","ping_status":"closed","template":"","meta":{"_acf_changed":false},"product_cat":[166],"product_tag":[],"class_list":{"0":"post-4069","1":"product","2":"type-product","3":"status-publish","4":"has-post-thumbnail","6":"product_cat-rika","8":"first","9":"onbackorder","10":"sold-individually","11":"taxable","12":"shipping-taxable","13":"purchasable","14":"product-type-simple"},"acf":[],"_links":{"self":[{"href":"https:\/\/maisonvindt.com\/cs\/wp-json\/wp\/v2\/product\/4069"}],"collection":[{"href":"https:\/\/maisonvindt.com\/cs\/wp-json\/wp\/v2\/product"}],"about":[{"href":"https:\/\/maisonvindt.com\/cs\/wp-json\/wp\/v2\/types\/product"}],"replies":[{"embeddable":true,"href":"https:\/\/maisonvindt.com\/cs\/wp-json\/wp\/v2\/comments?post=4069"}],"wp:featuredmedia":[{"embeddable":true,"href":"https:\/\/maisonvindt.com\/cs\/wp-json\/wp\/v2\/media\/4078"}],"wp:attachment":[{"href":"https:\/\/maisonvindt.com\/cs\/wp-json\/wp\/v2\/media?parent=4069"}],"wp:term":[{"taxonomy":"product_cat","embeddable":true,"href":"https:\/\/maisonvindt.com\/cs\/wp-json\/wp\/v2\/product_cat?post=4069"},{"taxonomy":"product_tag","embeddable":true,"href":"https:\/\/maisonvindt.com\/cs\/wp-json\/wp\/v2\/product_tag?post=4069"}],"curies":[{"name":"wp","href":"https:\/\/api.w.org\/{rel}","templated":true}]}}