{"id":4081,"date":"2023-07-03T21:49:47","date_gmt":"2023-07-03T19:49:47","guid":{"rendered":"https:\/\/maisonvindt.com\/product\/modre-sako-malva\/"},"modified":"2023-07-03T21:49:47","modified_gmt":"2023-07-03T19:49:47","slug":"modre-sako-malva","status":"publish","type":"product","link":"https:\/\/maisonvindt.com\/cs\/produkt\/modre-sako-malva\/","title":{"rendered":"Modr\u00e9 sako MALVA"},"content":{"rendered":"<p>Blejzr, kter\u00fd je u\u0161it\u00fd s d\u016frazem na detail a dokonale lichot\u00ed \u017eensk\u00e9 postav\u011b.<br \/>\nJej\u00ed st\u0159ih je elegantn\u00ed a z\u00e1rove\u0148 pohodln\u00fd, ide\u00e1ln\u00ed pro ka\u017edodenn\u00ed no\u0161en\u00ed i zvl\u00e1\u0161tn\u00ed p\u0159\u00edle\u017eitosti.<br \/>\nVelmi snadno se kombinuje s va\u0161\u00edm b\u011b\u017en\u00fdm \u0161atn\u00edkem a dopl\u0148uje na\u0161e dal\u0161\u00ed produkty.<br \/>\nmodely z kombinace MALVA. Z\u00e1\u0159iv\u011b modr\u00e1 barva v\u00e1m dod\u00e1 energii a sebev\u011bdom\u00ed b\u011bhem dne, ale tak\u00e9&#8230;<br \/>\npro zvl\u00e1\u0161tn\u00ed ve\u010dern\u00ed p\u0159\u00edle\u017eitosti.<\/p>\n","protected":false},"excerpt":{"rendered":"<p>Blejzr, kter\u00fd je u\u0161it\u00fd s d\u016frazem na detail a dokonale lichot\u00ed \u017eensk\u00e9 postav\u011b. Jej\u00ed st\u0159ih je elegantn\u00ed a z\u00e1rove\u0148 pohodln\u00fd, ide\u00e1ln\u00ed pro ka\u017edodenn\u00ed no\u0161en\u00ed i zvl\u00e1\u0161tn\u00ed p\u0159\u00edle\u017eitosti. Velmi snadno se kombinuje s va\u0161\u00edm b\u011b\u017en\u00fdm \u0161atn\u00edkem a dopl\u0148uje na\u0161e dal\u0161\u00ed produkty. modely z kombinace MALVA. Z\u00e1\u0159iv\u011b modr\u00e1 barva v\u00e1m dod\u00e1 energii a sebev\u011bdom\u00ed b\u011bhem dne, ale [&hellip;]<\/p>\n","protected":false},"featured_media":5581,"comment_status":"closed","ping_status":"closed","template":"","meta":{"_acf_changed":false},"product_cat":[166],"product_tag":[],"class_list":{"0":"post-4081","1":"product","2":"type-product","3":"status-publish","4":"has-post-thumbnail","6":"product_cat-rika","8":"first","9":"onbackorder","10":"taxable","11":"shipping-taxable","12":"purchasable","13":"product-type-simple"},"acf":[],"_links":{"self":[{"href":"https:\/\/maisonvindt.com\/cs\/wp-json\/wp\/v2\/product\/4081"}],"collection":[{"href":"https:\/\/maisonvindt.com\/cs\/wp-json\/wp\/v2\/product"}],"about":[{"href":"https:\/\/maisonvindt.com\/cs\/wp-json\/wp\/v2\/types\/product"}],"replies":[{"embeddable":true,"href":"https:\/\/maisonvindt.com\/cs\/wp-json\/wp\/v2\/comments?post=4081"}],"wp:featuredmedia":[{"embeddable":true,"href":"https:\/\/maisonvindt.com\/cs\/wp-json\/wp\/v2\/media\/5581"}],"wp:attachment":[{"href":"https:\/\/maisonvindt.com\/cs\/wp-json\/wp\/v2\/media?parent=4081"}],"wp:term":[{"taxonomy":"product_cat","embeddable":true,"href":"https:\/\/maisonvindt.com\/cs\/wp-json\/wp\/v2\/product_cat?post=4081"},{"taxonomy":"product_tag","embeddable":true,"href":"https:\/\/maisonvindt.com\/cs\/wp-json\/wp\/v2\/product_tag?post=4081"}],"curies":[{"name":"wp","href":"https:\/\/api.w.org\/{rel}","templated":true}]}}