{"id":4112,"date":"2023-03-23T16:35:51","date_gmt":"2023-03-23T15:35:51","guid":{"rendered":"https:\/\/maisonvindt.com\/product\/vaflove-saty-peony\/"},"modified":"2024-05-15T12:47:25","modified_gmt":"2024-05-15T10:47:25","slug":"vaflove-saty-peony","status":"publish","type":"product","link":"https:\/\/maisonvindt.com\/cs\/produkt\/vaflove-saty-peony\/","title":{"rendered":"Vaflov\u00e9 \u0161aty PEONY"},"content":{"rendered":"<p>Hladk\u00e9 linie, \u017eak\u00e1rov\u00fd lesk a elegance kv\u011bt\u016f pivo\u0148ky. Pivo\u0148kov\u00e9 mini\u0161aty \u00e1\u010dkov\u00e9ho st\u0159ihu zd\u016fraz\u0148uj\u00ed \u017eenskou jemnost, p\u016fvab, k\u0159ehkost a rafinovanost. Neobvykl\u00fdm prvkem je ozdobn\u00fd lem \u0161at\u016f a ruk\u00e1v\u016f. Ozdobn\u00fd hrudn\u00ed p\u00e1s m\u00e1 pe\u010dliv\u011b zakomponovan\u00e9 zipy pro kojen\u00ed.<\/p>\n","protected":false},"excerpt":{"rendered":"<p>Hladk\u00e9 linie, \u017eak\u00e1rov\u00fd lesk a elegance kv\u011bt\u016f pivo\u0148ky. Pivo\u0148kov\u00e9 mini\u0161aty \u00e1\u010dkov\u00e9ho st\u0159ihu zd\u016fraz\u0148uj\u00ed \u017eenskou jemnost, p\u016fvab, k\u0159ehkost a rafinovanost. Neobvykl\u00fdm prvkem je ozdobn\u00fd lem \u0161at\u016f a ruk\u00e1v\u016f. Ozdobn\u00fd hrudn\u00ed p\u00e1s m\u00e1 pe\u010dliv\u011b zakomponovan\u00e9 zipy pro kojen\u00ed.<\/p>\n","protected":false},"featured_media":5138,"comment_status":"closed","ping_status":"closed","template":"","meta":{"_acf_changed":false},"product_cat":[169],"product_tag":[],"class_list":{"0":"post-4112","1":"product","2":"type-product","3":"status-publish","4":"has-post-thumbnail","6":"product_cat-saty-cs-2","8":"first","9":"instock","10":"sold-individually","11":"taxable","12":"shipping-taxable","13":"purchasable","14":"product-type-simple"},"acf":[],"_links":{"self":[{"href":"https:\/\/maisonvindt.com\/cs\/wp-json\/wp\/v2\/product\/4112"}],"collection":[{"href":"https:\/\/maisonvindt.com\/cs\/wp-json\/wp\/v2\/product"}],"about":[{"href":"https:\/\/maisonvindt.com\/cs\/wp-json\/wp\/v2\/types\/product"}],"replies":[{"embeddable":true,"href":"https:\/\/maisonvindt.com\/cs\/wp-json\/wp\/v2\/comments?post=4112"}],"wp:featuredmedia":[{"embeddable":true,"href":"https:\/\/maisonvindt.com\/cs\/wp-json\/wp\/v2\/media\/5138"}],"wp:attachment":[{"href":"https:\/\/maisonvindt.com\/cs\/wp-json\/wp\/v2\/media?parent=4112"}],"wp:term":[{"taxonomy":"product_cat","embeddable":true,"href":"https:\/\/maisonvindt.com\/cs\/wp-json\/wp\/v2\/product_cat?post=4112"},{"taxonomy":"product_tag","embeddable":true,"href":"https:\/\/maisonvindt.com\/cs\/wp-json\/wp\/v2\/product_tag?post=4112"}],"curies":[{"name":"wp","href":"https:\/\/api.w.org\/{rel}","templated":true}]}}