{"id":4143,"date":"2023-03-23T16:35:30","date_gmt":"2023-03-23T15:35:30","guid":{"rendered":"https:\/\/maisonvindt.com\/product\/saty-iris\/"},"modified":"2023-03-23T16:35:30","modified_gmt":"2023-03-23T15:35:30","slug":"saty-iris","status":"publish","type":"product","link":"https:\/\/maisonvindt.com\/cs\/produkt\/saty-iris\/","title":{"rendered":"\u0160aty Iris"},"content":{"rendered":"<p>Kr\u00e1lovsk\u00e9 \u0161aty Iris Dress jsou p\u016fvabn\u00e9 v ka\u017ed\u00e9m detailu. Maj\u00ed p\u0159il\u00e9hav\u00fd st\u0159ih, kter\u00fd zv\u00fdraz\u0148uje \u017eensk\u00e9 k\u0159ivky. M\u016f\u017eete je nosit za ka\u017ed\u00e9ho po\u010das\u00ed. Vzdu\u0161n\u00e9 nab\u00edran\u00e9 ruk\u00e1vy s ozdobn\u00fdm patentem v\u00e1s v teplej\u0161\u00edch dnech jemn\u011b osv\u011b\u017e\u00ed a v chladn\u011bj\u0161\u00edch dnech zah\u0159ej\u00ed. \u0160aty Iris jsou velmi pohodln\u00e9 a praktick\u00e9 d\u00edky skryt\u00fdm zip\u016fm pro kojen\u00ed.<\/p>\n","protected":false},"excerpt":{"rendered":"<p>Kr\u00e1lovsk\u00e9 \u0161aty Iris Dress jsou p\u016fvabn\u00e9 v ka\u017ed\u00e9m detailu. Maj\u00ed p\u0159il\u00e9hav\u00fd st\u0159ih, kter\u00fd zv\u00fdraz\u0148uje \u017eensk\u00e9 k\u0159ivky. M\u016f\u017eete je nosit za ka\u017ed\u00e9ho po\u010das\u00ed. Vzdu\u0161n\u00e9 nab\u00edran\u00e9 ruk\u00e1vy s ozdobn\u00fdm patentem v\u00e1s v teplej\u0161\u00edch dnech jemn\u011b osv\u011b\u017e\u00ed a v chladn\u011bj\u0161\u00edch dnech zah\u0159ej\u00ed. \u0160aty Iris jsou velmi pohodln\u00e9 a praktick\u00e9 d\u00edky skryt\u00fdm zip\u016fm pro kojen\u00ed.<\/p>\n","protected":false},"featured_media":4153,"comment_status":"closed","ping_status":"closed","template":"","meta":{"_acf_changed":false},"product_cat":[169],"product_tag":[],"class_list":{"0":"post-4143","1":"product","2":"type-product","3":"status-publish","4":"has-post-thumbnail","6":"product_cat-saty-cs-2","8":"first","9":"instock","10":"taxable","11":"shipping-taxable","12":"purchasable","13":"product-type-variable"},"acf":[],"_links":{"self":[{"href":"https:\/\/maisonvindt.com\/cs\/wp-json\/wp\/v2\/product\/4143"}],"collection":[{"href":"https:\/\/maisonvindt.com\/cs\/wp-json\/wp\/v2\/product"}],"about":[{"href":"https:\/\/maisonvindt.com\/cs\/wp-json\/wp\/v2\/types\/product"}],"replies":[{"embeddable":true,"href":"https:\/\/maisonvindt.com\/cs\/wp-json\/wp\/v2\/comments?post=4143"}],"wp:featuredmedia":[{"embeddable":true,"href":"https:\/\/maisonvindt.com\/cs\/wp-json\/wp\/v2\/media\/4153"}],"wp:attachment":[{"href":"https:\/\/maisonvindt.com\/cs\/wp-json\/wp\/v2\/media?parent=4143"}],"wp:term":[{"taxonomy":"product_cat","embeddable":true,"href":"https:\/\/maisonvindt.com\/cs\/wp-json\/wp\/v2\/product_cat?post=4143"},{"taxonomy":"product_tag","embeddable":true,"href":"https:\/\/maisonvindt.com\/cs\/wp-json\/wp\/v2\/product_tag?post=4143"}],"curies":[{"name":"wp","href":"https:\/\/api.w.org\/{rel}","templated":true}]}}