{"id":4148,"date":"2023-03-23T16:36:13","date_gmt":"2023-03-23T15:36:13","guid":{"rendered":"https:\/\/maisonvindt.com\/product\/lina-soft-pink-lnena-souprava\/"},"modified":"2024-05-15T12:47:25","modified_gmt":"2024-05-15T10:47:25","slug":"lina-soft-pink-lnena-souprava","status":"publish","type":"product","link":"https:\/\/maisonvindt.com\/cs\/produkt\/lina-soft-pink-lnena-souprava\/","title":{"rendered":"LINA Soft Pink ln\u011bn\u00e1 souprava"},"content":{"rendered":"<p>Souprava kimonov\u00e9 halenky a lehk\u00fdch \u0161ortek je stejn\u011b jemn\u00e1 jako samotn\u00fd ln\u011bn\u00fd kv\u011bt. Nab\u00edz\u00ed volnost v tkanin\u011b, kter\u00e1 se d\u00edky sv\u00fdm vlastnostem pou\u017e\u00edv\u00e1 ji\u017e po stalet\u00ed, a pohodl\u00ed zaru\u010den\u00e9 poctivou ru\u010dn\u00ed v\u00fdrobou. \u017denskou jemnost modelu podtrhuje vol\u00e1nov\u00e9 lemov\u00e1n\u00ed.<\/p>\n","protected":false},"excerpt":{"rendered":"<p>Souprava kimonov\u00e9 halenky a lehk\u00fdch \u0161ortek je stejn\u011b jemn\u00e1 jako samotn\u00fd ln\u011bn\u00fd kv\u011bt. Nab\u00edz\u00ed volnost v tkanin\u011b, kter\u00e1 se d\u00edky sv\u00fdm vlastnostem pou\u017e\u00edv\u00e1 ji\u017e po stalet\u00ed, a pohodl\u00ed zaru\u010den\u00e9 poctivou ru\u010dn\u00ed v\u00fdrobou. \u017denskou jemnost modelu podtrhuje vol\u00e1nov\u00e9 lemov\u00e1n\u00ed.<\/p>\n","protected":false},"featured_media":4690,"comment_status":"closed","ping_status":"closed","template":"","meta":{"_acf_changed":false},"product_cat":[199],"product_tag":[],"class_list":{"0":"post-4148","1":"product","2":"type-product","3":"status-publish","4":"has-post-thumbnail","6":"product_cat-sady","8":"first","9":"onbackorder","10":"sold-individually","11":"taxable","12":"shipping-taxable","13":"purchasable","14":"product-type-simple"},"acf":[],"_links":{"self":[{"href":"https:\/\/maisonvindt.com\/cs\/wp-json\/wp\/v2\/product\/4148"}],"collection":[{"href":"https:\/\/maisonvindt.com\/cs\/wp-json\/wp\/v2\/product"}],"about":[{"href":"https:\/\/maisonvindt.com\/cs\/wp-json\/wp\/v2\/types\/product"}],"replies":[{"embeddable":true,"href":"https:\/\/maisonvindt.com\/cs\/wp-json\/wp\/v2\/comments?post=4148"}],"wp:featuredmedia":[{"embeddable":true,"href":"https:\/\/maisonvindt.com\/cs\/wp-json\/wp\/v2\/media\/4690"}],"wp:attachment":[{"href":"https:\/\/maisonvindt.com\/cs\/wp-json\/wp\/v2\/media?parent=4148"}],"wp:term":[{"taxonomy":"product_cat","embeddable":true,"href":"https:\/\/maisonvindt.com\/cs\/wp-json\/wp\/v2\/product_cat?post=4148"},{"taxonomy":"product_tag","embeddable":true,"href":"https:\/\/maisonvindt.com\/cs\/wp-json\/wp\/v2\/product_tag?post=4148"}],"curies":[{"name":"wp","href":"https:\/\/api.w.org\/{rel}","templated":true}]}}