{"id":4149,"date":"2023-03-23T16:35:51","date_gmt":"2023-03-23T15:35:51","guid":{"rendered":"https:\/\/maisonvindt.com\/product\/blejzr-corduroy\/"},"modified":"2023-03-23T16:35:51","modified_gmt":"2023-03-23T15:35:51","slug":"blejzr-corduroy","status":"publish","type":"product","link":"https:\/\/maisonvindt.com\/cs\/produkt\/blejzr-corduroy\/","title":{"rendered":"Blejzr CORDUROY"},"content":{"rendered":"<p>Man\u0161estrov\u00e9 sako je skute\u010dnou nad\u010dasovou klasikou. Nad\u010dasov\u00e1 a poutav\u00e1 barva, p\u0159\u00edjemn\u00fd st\u0159ih a pe\u010dliv\u00e9 ru\u010dn\u00ed zpracov\u00e1n\u00ed vytvo\u0159ily kousek, kter\u00fd mus\u00edte m\u00edt a kter\u00fd ocen\u00edte po mnoho let. Detaily v podob\u011b n\u00e1\u0161ivek na loktech nebo ozdobn\u00fdch knofl\u00edk\u016f jen dotv\u00e1\u0159ej\u00ed \u0161perk ka\u017ed\u00e9ho \u0161atn\u00edku.<\/p>\n","protected":false},"excerpt":{"rendered":"<p>Man\u0161estrov\u00e9 sako je skute\u010dnou nad\u010dasovou klasikou. Nad\u010dasov\u00e1 a poutav\u00e1 barva, p\u0159\u00edjemn\u00fd st\u0159ih a pe\u010dliv\u00e9 ru\u010dn\u00ed zpracov\u00e1n\u00ed vytvo\u0159ily kousek, kter\u00fd mus\u00edte m\u00edt a kter\u00fd ocen\u00edte po mnoho let. Detaily v podob\u011b n\u00e1\u0161ivek na loktech nebo ozdobn\u00fdch knofl\u00edk\u016f jen dotv\u00e1\u0159ej\u00ed \u0161perk ka\u017ed\u00e9ho \u0161atn\u00edku.<\/p>\n","protected":false},"featured_media":4903,"comment_status":"closed","ping_status":"closed","template":"","meta":{"_acf_changed":false},"product_cat":[166],"product_tag":[],"class_list":{"0":"post-4149","1":"product","2":"type-product","3":"status-publish","4":"has-post-thumbnail","6":"product_cat-rika","8":"first","9":"onbackorder","10":"sold-individually","11":"taxable","12":"shipping-taxable","13":"purchasable","14":"product-type-simple"},"acf":[],"_links":{"self":[{"href":"https:\/\/maisonvindt.com\/cs\/wp-json\/wp\/v2\/product\/4149"}],"collection":[{"href":"https:\/\/maisonvindt.com\/cs\/wp-json\/wp\/v2\/product"}],"about":[{"href":"https:\/\/maisonvindt.com\/cs\/wp-json\/wp\/v2\/types\/product"}],"replies":[{"embeddable":true,"href":"https:\/\/maisonvindt.com\/cs\/wp-json\/wp\/v2\/comments?post=4149"}],"wp:featuredmedia":[{"embeddable":true,"href":"https:\/\/maisonvindt.com\/cs\/wp-json\/wp\/v2\/media\/4903"}],"wp:attachment":[{"href":"https:\/\/maisonvindt.com\/cs\/wp-json\/wp\/v2\/media?parent=4149"}],"wp:term":[{"taxonomy":"product_cat","embeddable":true,"href":"https:\/\/maisonvindt.com\/cs\/wp-json\/wp\/v2\/product_cat?post=4149"},{"taxonomy":"product_tag","embeddable":true,"href":"https:\/\/maisonvindt.com\/cs\/wp-json\/wp\/v2\/product_tag?post=4149"}],"curies":[{"name":"wp","href":"https:\/\/api.w.org\/{rel}","templated":true}]}}