{"id":4150,"date":"2023-03-23T16:35:30","date_gmt":"2023-03-23T15:35:30","guid":{"rendered":"https:\/\/maisonvindt.com\/product\/saty-jasmine\/"},"modified":"2023-03-23T16:35:30","modified_gmt":"2023-03-23T15:35:30","slug":"saty-jasmine","status":"publish","type":"product","link":"https:\/\/maisonvindt.com\/cs\/produkt\/saty-jasmine\/","title":{"rendered":"\u0160aty Jasmine"},"content":{"rendered":"<p>Jemn\u00e9 \u0161aty bez ruk\u00e1v\u016f s romantick\u00fdm n\u00e1dechem a hrav\u00fdmi vol\u00e1nky. Kr\u00e1sn\u011b vzdu\u0161n\u00fd materi\u00e1l je ide\u00e1ln\u00ed pro letn\u00ed dny. D\u00edky d\u016fmysln\u00e9mu st\u0159ihu a skryt\u00fdm zip\u016fm umo\u017e\u0148uj\u00ed praktick\u00e9 kojen\u00ed d\u00edt\u011bte. \u0160\u0148\u016frky v pase zaji\u0161\u0165uj\u00ed pohodln\u00e9 no\u0161en\u00ed, tak\u017ee si \u0161aty m\u016f\u017eete p\u0159izp\u016fsobit sv\u00e9 postav\u011b a n\u00e1lad\u011b. Efekt jedine\u010dnosti \u0161at\u016fm dod\u00e1v\u00e1 ozdobn\u00e1 neonov\u00e1 nit a vd\u011b\u010dn\u00fdm detailem jsou tak\u00e9 skryt\u00e9 kapsy.<\/p>\n","protected":false},"excerpt":{"rendered":"<p>Jemn\u00e9 \u0161aty bez ruk\u00e1v\u016f s romantick\u00fdm n\u00e1dechem a hrav\u00fdmi vol\u00e1nky. Kr\u00e1sn\u011b vzdu\u0161n\u00fd materi\u00e1l je ide\u00e1ln\u00ed pro letn\u00ed dny. D\u00edky d\u016fmysln\u00e9mu st\u0159ihu a skryt\u00fdm zip\u016fm umo\u017e\u0148uj\u00ed praktick\u00e9 kojen\u00ed d\u00edt\u011bte. \u0160\u0148\u016frky v pase zaji\u0161\u0165uj\u00ed pohodln\u00e9 no\u0161en\u00ed, tak\u017ee si \u0161aty m\u016f\u017eete p\u0159izp\u016fsobit sv\u00e9 postav\u011b a n\u00e1lad\u011b. Efekt jedine\u010dnosti \u0161at\u016fm dod\u00e1v\u00e1 ozdobn\u00e1 neonov\u00e1 nit a vd\u011b\u010dn\u00fdm detailem jsou tak\u00e9 [&hellip;]<\/p>\n","protected":false},"featured_media":5247,"comment_status":"closed","ping_status":"closed","template":"","meta":{"_acf_changed":false},"product_cat":[169],"product_tag":[],"class_list":{"0":"post-4150","1":"product","2":"type-product","3":"status-publish","4":"has-post-thumbnail","6":"product_cat-saty-cs-2","8":"first","9":"instock","10":"taxable","11":"shipping-taxable","12":"purchasable","13":"product-type-simple"},"acf":[],"_links":{"self":[{"href":"https:\/\/maisonvindt.com\/cs\/wp-json\/wp\/v2\/product\/4150"}],"collection":[{"href":"https:\/\/maisonvindt.com\/cs\/wp-json\/wp\/v2\/product"}],"about":[{"href":"https:\/\/maisonvindt.com\/cs\/wp-json\/wp\/v2\/types\/product"}],"replies":[{"embeddable":true,"href":"https:\/\/maisonvindt.com\/cs\/wp-json\/wp\/v2\/comments?post=4150"}],"wp:featuredmedia":[{"embeddable":true,"href":"https:\/\/maisonvindt.com\/cs\/wp-json\/wp\/v2\/media\/5247"}],"wp:attachment":[{"href":"https:\/\/maisonvindt.com\/cs\/wp-json\/wp\/v2\/media?parent=4150"}],"wp:term":[{"taxonomy":"product_cat","embeddable":true,"href":"https:\/\/maisonvindt.com\/cs\/wp-json\/wp\/v2\/product_cat?post=4150"},{"taxonomy":"product_tag","embeddable":true,"href":"https:\/\/maisonvindt.com\/cs\/wp-json\/wp\/v2\/product_tag?post=4150"}],"curies":[{"name":"wp","href":"https:\/\/api.w.org\/{rel}","templated":true}]}}