{"id":4159,"date":"2023-03-23T16:35:51","date_gmt":"2023-03-23T15:35:51","guid":{"rendered":"https:\/\/maisonvindt.com\/product\/poppy-viskozove-saty-cervene\/"},"modified":"2023-03-23T16:35:51","modified_gmt":"2023-03-23T15:35:51","slug":"poppy-viskozove-saty-cervene","status":"publish","type":"product","link":"https:\/\/maisonvindt.com\/cs\/produkt\/poppy-viskozove-saty-cervene\/","title":{"rendered":"POPPY visk\u00f3zov\u00e9 \u0161aty \u010derven\u00e9"},"content":{"rendered":"<p>Jemnost a s\u00edlu kv\u011btu m\u00e1ku jsme p\u0159enesli do \u0161at\u016f Poppy. V\u00fdrazn\u00e1 knofl\u00edkov\u00e1 l\u00e9ga a zdoben\u00fd l\u00edmec p\u016fsob\u00ed rozhodn\u011b a form\u00e1ln\u011b, k\u0159ehkost m\u00e1ku p\u0159ipom\u00ednaj\u00ed drobn\u00e9 vol\u00e1nky a p\u00e1sky na zavazov\u00e1n\u00ed.<\/p>\n","protected":false},"excerpt":{"rendered":"<p>Jemnost a s\u00edlu kv\u011btu m\u00e1ku jsme p\u0159enesli do \u0161at\u016f Poppy. V\u00fdrazn\u00e1 knofl\u00edkov\u00e1 l\u00e9ga a zdoben\u00fd l\u00edmec p\u016fsob\u00ed rozhodn\u011b a form\u00e1ln\u011b, k\u0159ehkost m\u00e1ku p\u0159ipom\u00ednaj\u00ed drobn\u00e9 vol\u00e1nky a p\u00e1sky na zavazov\u00e1n\u00ed.<\/p>\n","protected":false},"featured_media":5443,"comment_status":"closed","ping_status":"closed","template":"","meta":{"_acf_changed":false},"product_cat":[169],"product_tag":[],"class_list":{"0":"post-4159","1":"product","2":"type-product","3":"status-publish","4":"has-post-thumbnail","6":"product_cat-saty-cs-2","8":"first","9":"instock","10":"sold-individually","11":"taxable","12":"shipping-taxable","13":"purchasable","14":"product-type-simple"},"acf":[],"_links":{"self":[{"href":"https:\/\/maisonvindt.com\/cs\/wp-json\/wp\/v2\/product\/4159"}],"collection":[{"href":"https:\/\/maisonvindt.com\/cs\/wp-json\/wp\/v2\/product"}],"about":[{"href":"https:\/\/maisonvindt.com\/cs\/wp-json\/wp\/v2\/types\/product"}],"replies":[{"embeddable":true,"href":"https:\/\/maisonvindt.com\/cs\/wp-json\/wp\/v2\/comments?post=4159"}],"wp:featuredmedia":[{"embeddable":true,"href":"https:\/\/maisonvindt.com\/cs\/wp-json\/wp\/v2\/media\/5443"}],"wp:attachment":[{"href":"https:\/\/maisonvindt.com\/cs\/wp-json\/wp\/v2\/media?parent=4159"}],"wp:term":[{"taxonomy":"product_cat","embeddable":true,"href":"https:\/\/maisonvindt.com\/cs\/wp-json\/wp\/v2\/product_cat?post=4159"},{"taxonomy":"product_tag","embeddable":true,"href":"https:\/\/maisonvindt.com\/cs\/wp-json\/wp\/v2\/product_tag?post=4159"}],"curies":[{"name":"wp","href":"https:\/\/api.w.org\/{rel}","templated":true}]}}