{"id":4161,"date":"2023-03-23T16:36:13","date_gmt":"2023-03-23T15:36:13","guid":{"rendered":"https:\/\/maisonvindt.com\/product\/saty-lana-percal-ecru\/"},"modified":"2024-05-15T12:47:22","modified_gmt":"2024-05-15T10:47:22","slug":"saty-lana-percal-ecru","status":"publish","type":"product","link":"https:\/\/maisonvindt.com\/cs\/produkt\/saty-lana-percal-ecru\/","title":{"rendered":"\u0160aty LANA percal ecru"},"content":{"rendered":"<p>Kr\u00e1sa je v jednoduchosti a kvalit\u011b. Mini\u0161aty z organick\u00e9 bavlny s n\u00e1dechem m\u00f3dn\u00ed ikony 60. let. Detail v podob\u011b jemn\u00e9ho \u0159asen\u00ed nab\u00edz\u00ed mo\u017enost skr\u00fdt zipy pou\u017e\u00edvan\u00e9 p\u0159i kojen\u00ed. Pocit jedine\u010dnosti modelu dod\u00e1vaj\u00ed v\u00fdrazn\u00e9 nad\u00fdchan\u00e9 ruk\u00e1vy.<\/p>\n","protected":false},"excerpt":{"rendered":"<p>Kr\u00e1sa je v jednoduchosti a kvalit\u011b. Mini\u0161aty z organick\u00e9 bavlny s n\u00e1dechem m\u00f3dn\u00ed ikony 60. let. Detail v podob\u011b jemn\u00e9ho \u0159asen\u00ed nab\u00edz\u00ed mo\u017enost skr\u00fdt zipy pou\u017e\u00edvan\u00e9 p\u0159i kojen\u00ed. Pocit jedine\u010dnosti modelu dod\u00e1vaj\u00ed v\u00fdrazn\u00e9 nad\u00fdchan\u00e9 ruk\u00e1vy.<\/p>\n","protected":false},"featured_media":5201,"comment_status":"closed","ping_status":"closed","template":"","meta":{"_acf_changed":false},"product_cat":[169],"product_tag":[],"class_list":{"0":"post-4161","1":"product","2":"type-product","3":"status-publish","4":"has-post-thumbnail","6":"product_cat-saty-cs-2","8":"first","9":"onbackorder","10":"sold-individually","11":"taxable","12":"shipping-taxable","13":"purchasable","14":"product-type-simple"},"acf":[],"_links":{"self":[{"href":"https:\/\/maisonvindt.com\/cs\/wp-json\/wp\/v2\/product\/4161"}],"collection":[{"href":"https:\/\/maisonvindt.com\/cs\/wp-json\/wp\/v2\/product"}],"about":[{"href":"https:\/\/maisonvindt.com\/cs\/wp-json\/wp\/v2\/types\/product"}],"replies":[{"embeddable":true,"href":"https:\/\/maisonvindt.com\/cs\/wp-json\/wp\/v2\/comments?post=4161"}],"wp:featuredmedia":[{"embeddable":true,"href":"https:\/\/maisonvindt.com\/cs\/wp-json\/wp\/v2\/media\/5201"}],"wp:attachment":[{"href":"https:\/\/maisonvindt.com\/cs\/wp-json\/wp\/v2\/media?parent=4161"}],"wp:term":[{"taxonomy":"product_cat","embeddable":true,"href":"https:\/\/maisonvindt.com\/cs\/wp-json\/wp\/v2\/product_cat?post=4161"},{"taxonomy":"product_tag","embeddable":true,"href":"https:\/\/maisonvindt.com\/cs\/wp-json\/wp\/v2\/product_tag?post=4161"}],"curies":[{"name":"wp","href":"https:\/\/api.w.org\/{rel}","templated":true}]}}