{"id":4163,"date":"2023-03-23T16:35:30","date_gmt":"2023-03-23T15:35:30","guid":{"rendered":"https:\/\/maisonvindt.com\/product\/saty-vera\/"},"modified":"2023-03-23T16:35:30","modified_gmt":"2023-03-23T15:35:30","slug":"saty-vera","status":"publish","type":"product","link":"https:\/\/maisonvindt.com\/cs\/produkt\/saty-vera\/","title":{"rendered":"\u0160aty VERA"},"content":{"rendered":"<p>Vera Dress hedv\u00e1bn\u00e9 \u0161aty ve v\u00fdrazn\u00fdch oran\u017eov\u00fdch odst\u00ednech. Jednoduch\u00fd \u00e1\u010dkov\u00fd st\u0159ih a origin\u00e1ln\u00ed vol\u00e1nkov\u00e9 ruk\u00e1vy. Jsou extravagantn\u00ed a hrav\u00e9 z\u00e1rove\u0148. Rozt\u00e1hn\u011bte k\u0159\u00eddla a prole\u0165te \u017eivotem jako odv\u00e1\u017en\u00e1 diva a starostliv\u00e1 maminka v jednom d\u00edky diskr\u00e9tn\u011b skryt\u00fdm koj\u00edc\u00edm zip\u016fm. Obujte si k nim sand\u00e1ly nebo vysok\u00e9 boty a v\u00e1\u0161 outfit z\u00edsk\u00e1 nov\u00fd rozm\u011br.<\/p>\n","protected":false},"excerpt":{"rendered":"<p>Vera Dress hedv\u00e1bn\u00e9 \u0161aty ve v\u00fdrazn\u00fdch oran\u017eov\u00fdch odst\u00ednech. Jednoduch\u00fd \u00e1\u010dkov\u00fd st\u0159ih a origin\u00e1ln\u00ed vol\u00e1nkov\u00e9 ruk\u00e1vy. Jsou extravagantn\u00ed a hrav\u00e9 z\u00e1rove\u0148. Rozt\u00e1hn\u011bte k\u0159\u00eddla a prole\u0165te \u017eivotem jako odv\u00e1\u017en\u00e1 diva a starostliv\u00e1 maminka v jednom d\u00edky diskr\u00e9tn\u011b skryt\u00fdm koj\u00edc\u00edm zip\u016fm. Obujte si k nim sand\u00e1ly nebo vysok\u00e9 boty a v\u00e1\u0161 outfit z\u00edsk\u00e1 nov\u00fd rozm\u011br.<\/p>\n","protected":false},"featured_media":5319,"comment_status":"closed","ping_status":"closed","template":"","meta":{"_acf_changed":false},"product_cat":[169],"product_tag":[],"class_list":{"0":"post-4163","1":"product","2":"type-product","3":"status-publish","4":"has-post-thumbnail","6":"product_cat-saty-cs-2","8":"first","9":"instock","10":"taxable","11":"shipping-taxable","12":"purchasable","13":"product-type-simple"},"acf":[],"_links":{"self":[{"href":"https:\/\/maisonvindt.com\/cs\/wp-json\/wp\/v2\/product\/4163"}],"collection":[{"href":"https:\/\/maisonvindt.com\/cs\/wp-json\/wp\/v2\/product"}],"about":[{"href":"https:\/\/maisonvindt.com\/cs\/wp-json\/wp\/v2\/types\/product"}],"replies":[{"embeddable":true,"href":"https:\/\/maisonvindt.com\/cs\/wp-json\/wp\/v2\/comments?post=4163"}],"wp:featuredmedia":[{"embeddable":true,"href":"https:\/\/maisonvindt.com\/cs\/wp-json\/wp\/v2\/media\/5319"}],"wp:attachment":[{"href":"https:\/\/maisonvindt.com\/cs\/wp-json\/wp\/v2\/media?parent=4163"}],"wp:term":[{"taxonomy":"product_cat","embeddable":true,"href":"https:\/\/maisonvindt.com\/cs\/wp-json\/wp\/v2\/product_cat?post=4163"},{"taxonomy":"product_tag","embeddable":true,"href":"https:\/\/maisonvindt.com\/cs\/wp-json\/wp\/v2\/product_tag?post=4163"}],"curies":[{"name":"wp","href":"https:\/\/api.w.org\/{rel}","templated":true}]}}