{"id":4169,"date":"2023-03-23T16:35:51","date_gmt":"2023-03-23T15:35:51","guid":{"rendered":"https:\/\/maisonvindt.com\/product\/mansestrove-saty-lulu\/"},"modified":"2023-03-23T16:35:51","modified_gmt":"2023-03-23T15:35:51","slug":"mansestrove-saty-lulu","status":"publish","type":"product","link":"https:\/\/maisonvindt.com\/cs\/produkt\/mansestrove-saty-lulu\/","title":{"rendered":"Man\u0161estrov\u00e9 \u0161aty LULU"},"content":{"rendered":"<p>\u0160aty z tradi\u010dn\u00edho a p\u0159\u00edjemn\u00e9ho men\u0161estru s modern\u00edm vzhledem. Typick\u00fd man\u0161estrov\u00fd vzor je zv\u00fdrazn\u011bn v\u00fdrazn\u00fdmi vol\u00e1nky na sukni a ruk\u00e1vech. Zd\u016frazn\u011bte svou \u017eenskost v ka\u017ed\u00e9 \u017eivotn\u00ed f\u00e1zi d\u00edky chyt\u0159e skryt\u00fdm zip\u016fm pro kojen\u00ed.<\/p>\n","protected":false},"excerpt":{"rendered":"<p>\u0160aty z tradi\u010dn\u00edho a p\u0159\u00edjemn\u00e9ho men\u0161estru s modern\u00edm vzhledem. Typick\u00fd man\u0161estrov\u00fd vzor je zv\u00fdrazn\u011bn v\u00fdrazn\u00fdmi vol\u00e1nky na sukni a ruk\u00e1vech. Zd\u016frazn\u011bte svou \u017eenskost v ka\u017ed\u00e9 \u017eivotn\u00ed f\u00e1zi d\u00edky chyt\u0159e skryt\u00fdm zip\u016fm pro kojen\u00ed.<\/p>\n","protected":false},"featured_media":4753,"comment_status":"closed","ping_status":"closed","template":"","meta":{"_acf_changed":false},"product_cat":[169],"product_tag":[],"class_list":{"0":"post-4169","1":"product","2":"type-product","3":"status-publish","4":"has-post-thumbnail","6":"product_cat-saty-cs-2","8":"first","9":"soldout","10":"taxable","11":"shipping-taxable","12":"product-type-simple"},"acf":[],"_links":{"self":[{"href":"https:\/\/maisonvindt.com\/cs\/wp-json\/wp\/v2\/product\/4169"}],"collection":[{"href":"https:\/\/maisonvindt.com\/cs\/wp-json\/wp\/v2\/product"}],"about":[{"href":"https:\/\/maisonvindt.com\/cs\/wp-json\/wp\/v2\/types\/product"}],"replies":[{"embeddable":true,"href":"https:\/\/maisonvindt.com\/cs\/wp-json\/wp\/v2\/comments?post=4169"}],"wp:featuredmedia":[{"embeddable":true,"href":"https:\/\/maisonvindt.com\/cs\/wp-json\/wp\/v2\/media\/4753"}],"wp:attachment":[{"href":"https:\/\/maisonvindt.com\/cs\/wp-json\/wp\/v2\/media?parent=4169"}],"wp:term":[{"taxonomy":"product_cat","embeddable":true,"href":"https:\/\/maisonvindt.com\/cs\/wp-json\/wp\/v2\/product_cat?post=4169"},{"taxonomy":"product_tag","embeddable":true,"href":"https:\/\/maisonvindt.com\/cs\/wp-json\/wp\/v2\/product_tag?post=4169"}],"curies":[{"name":"wp","href":"https:\/\/api.w.org\/{rel}","templated":true}]}}