{"id":4186,"date":"2023-07-03T21:29:45","date_gmt":"2023-07-03T19:29:45","guid":{"rendered":"https:\/\/maisonvindt.com\/product\/modre-kalhoty-malva\/"},"modified":"2023-07-03T21:29:45","modified_gmt":"2023-07-03T19:29:45","slug":"modre-kalhoty-malva","status":"publish","type":"product","link":"https:\/\/maisonvindt.com\/cs\/produkt\/modre-kalhoty-malva\/","title":{"rendered":"Modr\u00e9 kalhoty MALVA"},"content":{"rendered":"<div class=\"page\" title=\"Strana 1\">\n<div class=\"layoutArea\">\n<div class=\"column\">\n<p>\u0160irok\u00e9 kalhoty z kolekce MALVA dodaj\u00ed va\u0161emu outfitu stylov\u00fd a modern\u00ed rozm\u011br. Jsou pohodln\u00e9, ale z\u00e1rove\u0148 velmi m\u00f3dn\u00ed, co\u017e vytv\u00e1\u0159\u00ed skv\u011blou rovnov\u00e1hu mezi pohodl\u00edm a stylem. Kalhoty maj\u00ed vysok\u00fd pas, zap\u00edn\u00e1n\u00ed na knofl\u00edky a kapsy na boc\u00edch. Ocen\u00edte jejich prakti\u010dnost. \u0160irok\u00e9 kalhoty lze snadno kombinovat s jednoduch\u00fdm topem a elegantn\u00edmi botami. Inspirujte se modely Maison Vindt a vneste do sv\u00e9ho sv\u011bta jednoduchost, eleganci a nad\u010dasov\u00fd vzhled, kter\u00fd v sob\u011b spojuje kvalitu.<\/p>\n<\/div>\n<\/div>\n<\/div>\n","protected":false},"excerpt":{"rendered":"<p>\u0160irok\u00e9 kalhoty z kolekce MALVA dodaj\u00ed va\u0161emu outfitu stylov\u00fd a modern\u00ed rozm\u011br. Jsou pohodln\u00e9, ale z\u00e1rove\u0148 velmi m\u00f3dn\u00ed, co\u017e vytv\u00e1\u0159\u00ed skv\u011blou rovnov\u00e1hu mezi pohodl\u00edm a stylem. Kalhoty maj\u00ed vysok\u00fd pas, zap\u00edn\u00e1n\u00ed na knofl\u00edky a kapsy na boc\u00edch. Ocen\u00edte jejich prakti\u010dnost. \u0160irok\u00e9 kalhoty lze snadno kombinovat s jednoduch\u00fdm topem a elegantn\u00edmi botami. Inspirujte se modely Maison [&hellip;]<\/p>\n","protected":false},"featured_media":5554,"comment_status":"closed","ping_status":"closed","template":"","meta":{"_acf_changed":false},"product_cat":[164],"product_tag":[],"class_list":{"0":"post-4186","1":"product","2":"type-product","3":"status-publish","4":"has-post-thumbnail","6":"product_cat-kalhoty","8":"first","9":"onbackorder","10":"taxable","11":"shipping-taxable","12":"purchasable","13":"product-type-simple"},"acf":[],"_links":{"self":[{"href":"https:\/\/maisonvindt.com\/cs\/wp-json\/wp\/v2\/product\/4186"}],"collection":[{"href":"https:\/\/maisonvindt.com\/cs\/wp-json\/wp\/v2\/product"}],"about":[{"href":"https:\/\/maisonvindt.com\/cs\/wp-json\/wp\/v2\/types\/product"}],"replies":[{"embeddable":true,"href":"https:\/\/maisonvindt.com\/cs\/wp-json\/wp\/v2\/comments?post=4186"}],"wp:featuredmedia":[{"embeddable":true,"href":"https:\/\/maisonvindt.com\/cs\/wp-json\/wp\/v2\/media\/5554"}],"wp:attachment":[{"href":"https:\/\/maisonvindt.com\/cs\/wp-json\/wp\/v2\/media?parent=4186"}],"wp:term":[{"taxonomy":"product_cat","embeddable":true,"href":"https:\/\/maisonvindt.com\/cs\/wp-json\/wp\/v2\/product_cat?post=4186"},{"taxonomy":"product_tag","embeddable":true,"href":"https:\/\/maisonvindt.com\/cs\/wp-json\/wp\/v2\/product_tag?post=4186"}],"curies":[{"name":"wp","href":"https:\/\/api.w.org\/{rel}","templated":true}]}}