{"id":4223,"date":"2023-03-23T16:36:13","date_gmt":"2023-03-23T15:36:13","guid":{"rendered":"https:\/\/maisonvindt.com\/product\/aster-viskozove-zlute-saty\/"},"modified":"2024-05-15T12:47:24","modified_gmt":"2024-05-15T10:47:24","slug":"aster-viskozove-zlute-saty","status":"publish","type":"product","link":"https:\/\/maisonvindt.com\/cs\/produkt\/aster-viskozove-zlute-saty\/","title":{"rendered":"ASTER visk\u00f3zov\u00e9 \u017elut\u00e9 \u0161aty"},"content":{"rendered":"<p>Kombinace jednoduchosti a zdobnosti v \u0161atech Aster. \u0158ada A je pohodln\u00e1 a praktick\u00e1 volba. Neobvykl\u00fdm detailem \u0161at\u016f je hrav\u00fd vol\u00e1nek kolem ramen s ozdobnou \u0161\u0148\u016frkou a drobn\u00fd l\u00edme\u010dek p\u0159ipom\u00ednaj\u00edc\u00ed okv\u011btn\u00ed l\u00edstky. Astra je vesel\u00e1 jako podzim, model Aster rozvesel\u00ed v\u00e1\u0161 \u0161atn\u00edk po cel\u00fd rok. Model je k dispozici ve \u017elut\u00e9, fialov\u00e9 a r\u016f\u017eov\u00e9 barv\u011b.<\/p>\n","protected":false},"excerpt":{"rendered":"<p>Kombinace jednoduchosti a zdobnosti v \u0161atech Aster. \u0158ada A je pohodln\u00e1 a praktick\u00e1 volba. Neobvykl\u00fdm detailem \u0161at\u016f je hrav\u00fd vol\u00e1nek kolem ramen s ozdobnou \u0161\u0148\u016frkou a drobn\u00fd l\u00edme\u010dek p\u0159ipom\u00ednaj\u00edc\u00ed okv\u011btn\u00ed l\u00edstky. Astra je vesel\u00e1 jako podzim, model Aster rozvesel\u00ed v\u00e1\u0161 \u0161atn\u00edk po cel\u00fd rok. Model je k dispozici ve \u017elut\u00e9, fialov\u00e9 a r\u016f\u017eov\u00e9 barv\u011b.<\/p>\n","protected":false},"featured_media":5599,"comment_status":"closed","ping_status":"closed","template":"","meta":{"_acf_changed":false},"product_cat":[169],"product_tag":[],"class_list":{"0":"post-4223","1":"product","2":"type-product","3":"status-publish","4":"has-post-thumbnail","6":"product_cat-saty-cs-2","8":"first","9":"instock","10":"sold-individually","11":"taxable","12":"shipping-taxable","13":"purchasable","14":"product-type-simple"},"acf":[],"_links":{"self":[{"href":"https:\/\/maisonvindt.com\/cs\/wp-json\/wp\/v2\/product\/4223"}],"collection":[{"href":"https:\/\/maisonvindt.com\/cs\/wp-json\/wp\/v2\/product"}],"about":[{"href":"https:\/\/maisonvindt.com\/cs\/wp-json\/wp\/v2\/types\/product"}],"replies":[{"embeddable":true,"href":"https:\/\/maisonvindt.com\/cs\/wp-json\/wp\/v2\/comments?post=4223"}],"wp:featuredmedia":[{"embeddable":true,"href":"https:\/\/maisonvindt.com\/cs\/wp-json\/wp\/v2\/media\/5599"}],"wp:attachment":[{"href":"https:\/\/maisonvindt.com\/cs\/wp-json\/wp\/v2\/media?parent=4223"}],"wp:term":[{"taxonomy":"product_cat","embeddable":true,"href":"https:\/\/maisonvindt.com\/cs\/wp-json\/wp\/v2\/product_cat?post=4223"},{"taxonomy":"product_tag","embeddable":true,"href":"https:\/\/maisonvindt.com\/cs\/wp-json\/wp\/v2\/product_tag?post=4223"}],"curies":[{"name":"wp","href":"https:\/\/api.w.org\/{rel}","templated":true}]}}