{"id":4231,"date":"2023-03-23T16:35:30","date_gmt":"2023-03-23T15:35:30","guid":{"rendered":"https:\/\/maisonvindt.com\/product\/saty-lola\/"},"modified":"2023-03-23T16:35:30","modified_gmt":"2023-03-23T15:35:30","slug":"saty-lola","status":"publish","type":"product","link":"https:\/\/maisonvindt.com\/cs\/produkt\/saty-lola\/","title":{"rendered":"\u0160aty LOLA"},"content":{"rendered":"<p>Modern\u00ed a romantick\u00e9 d\u00e1msk\u00e9 \u0161aty ve tvaru p\u00edsmene A. Ruk\u00e1vy s rozparkem z jemn\u00e9ho punt\u00edkovan\u00e9ho tylu jsou zakon\u010deny vysokou man\u017eetou s hrav\u00fdmi drobn\u00fdmi knofl\u00ed\u010dky. Pohodln\u00e9 obl\u00e9k\u00e1n\u00ed umo\u017e\u0148uje kovov\u00fd rozep\u00ednac\u00ed zip na zadn\u00ed stran\u011b \u0161at\u016f. Praktick\u00fdm pomocn\u00edkem budou jist\u011b i skryt\u00e9 zipy, kter\u00e9 usnadn\u00ed kojen\u00ed d\u00edt\u011bte. Na proch\u00e1zce ur\u010dit\u011b ocen\u00edte v\u0161it\u00e9 kapsy na boc\u00edch.<\/p>\n","protected":false},"excerpt":{"rendered":"<p>Modern\u00ed a romantick\u00e9 d\u00e1msk\u00e9 \u0161aty ve tvaru p\u00edsmene A. Ruk\u00e1vy s rozparkem z jemn\u00e9ho punt\u00edkovan\u00e9ho tylu jsou zakon\u010deny vysokou man\u017eetou s hrav\u00fdmi drobn\u00fdmi knofl\u00ed\u010dky. Pohodln\u00e9 obl\u00e9k\u00e1n\u00ed umo\u017e\u0148uje kovov\u00fd rozep\u00ednac\u00ed zip na zadn\u00ed stran\u011b \u0161at\u016f. Praktick\u00fdm pomocn\u00edkem budou jist\u011b i skryt\u00e9 zipy, kter\u00e9 usnadn\u00ed kojen\u00ed d\u00edt\u011bte. Na proch\u00e1zce ur\u010dit\u011b ocen\u00edte v\u0161it\u00e9 kapsy na boc\u00edch.<\/p>\n","protected":false},"featured_media":5008,"comment_status":"closed","ping_status":"closed","template":"","meta":{"_acf_changed":false},"product_cat":[169],"product_tag":[],"class_list":{"0":"post-4231","1":"product","2":"type-product","3":"status-publish","4":"has-post-thumbnail","6":"product_cat-saty-cs-2","8":"first","9":"instock","10":"taxable","11":"shipping-taxable","12":"purchasable","13":"product-type-simple"},"acf":[],"_links":{"self":[{"href":"https:\/\/maisonvindt.com\/cs\/wp-json\/wp\/v2\/product\/4231"}],"collection":[{"href":"https:\/\/maisonvindt.com\/cs\/wp-json\/wp\/v2\/product"}],"about":[{"href":"https:\/\/maisonvindt.com\/cs\/wp-json\/wp\/v2\/types\/product"}],"replies":[{"embeddable":true,"href":"https:\/\/maisonvindt.com\/cs\/wp-json\/wp\/v2\/comments?post=4231"}],"wp:featuredmedia":[{"embeddable":true,"href":"https:\/\/maisonvindt.com\/cs\/wp-json\/wp\/v2\/media\/5008"}],"wp:attachment":[{"href":"https:\/\/maisonvindt.com\/cs\/wp-json\/wp\/v2\/media?parent=4231"}],"wp:term":[{"taxonomy":"product_cat","embeddable":true,"href":"https:\/\/maisonvindt.com\/cs\/wp-json\/wp\/v2\/product_cat?post=4231"},{"taxonomy":"product_tag","embeddable":true,"href":"https:\/\/maisonvindt.com\/cs\/wp-json\/wp\/v2\/product_tag?post=4231"}],"curies":[{"name":"wp","href":"https:\/\/api.w.org\/{rel}","templated":true}]}}