{"id":4240,"date":"2023-03-23T16:35:51","date_gmt":"2023-03-23T15:35:51","guid":{"rendered":"https:\/\/maisonvindt.com\/product\/mansestrove-saty-bibi\/"},"modified":"2024-05-15T12:47:28","modified_gmt":"2024-05-15T10:47:28","slug":"mansestrove-saty-bibi","status":"publish","type":"product","link":"https:\/\/maisonvindt.com\/cs\/produkt\/mansestrove-saty-bibi\/","title":{"rendered":"Man\u0161estrov\u00e9 \u0161aty BIBI"},"content":{"rendered":"<p>D\u00edv\u010d\u00ed hravost se prom\u00edtla do man\u0161estrov\u00fdch \u0161at\u016f Bibi. Dominantn\u00edm prvkem \u0161at\u016f je vol\u00e1nov\u00e9 zdoben\u00ed, kter\u00e9 zd\u016fraz\u0148uje a dotv\u00e1\u0159\u00ed \u017eenskou siluetu. Mini\u0161aty upoutaj\u00ed pozornost nejen sv\u00fdm st\u0159ihem s kolovou sukn\u00ed, ale tak\u00e9 v\u00fdraznou tyrkysovou barvou, kter\u00e1 vyb\u00edz\u00ed ke kreativit\u011b a \u017eivosti.<\/p>\n","protected":false},"excerpt":{"rendered":"<p>D\u00edv\u010d\u00ed hravost se prom\u00edtla do man\u0161estrov\u00fdch \u0161at\u016f Bibi. Dominantn\u00edm prvkem \u0161at\u016f je vol\u00e1nov\u00e9 zdoben\u00ed, kter\u00e9 zd\u016fraz\u0148uje a dotv\u00e1\u0159\u00ed \u017eenskou siluetu. Mini\u0161aty upoutaj\u00ed pozornost nejen sv\u00fdm st\u0159ihem s kolovou sukn\u00ed, ale tak\u00e9 v\u00fdraznou tyrkysovou barvou, kter\u00e1 vyb\u00edz\u00ed ke kreativit\u011b a \u017eivosti.<\/p>\n","protected":false},"featured_media":4888,"comment_status":"closed","ping_status":"closed","template":"","meta":{"_acf_changed":false},"product_cat":[169],"product_tag":[],"class_list":{"0":"post-4240","1":"product","2":"type-product","3":"status-publish","4":"has-post-thumbnail","6":"product_cat-saty-cs-2","8":"first","9":"instock","10":"taxable","11":"shipping-taxable","12":"purchasable","13":"product-type-simple"},"acf":[],"_links":{"self":[{"href":"https:\/\/maisonvindt.com\/cs\/wp-json\/wp\/v2\/product\/4240"}],"collection":[{"href":"https:\/\/maisonvindt.com\/cs\/wp-json\/wp\/v2\/product"}],"about":[{"href":"https:\/\/maisonvindt.com\/cs\/wp-json\/wp\/v2\/types\/product"}],"replies":[{"embeddable":true,"href":"https:\/\/maisonvindt.com\/cs\/wp-json\/wp\/v2\/comments?post=4240"}],"wp:featuredmedia":[{"embeddable":true,"href":"https:\/\/maisonvindt.com\/cs\/wp-json\/wp\/v2\/media\/4888"}],"wp:attachment":[{"href":"https:\/\/maisonvindt.com\/cs\/wp-json\/wp\/v2\/media?parent=4240"}],"wp:term":[{"taxonomy":"product_cat","embeddable":true,"href":"https:\/\/maisonvindt.com\/cs\/wp-json\/wp\/v2\/product_cat?post=4240"},{"taxonomy":"product_tag","embeddable":true,"href":"https:\/\/maisonvindt.com\/cs\/wp-json\/wp\/v2\/product_tag?post=4240"}],"curies":[{"name":"wp","href":"https:\/\/api.w.org\/{rel}","templated":true}]}}