{"id":4267,"date":"2023-03-23T16:35:51","date_gmt":"2023-03-23T15:35:51","guid":{"rendered":"https:\/\/maisonvindt.com\/product\/dzinove-saty-wood\/"},"modified":"2023-03-23T16:35:51","modified_gmt":"2023-03-23T15:35:51","slug":"dzinove-saty-wood","status":"publish","type":"product","link":"https:\/\/maisonvindt.com\/cs\/produkt\/dzinove-saty-wood\/","title":{"rendered":"D\u017e\u00ednov\u00e9 \u0161aty WOOD"},"content":{"rendered":"<p>Ko\u0161ilov\u00e9 \u0161aty z pohodln\u00e9 d\u017e\u00ednoviny. Trendy kousek, kter\u00fd se d\u00edky kvalitn\u00edmu materi\u00e1lu a precizn\u00edmu designu stane dlouholet\u00fdm srdcem ka\u017ed\u00e9ho \u0161atn\u00edku. Jemn\u00fd p\u00e1sek, man\u017eetov\u00e9 ruk\u00e1vy a drobn\u00e9 knofl\u00ed\u010dky dod\u00e1vaj\u00ed klasick\u00fdm d\u017e\u00edn\u016fm nov\u00fd vzhled. Smaragdov\u011b zelen\u00e1 sametov\u00e1 stuha dod\u00e1v\u00e1 barvu a upozor\u0148uje na pas \u017eeny. Bez n\u011bj z\u00edsk\u00e1te voln\u00fd, le\u017e\u00e9rn\u00ed a pohodln\u00fd od\u011bv. Skryt\u00e9 zipy ve \u0161vech a voln\u00fd st\u0159ih zp\u0159\u00edjem\u0148uj\u00ed t\u011bhotenskou str\u00e1nku \u017eivota.<\/p>\n","protected":false},"excerpt":{"rendered":"<p>Ko\u0161ilov\u00e9 \u0161aty z pohodln\u00e9 d\u017e\u00ednoviny. Trendy kousek, kter\u00fd se d\u00edky kvalitn\u00edmu materi\u00e1lu a precizn\u00edmu designu stane dlouholet\u00fdm srdcem ka\u017ed\u00e9ho \u0161atn\u00edku. Jemn\u00fd p\u00e1sek, man\u017eetov\u00e9 ruk\u00e1vy a drobn\u00e9 knofl\u00ed\u010dky dod\u00e1vaj\u00ed klasick\u00fdm d\u017e\u00edn\u016fm nov\u00fd vzhled. Smaragdov\u011b zelen\u00e1 sametov\u00e1 stuha dod\u00e1v\u00e1 barvu a upozor\u0148uje na pas \u017eeny. Bez n\u011bj z\u00edsk\u00e1te voln\u00fd, le\u017e\u00e9rn\u00ed a pohodln\u00fd od\u011bv. Skryt\u00e9 zipy ve \u0161vech [&hellip;]<\/p>\n","protected":false},"featured_media":4891,"comment_status":"closed","ping_status":"closed","template":"","meta":{"_acf_changed":false},"product_cat":[169],"product_tag":[],"class_list":{"0":"post-4267","1":"product","2":"type-product","3":"status-publish","4":"has-post-thumbnail","6":"product_cat-saty-cs-2","8":"first","9":"instock","10":"taxable","11":"shipping-taxable","12":"purchasable","13":"product-type-simple"},"acf":[],"_links":{"self":[{"href":"https:\/\/maisonvindt.com\/cs\/wp-json\/wp\/v2\/product\/4267"}],"collection":[{"href":"https:\/\/maisonvindt.com\/cs\/wp-json\/wp\/v2\/product"}],"about":[{"href":"https:\/\/maisonvindt.com\/cs\/wp-json\/wp\/v2\/types\/product"}],"replies":[{"embeddable":true,"href":"https:\/\/maisonvindt.com\/cs\/wp-json\/wp\/v2\/comments?post=4267"}],"wp:featuredmedia":[{"embeddable":true,"href":"https:\/\/maisonvindt.com\/cs\/wp-json\/wp\/v2\/media\/4891"}],"wp:attachment":[{"href":"https:\/\/maisonvindt.com\/cs\/wp-json\/wp\/v2\/media?parent=4267"}],"wp:term":[{"taxonomy":"product_cat","embeddable":true,"href":"https:\/\/maisonvindt.com\/cs\/wp-json\/wp\/v2\/product_cat?post=4267"},{"taxonomy":"product_tag","embeddable":true,"href":"https:\/\/maisonvindt.com\/cs\/wp-json\/wp\/v2\/product_tag?post=4267"}],"curies":[{"name":"wp","href":"https:\/\/api.w.org\/{rel}","templated":true}]}}