{"id":4302,"date":"2023-03-23T16:35:51","date_gmt":"2023-03-23T15:35:51","guid":{"rendered":"https:\/\/maisonvindt.com\/product\/sada-zinnia\/"},"modified":"2023-03-23T16:35:51","modified_gmt":"2023-03-23T15:35:51","slug":"sada-zinnia","status":"publish","type":"product","link":"https:\/\/maisonvindt.com\/cs\/produkt\/sada-zinnia\/","title":{"rendered":"Sada ZINNIA"},"content":{"rendered":"<p>Pono\u0159te se do okv\u011btn\u00edch l\u00edstk\u016f. Souprava Zinnia v z\u00e1\u0159iv\u00e9 barv\u011b zaujme n\u00e1padit\u00fdm topem a rovnou midi sukn\u00ed. Jemnost a kontury kv\u011btin se prom\u00edtaj\u00ed do ruk\u00e1v\u016f a v\u00fdrazn\u00fdch lini\u00ed topu. Rozkvetou do kr\u00e1sy i ve v\u0161edn\u00ed den.<\/p>\n","protected":false},"excerpt":{"rendered":"<p>Pono\u0159te se do okv\u011btn\u00edch l\u00edstk\u016f. Souprava Zinnia v z\u00e1\u0159iv\u00e9 barv\u011b zaujme n\u00e1padit\u00fdm topem a rovnou midi sukn\u00ed. Jemnost a kontury kv\u011btin se prom\u00edtaj\u00ed do ruk\u00e1v\u016f a v\u00fdrazn\u00fdch lini\u00ed topu. Rozkvetou do kr\u00e1sy i ve v\u0161edn\u00ed den.<\/p>\n","protected":false},"featured_media":4684,"comment_status":"closed","ping_status":"closed","template":"","meta":{"_acf_changed":false},"product_cat":[199],"product_tag":[],"class_list":{"0":"post-4302","1":"product","2":"type-product","3":"status-publish","4":"has-post-thumbnail","6":"product_cat-sady","8":"first","9":"onbackorder","10":"sold-individually","11":"taxable","12":"shipping-taxable","13":"purchasable","14":"product-type-simple"},"acf":[],"_links":{"self":[{"href":"https:\/\/maisonvindt.com\/cs\/wp-json\/wp\/v2\/product\/4302"}],"collection":[{"href":"https:\/\/maisonvindt.com\/cs\/wp-json\/wp\/v2\/product"}],"about":[{"href":"https:\/\/maisonvindt.com\/cs\/wp-json\/wp\/v2\/types\/product"}],"replies":[{"embeddable":true,"href":"https:\/\/maisonvindt.com\/cs\/wp-json\/wp\/v2\/comments?post=4302"}],"wp:featuredmedia":[{"embeddable":true,"href":"https:\/\/maisonvindt.com\/cs\/wp-json\/wp\/v2\/media\/4684"}],"wp:attachment":[{"href":"https:\/\/maisonvindt.com\/cs\/wp-json\/wp\/v2\/media?parent=4302"}],"wp:term":[{"taxonomy":"product_cat","embeddable":true,"href":"https:\/\/maisonvindt.com\/cs\/wp-json\/wp\/v2\/product_cat?post=4302"},{"taxonomy":"product_tag","embeddable":true,"href":"https:\/\/maisonvindt.com\/cs\/wp-json\/wp\/v2\/product_tag?post=4302"}],"curies":[{"name":"wp","href":"https:\/\/api.w.org\/{rel}","templated":true}]}}