{"id":4318,"date":"2023-03-23T16:35:30","date_gmt":"2023-03-23T15:35:30","guid":{"rendered":"https:\/\/maisonvindt.com\/product\/saty-freya\/"},"modified":"2023-03-23T16:35:30","modified_gmt":"2023-03-23T15:35:30","slug":"saty-freya","status":"publish","type":"product","link":"https:\/\/maisonvindt.com\/cs\/produkt\/saty-freya\/","title":{"rendered":"\u0160aty Freya"},"content":{"rendered":"<p>Roztomil\u00e9 \u0161aty ve tvaru A jsou ide\u00e1ln\u00edm spole\u010dn\u00edkem na proch\u00e1zky po m\u011bst\u011b. V\u00fdrazn\u00fd l\u00edme\u010dek a krajka d\u011blaj\u00ed \u0161aty atraktivn\u011bj\u0161\u00edmi a se spr\u00e1vn\u00fdmi dopl\u0148ky je m\u016f\u017eete pou\u017e\u00edt pro zvl\u00e1\u0161tn\u00ed p\u0159\u00edle\u017eitosti. Pod zaj\u00edmav\u00fdm l\u00edmcem m\u00e1me skryt\u00e9 zipy pro pohodln\u00e9 kojen\u00ed va\u0161eho d\u00edt\u011bte. Krom\u011b toho m\u016f\u017eete v\u0161echny sv\u00e9 nezbytnosti ulo\u017eit do skryt\u00fdch kapes v bo\u010dn\u00edch \u0161vech.<\/p>\n","protected":false},"excerpt":{"rendered":"<p>Roztomil\u00e9 \u0161aty ve tvaru A jsou ide\u00e1ln\u00edm spole\u010dn\u00edkem na proch\u00e1zky po m\u011bst\u011b. V\u00fdrazn\u00fd l\u00edme\u010dek a krajka d\u011blaj\u00ed \u0161aty atraktivn\u011bj\u0161\u00edmi a se spr\u00e1vn\u00fdmi dopl\u0148ky je m\u016f\u017eete pou\u017e\u00edt pro zvl\u00e1\u0161tn\u00ed p\u0159\u00edle\u017eitosti. Pod zaj\u00edmav\u00fdm l\u00edmcem m\u00e1me skryt\u00e9 zipy pro pohodln\u00e9 kojen\u00ed va\u0161eho d\u00edt\u011bte. Krom\u011b toho m\u016f\u017eete v\u0161echny sv\u00e9 nezbytnosti ulo\u017eit do skryt\u00fdch kapes v bo\u010dn\u00edch \u0161vech.<\/p>\n","protected":false},"featured_media":5114,"comment_status":"closed","ping_status":"closed","template":"","meta":{"_acf_changed":false},"product_cat":[169],"product_tag":[],"class_list":{"0":"post-4318","1":"product","2":"type-product","3":"status-publish","4":"has-post-thumbnail","6":"product_cat-saty-cs-2","8":"first","9":"instock","10":"taxable","11":"shipping-taxable","12":"purchasable","13":"product-type-simple"},"acf":[],"_links":{"self":[{"href":"https:\/\/maisonvindt.com\/cs\/wp-json\/wp\/v2\/product\/4318"}],"collection":[{"href":"https:\/\/maisonvindt.com\/cs\/wp-json\/wp\/v2\/product"}],"about":[{"href":"https:\/\/maisonvindt.com\/cs\/wp-json\/wp\/v2\/types\/product"}],"replies":[{"embeddable":true,"href":"https:\/\/maisonvindt.com\/cs\/wp-json\/wp\/v2\/comments?post=4318"}],"wp:featuredmedia":[{"embeddable":true,"href":"https:\/\/maisonvindt.com\/cs\/wp-json\/wp\/v2\/media\/5114"}],"wp:attachment":[{"href":"https:\/\/maisonvindt.com\/cs\/wp-json\/wp\/v2\/media?parent=4318"}],"wp:term":[{"taxonomy":"product_cat","embeddable":true,"href":"https:\/\/maisonvindt.com\/cs\/wp-json\/wp\/v2\/product_cat?post=4318"},{"taxonomy":"product_tag","embeddable":true,"href":"https:\/\/maisonvindt.com\/cs\/wp-json\/wp\/v2\/product_tag?post=4318"}],"curies":[{"name":"wp","href":"https:\/\/api.w.org\/{rel}","templated":true}]}}