{"id":4364,"date":"2023-03-23T16:35:30","date_gmt":"2023-03-23T15:35:30","guid":{"rendered":"https:\/\/maisonvindt.com\/product\/saty-lottie\/"},"modified":"2023-03-23T16:35:30","modified_gmt":"2023-03-23T15:35:30","slug":"saty-lottie","status":"publish","type":"product","link":"https:\/\/maisonvindt.com\/cs\/produkt\/saty-lottie\/","title":{"rendered":"\u0160aty LOTTIE"},"content":{"rendered":"<p>V \u0161atech Lottie se budete c\u00edtit jako and\u011blsk\u00e1 bytost. Obl\u00edben\u00e1 b\u00edl\u00e1 madeira, n\u00e1padn\u00e9 bo\u010dn\u00ed vol\u00e1nky a mot\u00fdlky na z\u00e1dech. D\u00edky elastick\u00e9 sukni se tak\u00e9 dokonale p\u0159izp\u016fsob\u00ed va\u0161im k\u0159ivk\u00e1m. A i kdy\u017e to tak na prvn\u00ed pohled nevypad\u00e1, v t\u011bchto \u0161atech najdete tak\u00e9 praktick\u00e9 zipy pro pohodln\u00e9 kojen\u00ed. Obujte si je k tenisk\u00e1m nebo vysok\u00fdm bot\u00e1m a prol\u00e9tn\u011bte ulicemi jako p\u016fvabn\u00fd and\u011bl.<\/p>\n","protected":false},"excerpt":{"rendered":"<p>V \u0161atech Lottie se budete c\u00edtit jako and\u011blsk\u00e1 bytost. Obl\u00edben\u00e1 b\u00edl\u00e1 madeira, n\u00e1padn\u00e9 bo\u010dn\u00ed vol\u00e1nky a mot\u00fdlky na z\u00e1dech. D\u00edky elastick\u00e9 sukni se tak\u00e9 dokonale p\u0159izp\u016fsob\u00ed va\u0161im k\u0159ivk\u00e1m. A i kdy\u017e to tak na prvn\u00ed pohled nevypad\u00e1, v t\u011bchto \u0161atech najdete tak\u00e9 praktick\u00e9 zipy pro pohodln\u00e9 kojen\u00ed. Obujte si je k tenisk\u00e1m nebo vysok\u00fdm bot\u00e1m [&hellip;]<\/p>\n","protected":false},"featured_media":5035,"comment_status":"closed","ping_status":"closed","template":"","meta":{"_acf_changed":false},"product_cat":[169],"product_tag":[],"class_list":{"0":"post-4364","1":"product","2":"type-product","3":"status-publish","4":"has-post-thumbnail","6":"product_cat-saty-cs-2","8":"first","9":"instock","10":"taxable","11":"shipping-taxable","12":"purchasable","13":"product-type-simple"},"acf":[],"_links":{"self":[{"href":"https:\/\/maisonvindt.com\/cs\/wp-json\/wp\/v2\/product\/4364"}],"collection":[{"href":"https:\/\/maisonvindt.com\/cs\/wp-json\/wp\/v2\/product"}],"about":[{"href":"https:\/\/maisonvindt.com\/cs\/wp-json\/wp\/v2\/types\/product"}],"replies":[{"embeddable":true,"href":"https:\/\/maisonvindt.com\/cs\/wp-json\/wp\/v2\/comments?post=4364"}],"wp:featuredmedia":[{"embeddable":true,"href":"https:\/\/maisonvindt.com\/cs\/wp-json\/wp\/v2\/media\/5035"}],"wp:attachment":[{"href":"https:\/\/maisonvindt.com\/cs\/wp-json\/wp\/v2\/media?parent=4364"}],"wp:term":[{"taxonomy":"product_cat","embeddable":true,"href":"https:\/\/maisonvindt.com\/cs\/wp-json\/wp\/v2\/product_cat?post=4364"},{"taxonomy":"product_tag","embeddable":true,"href":"https:\/\/maisonvindt.com\/cs\/wp-json\/wp\/v2\/product_tag?post=4364"}],"curies":[{"name":"wp","href":"https:\/\/api.w.org\/{rel}","templated":true}]}}