{"id":4373,"date":"2023-03-23T16:35:30","date_gmt":"2023-03-23T15:35:30","guid":{"rendered":"https:\/\/maisonvindt.com\/product\/saty-leyla\/"},"modified":"2023-03-23T16:35:30","modified_gmt":"2023-03-23T15:35:30","slug":"saty-leyla","status":"publish","type":"product","link":"https:\/\/maisonvindt.com\/cs\/produkt\/saty-leyla\/","title":{"rendered":"\u0160aty LEYLA"},"content":{"rendered":"<p>Pro k\u0159ehkou v\u00edlu i sebev\u011bdomou \u017eenu. \u0160aty Leyla jsou p\u016fvabn\u00e9 voln\u00e9 \u0161aty s jemnou krajkou a vol\u00e1nky. T\u0159\u00ed\u010dtvrte\u010dn\u00ed ruk\u00e1vy jsou navr\u017eeny tak, aby se p\u0159izp\u016fsobily va\u0161emu pohodl\u00ed. Ozdobn\u00fd st\u0159ih \u0161at\u016f p\u0159es prsa d\u016fmysln\u011b skr\u00fdv\u00e1 zipy pro bezprobl\u00e9mov\u00e9 kojen\u00ed d\u00edt\u011bte. Midi d\u00e9lka a skryt\u00e9 bo\u010dn\u00ed kapsy zaji\u0161\u0165uj\u00ed pohodl\u00ed a elegantn\u00ed vzhled.<\/p>\n","protected":false},"excerpt":{"rendered":"<p>Pro k\u0159ehkou v\u00edlu i sebev\u011bdomou \u017eenu. \u0160aty Leyla jsou p\u016fvabn\u00e9 voln\u00e9 \u0161aty s jemnou krajkou a vol\u00e1nky. T\u0159\u00ed\u010dtvrte\u010dn\u00ed ruk\u00e1vy jsou navr\u017eeny tak, aby se p\u0159izp\u016fsobily va\u0161emu pohodl\u00ed. Ozdobn\u00fd st\u0159ih \u0161at\u016f p\u0159es prsa d\u016fmysln\u011b skr\u00fdv\u00e1 zipy pro bezprobl\u00e9mov\u00e9 kojen\u00ed d\u00edt\u011bte. Midi d\u00e9lka a skryt\u00e9 bo\u010dn\u00ed kapsy zaji\u0161\u0165uj\u00ed pohodl\u00ed a elegantn\u00ed vzhled.<\/p>\n","protected":false},"featured_media":5084,"comment_status":"closed","ping_status":"closed","template":"","meta":{"_acf_changed":false},"product_cat":[169],"product_tag":[],"class_list":{"0":"post-4373","1":"product","2":"type-product","3":"status-publish","4":"has-post-thumbnail","6":"product_cat-saty-cs-2","8":"first","9":"instock","10":"taxable","11":"shipping-taxable","12":"purchasable","13":"product-type-simple"},"acf":[],"_links":{"self":[{"href":"https:\/\/maisonvindt.com\/cs\/wp-json\/wp\/v2\/product\/4373"}],"collection":[{"href":"https:\/\/maisonvindt.com\/cs\/wp-json\/wp\/v2\/product"}],"about":[{"href":"https:\/\/maisonvindt.com\/cs\/wp-json\/wp\/v2\/types\/product"}],"replies":[{"embeddable":true,"href":"https:\/\/maisonvindt.com\/cs\/wp-json\/wp\/v2\/comments?post=4373"}],"wp:featuredmedia":[{"embeddable":true,"href":"https:\/\/maisonvindt.com\/cs\/wp-json\/wp\/v2\/media\/5084"}],"wp:attachment":[{"href":"https:\/\/maisonvindt.com\/cs\/wp-json\/wp\/v2\/media?parent=4373"}],"wp:term":[{"taxonomy":"product_cat","embeddable":true,"href":"https:\/\/maisonvindt.com\/cs\/wp-json\/wp\/v2\/product_cat?post=4373"},{"taxonomy":"product_tag","embeddable":true,"href":"https:\/\/maisonvindt.com\/cs\/wp-json\/wp\/v2\/product_tag?post=4373"}],"curies":[{"name":"wp","href":"https:\/\/api.w.org\/{rel}","templated":true}]}}