{"id":4379,"date":"2023-03-23T16:35:51","date_gmt":"2023-03-23T15:35:51","guid":{"rendered":"https:\/\/maisonvindt.com\/product\/vaflove-saty-tulip\/"},"modified":"2024-05-15T12:47:27","modified_gmt":"2024-05-15T10:47:27","slug":"vaflove-saty-tulip","status":"publish","type":"product","link":"https:\/\/maisonvindt.com\/cs\/produkt\/vaflove-saty-tulip\/","title":{"rendered":"Vaflov\u00e9 \u0161aty TULIP"},"content":{"rendered":"<p>Mini \u0161aty Tulip\u00e1n jsou jedine\u010dnou poctou kr\u00e1se p\u0159\u00edrody. Hrav\u00e1 sukn\u011b v kombinaci s energickou \u017elutou barvou rozz\u00e1\u0159\u00ed ka\u017ed\u00fd prostor i \u010das. Vysoce kvalitn\u00ed vaflov\u00e1 tkanina je povzn\u00e1\u0161ej\u00edc\u00edm prvkem, kter\u00fd modelu z\u00e1rove\u0148 dod\u00e1v\u00e1 rozm\u011br elegance a p\u016fvabu.<\/p>\n","protected":false},"excerpt":{"rendered":"<p>Mini \u0161aty Tulip\u00e1n jsou jedine\u010dnou poctou kr\u00e1se p\u0159\u00edrody. Hrav\u00e1 sukn\u011b v kombinaci s energickou \u017elutou barvou rozz\u00e1\u0159\u00ed ka\u017ed\u00fd prostor i \u010das. Vysoce kvalitn\u00ed vaflov\u00e1 tkanina je povzn\u00e1\u0161ej\u00edc\u00edm prvkem, kter\u00fd modelu z\u00e1rove\u0148 dod\u00e1v\u00e1 rozm\u011br elegance a p\u016fvabu.<\/p>\n","protected":false},"featured_media":5701,"comment_status":"closed","ping_status":"closed","template":"","meta":{"_acf_changed":false},"product_cat":[169],"product_tag":[],"class_list":{"0":"post-4379","1":"product","2":"type-product","3":"status-publish","4":"has-post-thumbnail","6":"product_cat-saty-cs-2","8":"first","9":"instock","10":"sold-individually","11":"taxable","12":"shipping-taxable","13":"purchasable","14":"product-type-simple"},"acf":[],"_links":{"self":[{"href":"https:\/\/maisonvindt.com\/cs\/wp-json\/wp\/v2\/product\/4379"}],"collection":[{"href":"https:\/\/maisonvindt.com\/cs\/wp-json\/wp\/v2\/product"}],"about":[{"href":"https:\/\/maisonvindt.com\/cs\/wp-json\/wp\/v2\/types\/product"}],"replies":[{"embeddable":true,"href":"https:\/\/maisonvindt.com\/cs\/wp-json\/wp\/v2\/comments?post=4379"}],"wp:featuredmedia":[{"embeddable":true,"href":"https:\/\/maisonvindt.com\/cs\/wp-json\/wp\/v2\/media\/5701"}],"wp:attachment":[{"href":"https:\/\/maisonvindt.com\/cs\/wp-json\/wp\/v2\/media?parent=4379"}],"wp:term":[{"taxonomy":"product_cat","embeddable":true,"href":"https:\/\/maisonvindt.com\/cs\/wp-json\/wp\/v2\/product_cat?post=4379"},{"taxonomy":"product_tag","embeddable":true,"href":"https:\/\/maisonvindt.com\/cs\/wp-json\/wp\/v2\/product_tag?post=4379"}],"curies":[{"name":"wp","href":"https:\/\/api.w.org\/{rel}","templated":true}]}}