{"id":4408,"date":"2023-03-23T16:35:51","date_gmt":"2023-03-23T15:35:51","guid":{"rendered":"https:\/\/maisonvindt.com\/product\/sada-kelly\/"},"modified":"2023-03-23T16:35:51","modified_gmt":"2023-03-23T15:35:51","slug":"sada-kelly","status":"publish","type":"product","link":"https:\/\/maisonvindt.com\/cs\/produkt\/sada-kelly\/","title":{"rendered":"Sada KELLY"},"content":{"rendered":"<p>Sada stylov\u00fdch a pohodln\u00fdch kalhot culottes a crop topu. Modern\u00ed kousky s n\u00e1dechem elegance a \u010distoty v nest\u00e1rnouc\u00edch barv\u00e1ch. Kr\u00e9mov\u00fd top je na klop\u00e1ch zdoben\u00fd decentn\u00edmi knofl\u00edky, pod kter\u00fdmi jsou v\u0161it\u00e9 zipy pro pohodln\u00e9 kojen\u00ed. Kalhoty cullotes v b\u00e9\u017eov\u00e9 barv\u011b, inspirovan\u00e9 francouzsk\u00fdm \u0161armem, maj\u00ed rafinovan\u00fd st\u0159ih sukn\u011b. Kombinuj\u00ed pohodl\u00ed kalhot a eleganci sukn\u011b se zv\u00fd\u0161en\u00fdm pasem. Jejich funk\u010dnost dopl\u0148uj\u00ed skryt\u00e9 v\u0161it\u00e9 kapsy. Kvalitn\u00ed zpracov\u00e1n\u00ed a jedine\u010dn\u00fd \u017eak\u00e1rov\u00fd \u00faplet jsou z\u00e1rukou jedine\u010dn\u00e9ho kousku ve va\u0161em \u0161atn\u00edku.<\/p>\n","protected":false},"excerpt":{"rendered":"<p>Sada stylov\u00fdch a pohodln\u00fdch kalhot culottes a crop topu. Modern\u00ed kousky s n\u00e1dechem elegance a \u010distoty v nest\u00e1rnouc\u00edch barv\u00e1ch. Kr\u00e9mov\u00fd top je na klop\u00e1ch zdoben\u00fd decentn\u00edmi knofl\u00edky, pod kter\u00fdmi jsou v\u0161it\u00e9 zipy pro pohodln\u00e9 kojen\u00ed. Kalhoty cullotes v b\u00e9\u017eov\u00e9 barv\u011b, inspirovan\u00e9 francouzsk\u00fdm \u0161armem, maj\u00ed rafinovan\u00fd st\u0159ih sukn\u011b. Kombinuj\u00ed pohodl\u00ed kalhot a eleganci sukn\u011b se zv\u00fd\u0161en\u00fdm [&hellip;]<\/p>\n","protected":false},"featured_media":5126,"comment_status":"closed","ping_status":"closed","template":"","meta":{"_acf_changed":false},"product_cat":[199],"product_tag":[],"class_list":{"0":"post-4408","1":"product","2":"type-product","3":"status-publish","4":"has-post-thumbnail","6":"product_cat-sady","8":"first","9":"instock","10":"taxable","11":"shipping-taxable","12":"purchasable","13":"product-type-variable"},"acf":[],"_links":{"self":[{"href":"https:\/\/maisonvindt.com\/cs\/wp-json\/wp\/v2\/product\/4408"}],"collection":[{"href":"https:\/\/maisonvindt.com\/cs\/wp-json\/wp\/v2\/product"}],"about":[{"href":"https:\/\/maisonvindt.com\/cs\/wp-json\/wp\/v2\/types\/product"}],"replies":[{"embeddable":true,"href":"https:\/\/maisonvindt.com\/cs\/wp-json\/wp\/v2\/comments?post=4408"}],"wp:featuredmedia":[{"embeddable":true,"href":"https:\/\/maisonvindt.com\/cs\/wp-json\/wp\/v2\/media\/5126"}],"wp:attachment":[{"href":"https:\/\/maisonvindt.com\/cs\/wp-json\/wp\/v2\/media?parent=4408"}],"wp:term":[{"taxonomy":"product_cat","embeddable":true,"href":"https:\/\/maisonvindt.com\/cs\/wp-json\/wp\/v2\/product_cat?post=4408"},{"taxonomy":"product_tag","embeddable":true,"href":"https:\/\/maisonvindt.com\/cs\/wp-json\/wp\/v2\/product_tag?post=4408"}],"curies":[{"name":"wp","href":"https:\/\/api.w.org\/{rel}","templated":true}]}}