{"id":4445,"date":"2023-03-23T16:35:51","date_gmt":"2023-03-23T15:35:51","guid":{"rendered":"https:\/\/maisonvindt.com\/product\/kozene-saty-lara\/"},"modified":"2023-03-23T16:35:51","modified_gmt":"2023-03-23T15:35:51","slug":"kozene-saty-lara","status":"publish","type":"product","link":"https:\/\/maisonvindt.com\/cs\/produkt\/kozene-saty-lara\/","title":{"rendered":"Ko\u017een\u00e9 \u0161aty LARA"},"content":{"rendered":"<p>\u017densk\u00fd a sv\u016fdn\u00fd. Takov\u00e9 jsou pouzdrov\u00e9 \u0161aty Lara u\u0161it\u00e9 z prav\u00e9 telec\u00ed k\u016f\u017ee nappa. D\u00edky prvot\u0159\u00eddn\u00ed tkanin\u011b a poctiv\u00e9mu ru\u010dn\u00edmu zpracov\u00e1n\u00ed se stanou z\u00e1kladem \u0161atn\u00edku na dlouh\u00e1 l\u00e9ta. V p\u0159edn\u00ed \u010d\u00e1sti jsou v z\u00e1mc\u00edch skryt\u00e9 zipy pro pohodln\u00e9 kojen\u00ed.<\/p>\n","protected":false},"excerpt":{"rendered":"<p>\u017densk\u00fd a sv\u016fdn\u00fd. Takov\u00e9 jsou pouzdrov\u00e9 \u0161aty Lara u\u0161it\u00e9 z prav\u00e9 telec\u00ed k\u016f\u017ee nappa. D\u00edky prvot\u0159\u00eddn\u00ed tkanin\u011b a poctiv\u00e9mu ru\u010dn\u00edmu zpracov\u00e1n\u00ed se stanou z\u00e1kladem \u0161atn\u00edku na dlouh\u00e1 l\u00e9ta. V p\u0159edn\u00ed \u010d\u00e1sti jsou v z\u00e1mc\u00edch skryt\u00e9 zipy pro pohodln\u00e9 kojen\u00ed.<\/p>\n","protected":false},"featured_media":4954,"comment_status":"closed","ping_status":"closed","template":"","meta":{"_acf_changed":false},"product_cat":[169],"product_tag":[],"class_list":{"0":"post-4445","1":"product","2":"type-product","3":"status-publish","4":"has-post-thumbnail","6":"product_cat-saty-cs-2","8":"first","9":"onbackorder","10":"sold-individually","11":"taxable","12":"shipping-taxable","13":"purchasable","14":"product-type-simple"},"acf":[],"_links":{"self":[{"href":"https:\/\/maisonvindt.com\/cs\/wp-json\/wp\/v2\/product\/4445"}],"collection":[{"href":"https:\/\/maisonvindt.com\/cs\/wp-json\/wp\/v2\/product"}],"about":[{"href":"https:\/\/maisonvindt.com\/cs\/wp-json\/wp\/v2\/types\/product"}],"replies":[{"embeddable":true,"href":"https:\/\/maisonvindt.com\/cs\/wp-json\/wp\/v2\/comments?post=4445"}],"wp:featuredmedia":[{"embeddable":true,"href":"https:\/\/maisonvindt.com\/cs\/wp-json\/wp\/v2\/media\/4954"}],"wp:attachment":[{"href":"https:\/\/maisonvindt.com\/cs\/wp-json\/wp\/v2\/media?parent=4445"}],"wp:term":[{"taxonomy":"product_cat","embeddable":true,"href":"https:\/\/maisonvindt.com\/cs\/wp-json\/wp\/v2\/product_cat?post=4445"},{"taxonomy":"product_tag","embeddable":true,"href":"https:\/\/maisonvindt.com\/cs\/wp-json\/wp\/v2\/product_tag?post=4445"}],"curies":[{"name":"wp","href":"https:\/\/api.w.org\/{rel}","templated":true}]}}