{"id":4450,"date":"2023-03-23T16:35:30","date_gmt":"2023-03-23T15:35:30","guid":{"rendered":"https:\/\/maisonvindt.com\/product\/saty-luna\/"},"modified":"2023-03-23T16:35:30","modified_gmt":"2023-03-23T15:35:30","slug":"saty-luna","status":"publish","type":"product","link":"https:\/\/maisonvindt.com\/cs\/produkt\/saty-luna\/","title":{"rendered":"\u0160aty LUNa"},"content":{"rendered":"<p>Hedv\u00e1bn\u00e9 \u0161aty Luna Dress ve v\u00fdrazn\u00e9 neonov\u011b r\u016f\u017eov\u00e9 barv\u011b. Kr\u00e1tk\u00e1 d\u00e9lka, jednoduch\u00fd \u00e1\u010dkov\u00fd st\u0159ih a tenk\u00e1 ram\u00ednka z v\u00e1s ud\u011blaj\u00ed stylovou divu i s koj\u00edc\u00edm miminkem v n\u00e1ru\u010d\u00ed. Zaz\u00e1\u0159\u00edte v nich v davu. \u0160aty Luna jsou mimo\u0159\u00e1dn\u011b atraktivn\u00ed. Pro pohodln\u00e9 kojen\u00ed jsme zvolili princesov\u00fd st\u0159ih a praktick\u00e9 zipy jsme diskr\u00e9tn\u011b ukryli ve \u0161vech pod ozdobnou krajkou.<\/p>\n","protected":false},"excerpt":{"rendered":"<p>Hedv\u00e1bn\u00e9 \u0161aty Luna Dress ve v\u00fdrazn\u00e9 neonov\u011b r\u016f\u017eov\u00e9 barv\u011b. Kr\u00e1tk\u00e1 d\u00e9lka, jednoduch\u00fd \u00e1\u010dkov\u00fd st\u0159ih a tenk\u00e1 ram\u00ednka z v\u00e1s ud\u011blaj\u00ed stylovou divu i s koj\u00edc\u00edm miminkem v n\u00e1ru\u010d\u00ed. Zaz\u00e1\u0159\u00edte v nich v davu. \u0160aty Luna jsou mimo\u0159\u00e1dn\u011b atraktivn\u00ed. Pro pohodln\u00e9 kojen\u00ed jsme zvolili princesov\u00fd st\u0159ih a praktick\u00e9 zipy jsme diskr\u00e9tn\u011b ukryli ve \u0161vech pod ozdobnou [&hellip;]<\/p>\n","protected":false},"featured_media":4481,"comment_status":"closed","ping_status":"closed","template":"","meta":{"_acf_changed":false},"product_cat":[169],"product_tag":[],"class_list":{"0":"post-4450","1":"product","2":"type-product","3":"status-publish","4":"has-post-thumbnail","6":"product_cat-saty-cs-2","8":"first","9":"instock","10":"taxable","11":"shipping-taxable","12":"purchasable","13":"product-type-simple"},"acf":[],"_links":{"self":[{"href":"https:\/\/maisonvindt.com\/cs\/wp-json\/wp\/v2\/product\/4450"}],"collection":[{"href":"https:\/\/maisonvindt.com\/cs\/wp-json\/wp\/v2\/product"}],"about":[{"href":"https:\/\/maisonvindt.com\/cs\/wp-json\/wp\/v2\/types\/product"}],"replies":[{"embeddable":true,"href":"https:\/\/maisonvindt.com\/cs\/wp-json\/wp\/v2\/comments?post=4450"}],"wp:featuredmedia":[{"embeddable":true,"href":"https:\/\/maisonvindt.com\/cs\/wp-json\/wp\/v2\/media\/4481"}],"wp:attachment":[{"href":"https:\/\/maisonvindt.com\/cs\/wp-json\/wp\/v2\/media?parent=4450"}],"wp:term":[{"taxonomy":"product_cat","embeddable":true,"href":"https:\/\/maisonvindt.com\/cs\/wp-json\/wp\/v2\/product_cat?post=4450"},{"taxonomy":"product_tag","embeddable":true,"href":"https:\/\/maisonvindt.com\/cs\/wp-json\/wp\/v2\/product_tag?post=4450"}],"curies":[{"name":"wp","href":"https:\/\/api.w.org\/{rel}","templated":true}]}}