{"id":4457,"date":"2023-03-23T16:35:51","date_gmt":"2023-03-23T15:35:51","guid":{"rendered":"https:\/\/maisonvindt.com\/product\/saty-daisy\/"},"modified":"2023-03-23T16:35:51","modified_gmt":"2023-03-23T15:35:51","slug":"saty-daisy","status":"publish","type":"product","link":"https:\/\/maisonvindt.com\/cs\/produkt\/saty-daisy\/","title":{"rendered":"\u0160aty Daisy"},"content":{"rendered":"<p>Mladistv\u00e9 a z\u00e1\u0159iv\u00e9 mini \u0161aty Daisy vyniknou p\u0159i ka\u017ed\u00e9 p\u0159\u00edle\u017eitosti, stejn\u011b jako kv\u011bt margarity na louce. Eleganci \u0161at\u016fm dod\u00e1v\u00e1 l\u00edme\u010dek s okv\u011btn\u00edmi l\u00edstky. \u017denskou sv\u016fdnost a p\u016fvod podtrhuje st\u0159ih sukn\u011b a v\u00fdst\u0159ih do V na z\u00e1dech. Lze vyrobit i bez skryt\u00fdch zip\u016f pro kojen\u00ed.<\/p>\n","protected":false},"excerpt":{"rendered":"<p>Mladistv\u00e9 a z\u00e1\u0159iv\u00e9 mini \u0161aty Daisy vyniknou p\u0159i ka\u017ed\u00e9 p\u0159\u00edle\u017eitosti, stejn\u011b jako kv\u011bt margarity na louce. Eleganci \u0161at\u016fm dod\u00e1v\u00e1 l\u00edme\u010dek s okv\u011btn\u00edmi l\u00edstky. \u017denskou sv\u016fdnost a p\u016fvod podtrhuje st\u0159ih sukn\u011b a v\u00fdst\u0159ih do V na z\u00e1dech. Lze vyrobit i bez skryt\u00fdch zip\u016f pro kojen\u00ed.<\/p>\n","protected":false},"featured_media":4669,"comment_status":"closed","ping_status":"closed","template":"","meta":{"_acf_changed":false},"product_cat":[169],"product_tag":[],"class_list":{"0":"post-4457","1":"product","2":"type-product","3":"status-publish","4":"has-post-thumbnail","6":"product_cat-saty-cs-2","8":"first","9":"instock","10":"sold-individually","11":"taxable","12":"shipping-taxable","13":"purchasable","14":"product-type-simple"},"acf":[],"_links":{"self":[{"href":"https:\/\/maisonvindt.com\/cs\/wp-json\/wp\/v2\/product\/4457"}],"collection":[{"href":"https:\/\/maisonvindt.com\/cs\/wp-json\/wp\/v2\/product"}],"about":[{"href":"https:\/\/maisonvindt.com\/cs\/wp-json\/wp\/v2\/types\/product"}],"replies":[{"embeddable":true,"href":"https:\/\/maisonvindt.com\/cs\/wp-json\/wp\/v2\/comments?post=4457"}],"wp:featuredmedia":[{"embeddable":true,"href":"https:\/\/maisonvindt.com\/cs\/wp-json\/wp\/v2\/media\/4669"}],"wp:attachment":[{"href":"https:\/\/maisonvindt.com\/cs\/wp-json\/wp\/v2\/media?parent=4457"}],"wp:term":[{"taxonomy":"product_cat","embeddable":true,"href":"https:\/\/maisonvindt.com\/cs\/wp-json\/wp\/v2\/product_cat?post=4457"},{"taxonomy":"product_tag","embeddable":true,"href":"https:\/\/maisonvindt.com\/cs\/wp-json\/wp\/v2\/product_tag?post=4457"}],"curies":[{"name":"wp","href":"https:\/\/api.w.org\/{rel}","templated":true}]}}