{"id":4459,"date":"2023-03-23T16:35:30","date_gmt":"2023-03-23T15:35:30","guid":{"rendered":"https:\/\/maisonvindt.com\/product\/saty-moa\/"},"modified":"2023-03-23T16:35:30","modified_gmt":"2023-03-23T15:35:30","slug":"saty-moa","status":"publish","type":"product","link":"https:\/\/maisonvindt.com\/cs\/produkt\/saty-moa\/","title":{"rendered":"\u0160aty MOA"},"content":{"rendered":"<p>V \u0161atech Moa budete v\u0161ude vynikat. Kolov\u00e1 sukn\u011b vytv\u00e1\u0159\u00ed kr\u00e1snou \u017eenskou postavu, ale z\u00e1rove\u0148 skr\u00fdv\u00e1 u\u017eite\u010dn\u00e9 pomocn\u00edky v podob\u011b skryt\u00fdch bo\u010dn\u00edch kapes. Vrchn\u00ed \u010d\u00e1st \u0161at\u016f je navr\u017eena tak, aby se co nejpohodln\u011bji nosila, a m\u00e1 praktick\u00e9 3\/4 m\u00edrn\u011b na\u0159asen\u00e9 ruk\u00e1vy. Pod poutav\u00fdm vol\u00e1nem se skr\u00fdvaj\u00ed zipy pro pohodln\u00e9 kojen\u00ed va\u0161eho d\u00edt\u011bte, ale tak\u00e9 patentky, kter\u00fdmi m\u016f\u017eete vytvo\u0159it zaj\u00edmav\u00fd detail na ramenou. V pase je v\u0161it\u00fd tunel se stahovac\u00ed \u0161\u0148\u016frkou, tak\u017ee si \u0161aty m\u016f\u017eete upravit podle sv\u00e9ho vkusu a pohodl\u00ed.<\/p>\n","protected":false},"excerpt":{"rendered":"<p>V \u0161atech Moa budete v\u0161ude vynikat. Kolov\u00e1 sukn\u011b vytv\u00e1\u0159\u00ed kr\u00e1snou \u017eenskou postavu, ale z\u00e1rove\u0148 skr\u00fdv\u00e1 u\u017eite\u010dn\u00e9 pomocn\u00edky v podob\u011b skryt\u00fdch bo\u010dn\u00edch kapes. Vrchn\u00ed \u010d\u00e1st \u0161at\u016f je navr\u017eena tak, aby se co nejpohodln\u011bji nosila, a m\u00e1 praktick\u00e9 3\/4 m\u00edrn\u011b na\u0159asen\u00e9 ruk\u00e1vy. Pod poutav\u00fdm vol\u00e1nem se skr\u00fdvaj\u00ed zipy pro pohodln\u00e9 kojen\u00ed va\u0161eho d\u00edt\u011bte, ale tak\u00e9 patentky, kter\u00fdmi [&hellip;]<\/p>\n","protected":false},"featured_media":5070,"comment_status":"closed","ping_status":"closed","template":"","meta":{"_acf_changed":false},"product_cat":[169],"product_tag":[],"class_list":{"0":"post-4459","1":"product","2":"type-product","3":"status-publish","4":"has-post-thumbnail","6":"product_cat-saty-cs-2","8":"first","9":"instock","10":"taxable","11":"shipping-taxable","12":"purchasable","13":"product-type-simple"},"acf":[],"_links":{"self":[{"href":"https:\/\/maisonvindt.com\/cs\/wp-json\/wp\/v2\/product\/4459"}],"collection":[{"href":"https:\/\/maisonvindt.com\/cs\/wp-json\/wp\/v2\/product"}],"about":[{"href":"https:\/\/maisonvindt.com\/cs\/wp-json\/wp\/v2\/types\/product"}],"replies":[{"embeddable":true,"href":"https:\/\/maisonvindt.com\/cs\/wp-json\/wp\/v2\/comments?post=4459"}],"wp:featuredmedia":[{"embeddable":true,"href":"https:\/\/maisonvindt.com\/cs\/wp-json\/wp\/v2\/media\/5070"}],"wp:attachment":[{"href":"https:\/\/maisonvindt.com\/cs\/wp-json\/wp\/v2\/media?parent=4459"}],"wp:term":[{"taxonomy":"product_cat","embeddable":true,"href":"https:\/\/maisonvindt.com\/cs\/wp-json\/wp\/v2\/product_cat?post=4459"},{"taxonomy":"product_tag","embeddable":true,"href":"https:\/\/maisonvindt.com\/cs\/wp-json\/wp\/v2\/product_tag?post=4459"}],"curies":[{"name":"wp","href":"https:\/\/api.w.org\/{rel}","templated":true}]}}