{"id":4489,"date":"2023-03-23T16:35:30","date_gmt":"2023-03-23T15:35:30","guid":{"rendered":"https:\/\/maisonvindt.com\/product\/saty-bella\/"},"modified":"2023-03-23T16:35:30","modified_gmt":"2023-03-23T15:35:30","slug":"saty-bella","status":"publish","type":"product","link":"https:\/\/maisonvindt.com\/cs\/produkt\/saty-bella\/","title":{"rendered":"\u0160aty Bella"},"content":{"rendered":"<p>\u0160aty Madeira Bella v nevinn\u00e9m a hrav\u00e9m vzhledu. Vroubkovan\u00e9 ruk\u00e1vy s elastick\u00fdmi man\u017eetami, l\u00edmec st\u0159i\u017een\u00fd do ladn\u00fdch k\u0159ivek nebo pruhovan\u00e1 sukn\u011b s kapsami na drobnosti a praktick\u00fdmi kapsami. \u0160aty Bella jsou kombinac\u00ed hrav\u00fdch a detailn\u00edch prvk\u016f. Nav\u00edc d\u00edky skryt\u00fdm zip\u016fm na spr\u00e1vn\u00fdch m\u00edstech zaji\u0161\u0165uj\u00ed bezstarostn\u00e9 a pohodln\u00e9 kojen\u00ed. Kde si je poprv\u00e9 obl\u00e9knete? Na k\u00e1vu do m\u011bsta, na pl\u00e1\u017e nebo na proch\u00e1zku?<\/p>\n","protected":false},"excerpt":{"rendered":"<p>\u0160aty Madeira Bella v nevinn\u00e9m a hrav\u00e9m vzhledu. Vroubkovan\u00e9 ruk\u00e1vy s elastick\u00fdmi man\u017eetami, l\u00edmec st\u0159i\u017een\u00fd do ladn\u00fdch k\u0159ivek nebo pruhovan\u00e1 sukn\u011b s kapsami na drobnosti a praktick\u00fdmi kapsami. \u0160aty Bella jsou kombinac\u00ed hrav\u00fdch a detailn\u00edch prvk\u016f. Nav\u00edc d\u00edky skryt\u00fdm zip\u016fm na spr\u00e1vn\u00fdch m\u00edstech zaji\u0161\u0165uj\u00ed bezstarostn\u00e9 a pohodln\u00e9 kojen\u00ed. Kde si je poprv\u00e9 obl\u00e9knete? Na k\u00e1vu [&hellip;]<\/p>\n","protected":false},"featured_media":5804,"comment_status":"closed","ping_status":"closed","template":"","meta":{"_acf_changed":false},"product_cat":[169],"product_tag":[],"class_list":{"0":"post-4489","1":"product","2":"type-product","3":"status-publish","4":"has-post-thumbnail","6":"product_cat-saty-cs-2","8":"first","9":"instock","10":"taxable","11":"shipping-taxable","12":"purchasable","13":"product-type-simple"},"acf":[],"_links":{"self":[{"href":"https:\/\/maisonvindt.com\/cs\/wp-json\/wp\/v2\/product\/4489"}],"collection":[{"href":"https:\/\/maisonvindt.com\/cs\/wp-json\/wp\/v2\/product"}],"about":[{"href":"https:\/\/maisonvindt.com\/cs\/wp-json\/wp\/v2\/types\/product"}],"replies":[{"embeddable":true,"href":"https:\/\/maisonvindt.com\/cs\/wp-json\/wp\/v2\/comments?post=4489"}],"wp:featuredmedia":[{"embeddable":true,"href":"https:\/\/maisonvindt.com\/cs\/wp-json\/wp\/v2\/media\/5804"}],"wp:attachment":[{"href":"https:\/\/maisonvindt.com\/cs\/wp-json\/wp\/v2\/media?parent=4489"}],"wp:term":[{"taxonomy":"product_cat","embeddable":true,"href":"https:\/\/maisonvindt.com\/cs\/wp-json\/wp\/v2\/product_cat?post=4489"},{"taxonomy":"product_tag","embeddable":true,"href":"https:\/\/maisonvindt.com\/cs\/wp-json\/wp\/v2\/product_tag?post=4489"}],"curies":[{"name":"wp","href":"https:\/\/api.w.org\/{rel}","templated":true}]}}