{"id":4516,"date":"2023-03-23T16:35:51","date_gmt":"2023-03-23T15:35:51","guid":{"rendered":"https:\/\/maisonvindt.com\/product\/ruzove-saty-vivienne\/"},"modified":"2023-03-23T16:35:51","modified_gmt":"2023-03-23T15:35:51","slug":"ruzove-saty-vivienne","status":"publish","type":"product","link":"https:\/\/maisonvindt.com\/cs\/produkt\/ruzove-saty-vivienne\/","title":{"rendered":"R\u016f\u017eov\u00e9 \u0161aty VIVIENNE"},"content":{"rendered":"<p>R\u016f\u017eov\u00e9 \u0161aty inspirovan\u00e9 ikonou punkov\u00e9 m\u00f3dy Vivienne Westwood. Rebelsky kr\u00e1sn\u00fd, a p\u0159esto n\u00e1dhern\u011b jednoduch\u00fd model vytvo\u0159en\u00fd z charakteristick\u00e9 l\u00e1tky britsk\u00e9 n\u00e1vrh\u00e1\u0159ky v kombinaci s nest\u00e1rnouc\u00edm denimem. Detailn\u011b propracovan\u00fd model zdob\u00ed barevn\u011b slad\u011bn\u00e9 knofl\u00edky, v\u00fdrazn\u00fd d\u017e\u00ednov\u00fd p\u00e1sek a praktick\u00e9 man\u017eetov\u00e9 ruk\u00e1vy. Nechte se un\u00e9st barvami a m\u00f3dn\u00edmi ikonami v lehk\u00fdch a vzdu\u0161n\u00fdch \u0161atech. D\u00edky koj\u00edc\u00edm zip\u016fm ukryt\u00fdm ve \u0161vech se m\u016f\u017eete c\u00edtit kr\u00e1sn\u00e1, svobodn\u00e1 a odv\u00e1\u017en\u00e1 v ka\u017ed\u00e9 f\u00e1zi \u017eivota.<\/p>\n","protected":false},"excerpt":{"rendered":"<p>R\u016f\u017eov\u00e9 \u0161aty inspirovan\u00e9 ikonou punkov\u00e9 m\u00f3dy Vivienne Westwood. Rebelsky kr\u00e1sn\u00fd, a p\u0159esto n\u00e1dhern\u011b jednoduch\u00fd model vytvo\u0159en\u00fd z charakteristick\u00e9 l\u00e1tky britsk\u00e9 n\u00e1vrh\u00e1\u0159ky v kombinaci s nest\u00e1rnouc\u00edm denimem. Detailn\u011b propracovan\u00fd model zdob\u00ed barevn\u011b slad\u011bn\u00e9 knofl\u00edky, v\u00fdrazn\u00fd d\u017e\u00ednov\u00fd p\u00e1sek a praktick\u00e9 man\u017eetov\u00e9 ruk\u00e1vy. Nechte se un\u00e9st barvami a m\u00f3dn\u00edmi ikonami v lehk\u00fdch a vzdu\u0161n\u00fdch \u0161atech. D\u00edky koj\u00edc\u00edm zip\u016fm [&hellip;]<\/p>\n","protected":false},"featured_media":4918,"comment_status":"closed","ping_status":"closed","template":"","meta":{"_acf_changed":false},"product_cat":[169],"product_tag":[],"class_list":{"0":"post-4516","1":"product","2":"type-product","3":"status-publish","4":"has-post-thumbnail","6":"product_cat-saty-cs-2","8":"first","9":"instock","10":"taxable","11":"shipping-taxable","12":"purchasable","13":"product-type-simple"},"acf":[],"_links":{"self":[{"href":"https:\/\/maisonvindt.com\/cs\/wp-json\/wp\/v2\/product\/4516"}],"collection":[{"href":"https:\/\/maisonvindt.com\/cs\/wp-json\/wp\/v2\/product"}],"about":[{"href":"https:\/\/maisonvindt.com\/cs\/wp-json\/wp\/v2\/types\/product"}],"replies":[{"embeddable":true,"href":"https:\/\/maisonvindt.com\/cs\/wp-json\/wp\/v2\/comments?post=4516"}],"wp:featuredmedia":[{"embeddable":true,"href":"https:\/\/maisonvindt.com\/cs\/wp-json\/wp\/v2\/media\/4918"}],"wp:attachment":[{"href":"https:\/\/maisonvindt.com\/cs\/wp-json\/wp\/v2\/media?parent=4516"}],"wp:term":[{"taxonomy":"product_cat","embeddable":true,"href":"https:\/\/maisonvindt.com\/cs\/wp-json\/wp\/v2\/product_cat?post=4516"},{"taxonomy":"product_tag","embeddable":true,"href":"https:\/\/maisonvindt.com\/cs\/wp-json\/wp\/v2\/product_tag?post=4516"}],"curies":[{"name":"wp","href":"https:\/\/api.w.org\/{rel}","templated":true}]}}