{"id":4523,"date":"2023-03-23T16:36:13","date_gmt":"2023-03-23T15:36:13","guid":{"rendered":"https:\/\/maisonvindt.com\/product\/sada-ustricoveho-pradla-liana\/"},"modified":"2023-03-23T16:36:13","modified_gmt":"2023-03-23T15:36:13","slug":"sada-ustricoveho-pradla-liana","status":"publish","type":"product","link":"https:\/\/maisonvindt.com\/cs\/produkt\/sada-ustricoveho-pradla-liana\/","title":{"rendered":"Sada \u00fast\u0159icov\u00e9ho pr\u00e1dla LIANA"},"content":{"rendered":"<p>Nad\u010dasov\u00fd model Liana jsme u\u0161ili z p\u0159\u00edjemn\u00e9ho a m\u011bkk\u00e9ho lnu. Eleganci v podob\u011b propl\u00e9tan\u00e9 vesty s minimalistick\u00fdm zdoben\u00edm dopl\u0148uj\u00ed le\u017e\u00e9rn\u00ed kalhoty s kapsami. Noste kousek p\u0159\u00edrody, kter\u00fd ocen\u00edte po mnoho let.<\/p>\n","protected":false},"excerpt":{"rendered":"<p>Nad\u010dasov\u00fd model Liana jsme u\u0161ili z p\u0159\u00edjemn\u00e9ho a m\u011bkk\u00e9ho lnu. Eleganci v podob\u011b propl\u00e9tan\u00e9 vesty s minimalistick\u00fdm zdoben\u00edm dopl\u0148uj\u00ed le\u017e\u00e9rn\u00ed kalhoty s kapsami. Noste kousek p\u0159\u00edrody, kter\u00fd ocen\u00edte po mnoho let.<\/p>\n","protected":false},"featured_media":5431,"comment_status":"closed","ping_status":"closed","template":"","meta":{"_acf_changed":false},"product_cat":[199],"product_tag":[],"class_list":{"0":"post-4523","1":"product","2":"type-product","3":"status-publish","4":"has-post-thumbnail","6":"product_cat-sady","8":"first","9":"onbackorder","10":"sold-individually","11":"taxable","12":"shipping-taxable","13":"purchasable","14":"product-type-simple"},"acf":[],"_links":{"self":[{"href":"https:\/\/maisonvindt.com\/cs\/wp-json\/wp\/v2\/product\/4523"}],"collection":[{"href":"https:\/\/maisonvindt.com\/cs\/wp-json\/wp\/v2\/product"}],"about":[{"href":"https:\/\/maisonvindt.com\/cs\/wp-json\/wp\/v2\/types\/product"}],"replies":[{"embeddable":true,"href":"https:\/\/maisonvindt.com\/cs\/wp-json\/wp\/v2\/comments?post=4523"}],"wp:featuredmedia":[{"embeddable":true,"href":"https:\/\/maisonvindt.com\/cs\/wp-json\/wp\/v2\/media\/5431"}],"wp:attachment":[{"href":"https:\/\/maisonvindt.com\/cs\/wp-json\/wp\/v2\/media?parent=4523"}],"wp:term":[{"taxonomy":"product_cat","embeddable":true,"href":"https:\/\/maisonvindt.com\/cs\/wp-json\/wp\/v2\/product_cat?post=4523"},{"taxonomy":"product_tag","embeddable":true,"href":"https:\/\/maisonvindt.com\/cs\/wp-json\/wp\/v2\/product_tag?post=4523"}],"curies":[{"name":"wp","href":"https:\/\/api.w.org\/{rel}","templated":true}]}}