{"id":4540,"date":"2023-03-23T16:35:30","date_gmt":"2023-03-23T15:35:30","guid":{"rendered":"https:\/\/maisonvindt.com\/product\/violetove-saty\/"},"modified":"2023-03-23T16:35:30","modified_gmt":"2023-03-23T15:35:30","slug":"violetove-saty","status":"publish","type":"product","link":"https:\/\/maisonvindt.com\/cs\/produkt\/violetove-saty\/","title":{"rendered":"VIOLETOV\u00c9 \u0161aty"},"content":{"rendered":"<p>Hedv\u00e1bn\u00e9 fialov\u00e9 \u0161aty v neobvykl\u00e9 lila fialovomodr\u00e9 barv\u011b. Univerz\u00e1ln\u00ed \u00e1\u010dkov\u00fd st\u0159ih, ruk\u00e1vy a spodn\u00ed \u010d\u00e1st \u0161at\u016f zdoben\u00e9 krajkou. Oble\u010dte si je pro ka\u017edou p\u0159\u00edle\u017eitost a u\u017e\u00edvejte si \u017eivot ve velk\u00e9m stylu se sv\u00fdm d\u00edt\u011btem. Pro pohodln\u00e9 kojen\u00ed jsme do \u0161v\u016f vlo\u017eili neviditeln\u00e9 zipy. Tyto \u0161aty m\u016f\u017eete snadno o\u017eivit tak\u00e9 dopl\u0148ky. P\u0159es ramena si p\u0159eho\u010fte ko\u017eenou nebo d\u017e\u00ednovou bundu a obujte si k nim tenisky nebo vysok\u00e9 boty. Fantazii se meze nekladou.<\/p>\n","protected":false},"excerpt":{"rendered":"<p>Hedv\u00e1bn\u00e9 fialov\u00e9 \u0161aty v neobvykl\u00e9 lila fialovomodr\u00e9 barv\u011b. Univerz\u00e1ln\u00ed \u00e1\u010dkov\u00fd st\u0159ih, ruk\u00e1vy a spodn\u00ed \u010d\u00e1st \u0161at\u016f zdoben\u00e9 krajkou. Oble\u010dte si je pro ka\u017edou p\u0159\u00edle\u017eitost a u\u017e\u00edvejte si \u017eivot ve velk\u00e9m stylu se sv\u00fdm d\u00edt\u011btem. Pro pohodln\u00e9 kojen\u00ed jsme do \u0161v\u016f vlo\u017eili neviditeln\u00e9 zipy. Tyto \u0161aty m\u016f\u017eete snadno o\u017eivit tak\u00e9 dopl\u0148ky. P\u0159es ramena si p\u0159eho\u010fte ko\u017eenou [&hellip;]<\/p>\n","protected":false},"featured_media":5005,"comment_status":"closed","ping_status":"closed","template":"","meta":{"_acf_changed":false},"product_cat":[169],"product_tag":[],"class_list":{"0":"post-4540","1":"product","2":"type-product","3":"status-publish","4":"has-post-thumbnail","6":"product_cat-saty-cs-2","8":"first","9":"instock","10":"taxable","11":"shipping-taxable","12":"purchasable","13":"product-type-simple"},"acf":[],"_links":{"self":[{"href":"https:\/\/maisonvindt.com\/cs\/wp-json\/wp\/v2\/product\/4540"}],"collection":[{"href":"https:\/\/maisonvindt.com\/cs\/wp-json\/wp\/v2\/product"}],"about":[{"href":"https:\/\/maisonvindt.com\/cs\/wp-json\/wp\/v2\/types\/product"}],"replies":[{"embeddable":true,"href":"https:\/\/maisonvindt.com\/cs\/wp-json\/wp\/v2\/comments?post=4540"}],"wp:featuredmedia":[{"embeddable":true,"href":"https:\/\/maisonvindt.com\/cs\/wp-json\/wp\/v2\/media\/5005"}],"wp:attachment":[{"href":"https:\/\/maisonvindt.com\/cs\/wp-json\/wp\/v2\/media?parent=4540"}],"wp:term":[{"taxonomy":"product_cat","embeddable":true,"href":"https:\/\/maisonvindt.com\/cs\/wp-json\/wp\/v2\/product_cat?post=4540"},{"taxonomy":"product_tag","embeddable":true,"href":"https:\/\/maisonvindt.com\/cs\/wp-json\/wp\/v2\/product_tag?post=4540"}],"curies":[{"name":"wp","href":"https:\/\/api.w.org\/{rel}","templated":true}]}}