{"id":4550,"date":"2023-03-23T16:35:30","date_gmt":"2023-03-23T15:35:30","guid":{"rendered":"https:\/\/maisonvindt.com\/product\/saty-sakura\/"},"modified":"2023-03-23T16:35:30","modified_gmt":"2023-03-23T15:35:30","slug":"saty-sakura","status":"publish","type":"product","link":"https:\/\/maisonvindt.com\/cs\/produkt\/saty-sakura\/","title":{"rendered":"\u0160aty SAKURA"},"content":{"rendered":"<p>Bo\u017esk\u00e9 \u0161aty Sakura v pohodln\u00e9m \u00e1\u010dkov\u00e9m st\u0159ihu. Netradi\u010dn\u00ed vodorovn\u00e9 rozparky na p\u0159edn\u00ed a zadn\u00ed stran\u011b \u0161at\u016f, skryt\u00e9 kapsy a vzdu\u0161n\u00fd mu\u0161el\u00ednov\u00fd l\u00edmec. V \u0161atech Sakura se budete c\u00edtit jako bohyn\u011b, a\u0165 u\u017e se budete proch\u00e1zet po pl\u00e1\u017ei, pop\u00edjet k\u00e1vu ve m\u011bst\u011b nebo vystupovat na ve\u010d\u00edrku. A v\u00fdjime\u010dn\u00fd pocit pohodl\u00ed v nich za\u017eijete, i kdy\u017e koj\u00edte. Pod mu\u0161el\u00ednov\u00fdm l\u00edmcem m\u00e1me nen\u00e1padn\u011b skryt\u00e9 praktick\u00e9 zipy pro pohodln\u00e9 kojen\u00ed.<\/p>\n","protected":false},"excerpt":{"rendered":"<p>Bo\u017esk\u00e9 \u0161aty Sakura v pohodln\u00e9m \u00e1\u010dkov\u00e9m st\u0159ihu. Netradi\u010dn\u00ed vodorovn\u00e9 rozparky na p\u0159edn\u00ed a zadn\u00ed stran\u011b \u0161at\u016f, skryt\u00e9 kapsy a vzdu\u0161n\u00fd mu\u0161el\u00ednov\u00fd l\u00edmec. V \u0161atech Sakura se budete c\u00edtit jako bohyn\u011b, a\u0165 u\u017e se budete proch\u00e1zet po pl\u00e1\u017ei, pop\u00edjet k\u00e1vu ve m\u011bst\u011b nebo vystupovat na ve\u010d\u00edrku. A v\u00fdjime\u010dn\u00fd pocit pohodl\u00ed v nich za\u017eijete, i kdy\u017e koj\u00edte. [&hellip;]<\/p>\n","protected":false},"featured_media":5234,"comment_status":"closed","ping_status":"closed","template":"","meta":{"_acf_changed":false},"product_cat":[169],"product_tag":[],"class_list":{"0":"post-4550","1":"product","2":"type-product","3":"status-publish","4":"has-post-thumbnail","6":"product_cat-saty-cs-2","8":"first","9":"instock","10":"taxable","11":"shipping-taxable","12":"purchasable","13":"product-type-simple"},"acf":[],"_links":{"self":[{"href":"https:\/\/maisonvindt.com\/cs\/wp-json\/wp\/v2\/product\/4550"}],"collection":[{"href":"https:\/\/maisonvindt.com\/cs\/wp-json\/wp\/v2\/product"}],"about":[{"href":"https:\/\/maisonvindt.com\/cs\/wp-json\/wp\/v2\/types\/product"}],"replies":[{"embeddable":true,"href":"https:\/\/maisonvindt.com\/cs\/wp-json\/wp\/v2\/comments?post=4550"}],"wp:featuredmedia":[{"embeddable":true,"href":"https:\/\/maisonvindt.com\/cs\/wp-json\/wp\/v2\/media\/5234"}],"wp:attachment":[{"href":"https:\/\/maisonvindt.com\/cs\/wp-json\/wp\/v2\/media?parent=4550"}],"wp:term":[{"taxonomy":"product_cat","embeddable":true,"href":"https:\/\/maisonvindt.com\/cs\/wp-json\/wp\/v2\/product_cat?post=4550"},{"taxonomy":"product_tag","embeddable":true,"href":"https:\/\/maisonvindt.com\/cs\/wp-json\/wp\/v2\/product_tag?post=4550"}],"curies":[{"name":"wp","href":"https:\/\/api.w.org\/{rel}","templated":true}]}}